{"id":14421,"date":"2024-03-19T10:55:57","date_gmt":"2024-03-19T09:55:57","guid":{"rendered":"https:\/\/greenchemicals.eu\/gc-recycling\/additifs-pour-le-recyclage\/"},"modified":"2024-09-24T15:21:31","modified_gmt":"2024-09-24T13:21:31","slug":"additifs-pour-le-recyclage","status":"publish","type":"page","link":"https:\/\/greenchemicals.eu\/fr\/gc-recycling\/additifs-pour-le-recyclage\/","title":{"rendered":"Additifs pour le recyclage"},"content":{"rendered":"\t\t<div data-elementor-type=\"wp-page\" data-elementor-id=\"14421\" class=\"elementor elementor-14421 elementor-7986\" data-elementor-post-type=\"page\">\n\t\t\t\t<div class=\"has_eae_slider elementor-element elementor-element-a097205 e-flex e-con-boxed e-con e-parent\" data-eae-slider=\"37953\" data-id=\"a097205\" data-element_type=\"container\" data-settings=\"{&quot;background_background&quot;:&quot;classic&quot;}\">\n\t\t\t\t\t<div class=\"e-con-inner\">\n\t\t\t\t<div class=\"elementor-element elementor-element-2fba573 elementor-align-right elementor-mobile-align-center elementor-widget elementor-widget-breadcrumbs\" data-id=\"2fba573\" data-element_type=\"widget\" data-widget_type=\"breadcrumbs.default\">\n\t\t\t\t<div class=\"elementor-widget-container\">\n\t\t\t\t\t<p id=\"breadcrumbs\"><span><span><a href=\"https:\/\/greenchemicals.eu\/fr\/\">Home<\/a><\/span><\/span><\/p>\t\t\t\t<\/div>\n\t\t\t\t<\/div>\n\t\t\t\t\t<\/div>\n\t\t\t\t<\/div>\n\t\t<div class=\"has_eae_slider elementor-element elementor-element-195a532 e-flex e-con-boxed e-con e-parent\" data-eae-slider=\"60582\" data-id=\"195a532\" data-element_type=\"container\" data-settings=\"{&quot;background_background&quot;:&quot;classic&quot;}\">\n\t\t\t\t\t<div class=\"e-con-inner\">\n\t\t<div class=\"has_eae_slider elementor-element elementor-element-25cee37 e-con-full e-flex e-con e-child\" data-eae-slider=\"34486\" data-id=\"25cee37\" data-element_type=\"container\">\n\t\t\t\t<div class=\"elementor-element elementor-element-a785839 elementor-widget elementor-widget-heading\" data-id=\"a785839\" data-element_type=\"widget\" data-widget_type=\"heading.default\">\n\t\t\t\t<div class=\"elementor-widget-container\">\n\t\t\t\t\t<h1 class=\"elementor-heading-title elementor-size-default\">Additifs pour le recyclage<\/h1>\t\t\t\t<\/div>\n\t\t\t\t<\/div>\n\t\t\t\t<div class=\"elementor-element elementor-element-55c6602 testo_categoria elementor-widget elementor-widget-text-editor\" data-id=\"55c6602\" data-element_type=\"widget\" data-widget_type=\"text-editor.default\">\n\t\t\t\t<div class=\"elementor-widget-container\">\n\t\t\t\t\t\t\t\t\t<p>Greenchemicals a d\u00e9velopp\u00e9 des solutions innovantes pour soutenir le processus de recyclage.<\/p>\n<p>L&rsquo;utilisation de stabilisateurs et d&rsquo;additifs qui \u00e9liminent la pr\u00e9sence de substances probl\u00e9matiques dans les polym\u00e8res recyclables permet un recyclage plus efficace, pr\u00e9servant \u00e0 la fois le polym\u00e8re et les structures o\u00f9 se d\u00e9roule le processus de recyclage.<\/p>\n\t\t\t\t\t\t\t\t<\/div>\n\t\t\t\t<\/div>\n\t\t\t\t<\/div>\n\t\t\t\t\t<\/div>\n\t\t\t\t<\/div>\n\t\t<div class=\"has_eae_slider elementor-element elementor-element-fae7db0 e-grid e-con-boxed e-con e-parent\" data-eae-slider=\"36404\" data-id=\"fae7db0\" data-element_type=\"container\">\n\t\t\t\t\t<div class=\"e-con-inner\">\n\t\t<a class=\"has_eae_slider elementor-element elementor-element-e5861fc e-flex e-con-boxed e-con e-child\" data-eae-slider=\"84187\" data-id=\"e5861fc\" data-element_type=\"container\" data-settings=\"{&quot;background_background&quot;:&quot;classic&quot;}\" href=\"https:\/\/greenchemicals.eu\/it\/gc-recycling\/additivi-per-il-riciclo\/ps-con-habc-come-ritardante-di-fiamma\/\">\n\t\t\t\t\t<div class=\"e-con-inner\">\n\t\t\t\t<div class=\"elementor-element elementor-element-ebba8cd titolo-box-additives elementor-widget elementor-widget-heading\" data-id=\"ebba8cd\" data-element_type=\"widget\" data-widget_type=\"heading.default\">\n\t\t\t\t<div class=\"elementor-widget-container\">\n\t\t\t\t\t<span class=\"elementor-heading-title elementor-size-default\">PS avec HABC comme retardateur de flamme<\/span>\t\t\t\t<\/div>\n\t\t\t\t<\/div>\n\t\t\t\t\t<\/div>\n\t\t\t\t<\/a>\n\t\t<a class=\"has_eae_slider elementor-element elementor-element-47eecba e-flex e-con-boxed e-con e-child\" data-eae-slider=\"88566\" data-id=\"47eecba\" data-element_type=\"container\" data-settings=\"{&quot;background_background&quot;:&quot;classic&quot;}\" href=\"https:\/\/greenchemicals.eu\/fr\/ps-sans-hbcd\/\">\n\t\t\t\t\t<div class=\"e-con-inner\">\n\t\t\t\t<div class=\"elementor-element elementor-element-bb9045c titolo-box-additives elementor-widget elementor-widget-heading\" data-id=\"bb9045c\" data-element_type=\"widget\" data-widget_type=\"heading.default\">\n\t\t\t\t<div class=\"elementor-widget-container\">\n\t\t\t\t\t<span class=\"elementor-heading-title elementor-size-default\">PS sans HBCD<\/span>\t\t\t\t<\/div>\n\t\t\t\t<\/div>\n\t\t\t\t\t<\/div>\n\t\t\t\t<\/a>\n\t\t<a class=\"has_eae_slider elementor-element elementor-element-b289bab e-flex e-con-boxed e-con e-child\" data-eae-slider=\"43655\" data-id=\"b289bab\" data-element_type=\"container\" data-settings=\"{&quot;background_background&quot;:&quot;classic&quot;}\" href=\"https:\/\/greenchemicals.eu\/fr\/po-avec-retardateurs-de-flamme-bromes\/\">\n\t\t\t\t\t<div class=\"e-con-inner\">\n\t\t\t\t<div class=\"elementor-element elementor-element-dc32050 titolo-box-additives elementor-widget elementor-widget-heading\" data-id=\"dc32050\" data-element_type=\"widget\" data-widget_type=\"heading.default\">\n\t\t\t\t<div class=\"elementor-widget-container\">\n\t\t\t\t\t<span class=\"elementor-heading-title elementor-size-default\">PO avec retardateurs de flamme brom\u00e9s<\/span>\t\t\t\t<\/div>\n\t\t\t\t<\/div>\n\t\t\t\t\t<\/div>\n\t\t\t\t<\/a>\n\t\t<a class=\"has_eae_slider elementor-element elementor-element-f822129 e-flex e-con-boxed e-con e-child\" data-eae-slider=\"84575\" data-id=\"f822129\" data-element_type=\"container\" data-settings=\"{&quot;background_background&quot;:&quot;classic&quot;}\" href=\"\/fr\/recyclage-gc\/additifs-pour-le-recyclage\/po-sans-retardateurs-de-%20flamme-brom\u00e9s\/\">\n\t\t\t\t\t<div class=\"e-con-inner\">\n\t\t\t\t<div class=\"elementor-element elementor-element-10b22a5 titolo-box-additives elementor-widget elementor-widget-heading\" data-id=\"10b22a5\" data-element_type=\"widget\" data-widget_type=\"heading.default\">\n\t\t\t\t<div class=\"elementor-widget-container\">\n\t\t\t\t\t<span class=\"elementor-heading-title elementor-size-default\">PO sans retardateurs de flamme brom\u00e9s<\/span>\t\t\t\t<\/div>\n\t\t\t\t<\/div>\n\t\t\t\t\t<\/div>\n\t\t\t\t<\/a>\n\t\t<a class=\"has_eae_slider elementor-element elementor-element-89fa6f0 e-flex e-con-boxed e-con e-child\" data-eae-slider=\"84398\" data-id=\"89fa6f0\" data-element_type=\"container\" data-settings=\"{&quot;background_background&quot;:&quot;classic&quot;}\" href=\"https:\/\/greenchemicals.eu\/fr\/pa-avec-retardateurs-de-flamme-bromes\/\">\n\t\t\t\t\t<div class=\"e-con-inner\">\n\t\t\t\t<div class=\"elementor-element elementor-element-ed513a5 titolo-box-additives elementor-widget elementor-widget-heading\" data-id=\"ed513a5\" data-element_type=\"widget\" data-widget_type=\"heading.default\">\n\t\t\t\t<div class=\"elementor-widget-container\">\n\t\t\t\t\t<span class=\"elementor-heading-title elementor-size-default\">PA avec retardateurs de flamme brom\u00e9s<\/span>\t\t\t\t<\/div>\n\t\t\t\t<\/div>\n\t\t\t\t\t<\/div>\n\t\t\t\t<\/a>\n\t\t<a class=\"has_eae_slider elementor-element elementor-element-6c8a297 e-flex e-con-boxed e-con e-child\" data-eae-slider=\"64453\" data-id=\"6c8a297\" data-element_type=\"container\" data-settings=\"{&quot;background_background&quot;:&quot;classic&quot;}\" href=\"https:\/\/greenchemicals.eu\/fr\/pa-sans-retardateurs-de-flamme-bromes\/\">\n\t\t\t\t\t<div class=\"e-con-inner\">\n\t\t\t\t<div class=\"elementor-element elementor-element-65548f2 titolo-box-additives elementor-widget elementor-widget-heading\" data-id=\"65548f2\" data-element_type=\"widget\" data-widget_type=\"heading.default\">\n\t\t\t\t<div class=\"elementor-widget-container\">\n\t\t\t\t\t<span class=\"elementor-heading-title elementor-size-default\">PA sans retardateurs de flamme brom\u00e9s<\/span>\t\t\t\t<\/div>\n\t\t\t\t<\/div>\n\t\t\t\t\t<\/div>\n\t\t\t\t<\/a>\n\t\t<a class=\"has_eae_slider elementor-element elementor-element-f97af37 e-flex e-con-boxed e-con e-child\" data-eae-slider=\"72691\" data-id=\"f97af37\" data-element_type=\"container\" data-settings=\"{&quot;background_background&quot;:&quot;classic&quot;}\" href=\"https:\/\/greenchemicals.eu\/fr\/abs-avec-retardateurs-de-flamme-bromes\/\">\n\t\t\t\t\t<div class=\"e-con-inner\">\n\t\t\t\t<div class=\"elementor-element elementor-element-53f2125 titolo-box-additives elementor-widget elementor-widget-heading\" data-id=\"53f2125\" data-element_type=\"widget\" data-widget_type=\"heading.default\">\n\t\t\t\t<div class=\"elementor-widget-container\">\n\t\t\t\t\t<span class=\"elementor-heading-title elementor-size-default\">ABS avec retardateurs de flamme brom\u00e9s<\/span>\t\t\t\t<\/div>\n\t\t\t\t<\/div>\n\t\t\t\t\t<\/div>\n\t\t\t\t<\/a>\n\t\t<a class=\"has_eae_slider elementor-element elementor-element-60ec2ac e-flex e-con-boxed e-con e-child\" data-eae-slider=\"64277\" data-id=\"60ec2ac\" data-element_type=\"container\" data-settings=\"{&quot;background_background&quot;:&quot;classic&quot;}\" href=\"https:\/\/greenchemicals.eu\/fr\/abs-sans-retardateurs-de-flamme-bromes\/\">\n\t\t\t\t\t<div class=\"e-con-inner\">\n\t\t\t\t<div class=\"elementor-element elementor-element-9a2a9fb titolo-box-additives elementor-widget elementor-widget-heading\" data-id=\"9a2a9fb\" data-element_type=\"widget\" data-widget_type=\"heading.default\">\n\t\t\t\t<div class=\"elementor-widget-container\">\n\t\t\t\t\t<span class=\"elementor-heading-title elementor-size-default\">ABS sans retardateurs de flamme brom\u00e9s<\/span>\t\t\t\t<\/div>\n\t\t\t\t<\/div>\n\t\t\t\t\t<\/div>\n\t\t\t\t<\/a>\n\t\t<a class=\"has_eae_slider elementor-element elementor-element-d37588c e-flex e-con-boxed e-con e-child\" data-eae-slider=\"50317\" data-id=\"d37588c\" data-element_type=\"container\" data-settings=\"{&quot;background_background&quot;:&quot;classic&quot;}\" href=\"https:\/\/greenchemicals.eu\/fr\/nouveaux-produits\/\">\n\t\t\t\t\t<div class=\"e-con-inner\">\n\t\t\t\t<div class=\"elementor-element elementor-element-5c173e0 titolo-box-additives elementor-widget elementor-widget-heading\" data-id=\"5c173e0\" data-element_type=\"widget\" data-widget_type=\"heading.default\">\n\t\t\t\t<div class=\"elementor-widget-container\">\n\t\t\t\t\t<span class=\"elementor-heading-title elementor-size-default\">Nouveaux produits<\/span>\t\t\t\t<\/div>\n\t\t\t\t<\/div>\n\t\t\t\t\t<\/div>\n\t\t\t\t<\/a>\n\t\t<a class=\"has_eae_slider elementor-element elementor-element-fef9586 e-flex e-con-boxed e-con e-child\" data-eae-slider=\"91258\" data-id=\"fef9586\" data-element_type=\"container\" data-settings=\"{&quot;background_background&quot;:&quot;classic&quot;}\" href=\"https:\/\/greenchemicals.eu\/fr\/anti-odeur\/\">\n\t\t\t\t\t<div class=\"e-con-inner\">\n\t\t\t\t<div class=\"elementor-element elementor-element-ff670d7 titolo-box-additives elementor-widget elementor-widget-heading\" data-id=\"ff670d7\" data-element_type=\"widget\" data-widget_type=\"heading.default\">\n\t\t\t\t<div class=\"elementor-widget-container\">\n\t\t\t\t\t<span class=\"elementor-heading-title elementor-size-default\">Anti-odeur<\/span>\t\t\t\t<\/div>\n\t\t\t\t<\/div>\n\t\t\t\t\t<\/div>\n\t\t\t\t<\/a>\n\t\t\t\t\t<\/div>\n\t\t\t\t<\/div>\n\t\t\t\t<\/div>\n\t\t","protected":false},"excerpt":{"rendered":"<p>Additifs pour le recyclage Greenchemicals a d\u00e9velopp\u00e9 des solutions innovantes pour soutenir le processus de recyclage. L&rsquo;utilisation de stabilisateurs et d&rsquo;additifs qui \u00e9liminent la pr\u00e9sence de substances probl\u00e9matiques dans les polym\u00e8res recyclables permet un recyclage plus efficace, pr\u00e9servant \u00e0 la fois le polym\u00e8re et les structures o\u00f9 se d\u00e9roule le processus de recyclage. PS avec [&hellip;]<\/p>\n","protected":false},"author":2,"featured_media":0,"parent":14240,"menu_order":0,"comment_status":"closed","ping_status":"closed","template":"","meta":{"_acf_changed":false,"footnotes":""},"class_list":["post-14421","page","type-page","status-publish","hentry"],"acf":[],"yoast_head":"<!-- This site is optimized with the Yoast SEO plugin v26.6 - https:\/\/yoast.com\/wordpress\/plugins\/seo\/ -->\n<title>Additifs pour le recyclage - Greenchemicals<\/title>\n<meta name=\"robots\" content=\"index, follow, max-snippet:-1, max-image-preview:large, max-video-preview:-1\" \/>\n<link rel=\"canonical\" href=\"https:\/\/greenchemicals.eu\/fr\/gc-recycling\/additifs-pour-le-recyclage\/\" \/>\n<meta property=\"og:locale\" content=\"fr_FR\" \/>\n<meta property=\"og:type\" content=\"article\" \/>\n<meta property=\"og:title\" content=\"Additifs pour le recyclage - Greenchemicals\" \/>\n<meta property=\"og:description\" content=\"Additifs pour le recyclage Greenchemicals a d\u00e9velopp\u00e9 des solutions innovantes pour soutenir le processus de recyclage. L&rsquo;utilisation de stabilisateurs et d&rsquo;additifs qui \u00e9liminent la pr\u00e9sence de substances probl\u00e9matiques dans les polym\u00e8res recyclables permet un recyclage plus efficace, pr\u00e9servant \u00e0 la fois le polym\u00e8re et les structures o\u00f9 se d\u00e9roule le processus de recyclage. PS avec [&hellip;]\" \/>\n<meta property=\"og:url\" content=\"https:\/\/greenchemicals.eu\/fr\/gc-recycling\/additifs-pour-le-recyclage\/\" \/>\n<meta property=\"og:site_name\" content=\"Greenchemicals\" \/>\n<meta property=\"article:modified_time\" content=\"2024-09-24T13:21:31+00:00\" \/>\n<meta name=\"twitter:card\" content=\"summary_large_image\" \/>\n<meta name=\"twitter:label1\" content=\"Dur\u00e9e de lecture estim\u00e9e\" \/>\n\t<meta name=\"twitter:data1\" content=\"1 minute\" \/>\n<script type=\"application\/ld+json\" class=\"yoast-schema-graph\">{\"@context\":\"https:\/\/schema.org\",\"@graph\":[{\"@type\":\"WebPage\",\"@id\":\"https:\/\/greenchemicals.eu\/fr\/gc-recycling\/additifs-pour-le-recyclage\/\",\"url\":\"https:\/\/greenchemicals.eu\/fr\/gc-recycling\/additifs-pour-le-recyclage\/\",\"name\":\"Additifs pour le recyclage - Greenchemicals\",\"isPartOf\":{\"@id\":\"https:\/\/greenchemicals.eu\/fr\/#website\"},\"datePublished\":\"2024-03-19T09:55:57+00:00\",\"dateModified\":\"2024-09-24T13:21:31+00:00\",\"breadcrumb\":{\"@id\":\"https:\/\/greenchemicals.eu\/fr\/gc-recycling\/additifs-pour-le-recyclage\/#breadcrumb\"},\"inLanguage\":\"fr-FR\",\"potentialAction\":[{\"@type\":\"ReadAction\",\"target\":[\"https:\/\/greenchemicals.eu\/fr\/gc-recycling\/additifs-pour-le-recyclage\/\"]}]},{\"@type\":\"BreadcrumbList\",\"@id\":\"https:\/\/greenchemicals.eu\/fr\/gc-recycling\/additifs-pour-le-recyclage\/#breadcrumb\",\"itemListElement\":[{\"@type\":\"ListItem\",\"position\":1,\"name\":\"Home\",\"item\":\"https:\/\/greenchemicals.eu\/fr\/\"},{\"@type\":\"ListItem\",\"position\":2,\"name\":\"GC RECYCLING\",\"item\":\"https:\/\/greenchemicals.eu\/fr\/gc-recycling\/\"},{\"@type\":\"ListItem\",\"position\":3,\"name\":\"Additifs pour le recyclage\"}]},{\"@type\":\"WebSite\",\"@id\":\"https:\/\/greenchemicals.eu\/fr\/#website\",\"url\":\"https:\/\/greenchemicals.eu\/fr\/\",\"name\":\"Greenchemicals\",\"description\":\"\",\"publisher\":{\"@id\":\"https:\/\/greenchemicals.eu\/fr\/#organization\"},\"potentialAction\":[{\"@type\":\"SearchAction\",\"target\":{\"@type\":\"EntryPoint\",\"urlTemplate\":\"https:\/\/greenchemicals.eu\/fr\/?s={search_term_string}\"},\"query-input\":{\"@type\":\"PropertyValueSpecification\",\"valueRequired\":true,\"valueName\":\"search_term_string\"}}],\"inLanguage\":\"fr-FR\"},{\"@type\":\"Organization\",\"@id\":\"https:\/\/greenchemicals.eu\/fr\/#organization\",\"name\":\"Greenchemicals\",\"url\":\"https:\/\/greenchemicals.eu\/fr\/\",\"logo\":{\"@type\":\"ImageObject\",\"inLanguage\":\"fr-FR\",\"@id\":\"https:\/\/greenchemicals.eu\/fr\/#\/schema\/logo\/image\/\",\"url\":\"https:\/\/greenchemicals.eu\/wp-content\/uploads\/2025\/10\/logo-1.png\",\"contentUrl\":\"https:\/\/greenchemicals.eu\/wp-content\/uploads\/2025\/10\/logo-1.png\",\"width\":1087,\"height\":235,\"caption\":\"Greenchemicals\"},\"image\":{\"@id\":\"https:\/\/greenchemicals.eu\/fr\/#\/schema\/logo\/image\/\"}}]}<\/script>\n<!-- \/ Yoast SEO plugin. -->","yoast_head_json":{"title":"Additifs pour le recyclage - Greenchemicals","robots":{"index":"index","follow":"follow","max-snippet":"max-snippet:-1","max-image-preview":"max-image-preview:large","max-video-preview":"max-video-preview:-1"},"canonical":"https:\/\/greenchemicals.eu\/fr\/gc-recycling\/additifs-pour-le-recyclage\/","og_locale":"fr_FR","og_type":"article","og_title":"Additifs pour le recyclage - Greenchemicals","og_description":"Additifs pour le recyclage Greenchemicals a d\u00e9velopp\u00e9 des solutions innovantes pour soutenir le processus de recyclage. L&rsquo;utilisation de stabilisateurs et d&rsquo;additifs qui \u00e9liminent la pr\u00e9sence de substances probl\u00e9matiques dans les polym\u00e8res recyclables permet un recyclage plus efficace, pr\u00e9servant \u00e0 la fois le polym\u00e8re et les structures o\u00f9 se d\u00e9roule le processus de recyclage. PS avec [&hellip;]","og_url":"https:\/\/greenchemicals.eu\/fr\/gc-recycling\/additifs-pour-le-recyclage\/","og_site_name":"Greenchemicals","article_modified_time":"2024-09-24T13:21:31+00:00","twitter_card":"summary_large_image","twitter_misc":{"Dur\u00e9e de lecture estim\u00e9e":"1 minute"},"schema":{"@context":"https:\/\/schema.org","@graph":[{"@type":"WebPage","@id":"https:\/\/greenchemicals.eu\/fr\/gc-recycling\/additifs-pour-le-recyclage\/","url":"https:\/\/greenchemicals.eu\/fr\/gc-recycling\/additifs-pour-le-recyclage\/","name":"Additifs pour le recyclage - Greenchemicals","isPartOf":{"@id":"https:\/\/greenchemicals.eu\/fr\/#website"},"datePublished":"2024-03-19T09:55:57+00:00","dateModified":"2024-09-24T13:21:31+00:00","breadcrumb":{"@id":"https:\/\/greenchemicals.eu\/fr\/gc-recycling\/additifs-pour-le-recyclage\/#breadcrumb"},"inLanguage":"fr-FR","potentialAction":[{"@type":"ReadAction","target":["https:\/\/greenchemicals.eu\/fr\/gc-recycling\/additifs-pour-le-recyclage\/"]}]},{"@type":"BreadcrumbList","@id":"https:\/\/greenchemicals.eu\/fr\/gc-recycling\/additifs-pour-le-recyclage\/#breadcrumb","itemListElement":[{"@type":"ListItem","position":1,"name":"Home","item":"https:\/\/greenchemicals.eu\/fr\/"},{"@type":"ListItem","position":2,"name":"GC RECYCLING","item":"https:\/\/greenchemicals.eu\/fr\/gc-recycling\/"},{"@type":"ListItem","position":3,"name":"Additifs pour le recyclage"}]},{"@type":"WebSite","@id":"https:\/\/greenchemicals.eu\/fr\/#website","url":"https:\/\/greenchemicals.eu\/fr\/","name":"Greenchemicals","description":"","publisher":{"@id":"https:\/\/greenchemicals.eu\/fr\/#organization"},"potentialAction":[{"@type":"SearchAction","target":{"@type":"EntryPoint","urlTemplate":"https:\/\/greenchemicals.eu\/fr\/?s={search_term_string}"},"query-input":{"@type":"PropertyValueSpecification","valueRequired":true,"valueName":"search_term_string"}}],"inLanguage":"fr-FR"},{"@type":"Organization","@id":"https:\/\/greenchemicals.eu\/fr\/#organization","name":"Greenchemicals","url":"https:\/\/greenchemicals.eu\/fr\/","logo":{"@type":"ImageObject","inLanguage":"fr-FR","@id":"https:\/\/greenchemicals.eu\/fr\/#\/schema\/logo\/image\/","url":"https:\/\/greenchemicals.eu\/wp-content\/uploads\/2025\/10\/logo-1.png","contentUrl":"https:\/\/greenchemicals.eu\/wp-content\/uploads\/2025\/10\/logo-1.png","width":1087,"height":235,"caption":"Greenchemicals"},"image":{"@id":"https:\/\/greenchemicals.eu\/fr\/#\/schema\/logo\/image\/"}}]}},"_links":{"self":[{"href":"https:\/\/greenchemicals.eu\/fr\/wp-json\/wp\/v2\/pages\/14421","targetHints":{"allow":["GET"]}}],"collection":[{"href":"https:\/\/greenchemicals.eu\/fr\/wp-json\/wp\/v2\/pages"}],"about":[{"href":"https:\/\/greenchemicals.eu\/fr\/wp-json\/wp\/v2\/types\/page"}],"author":[{"embeddable":true,"href":"https:\/\/greenchemicals.eu\/fr\/wp-json\/wp\/v2\/users\/2"}],"replies":[{"embeddable":true,"href":"https:\/\/greenchemicals.eu\/fr\/wp-json\/wp\/v2\/comments?post=14421"}],"version-history":[{"count":3,"href":"https:\/\/greenchemicals.eu\/fr\/wp-json\/wp\/v2\/pages\/14421\/revisions"}],"predecessor-version":[{"id":15153,"href":"https:\/\/greenchemicals.eu\/fr\/wp-json\/wp\/v2\/pages\/14421\/revisions\/15153"}],"up":[{"embeddable":true,"href":"https:\/\/greenchemicals.eu\/fr\/wp-json\/wp\/v2\/pages\/14240"}],"wp:attachment":[{"href":"https:\/\/greenchemicals.eu\/fr\/wp-json\/wp\/v2\/media?parent=14421"}],"curies":[{"name":"wp","href":"https:\/\/api.w.org\/{rel}","templated":true}]}}