{"id":14240,"date":"2024-03-01T13:44:58","date_gmt":"2024-03-01T12:44:58","guid":{"rendered":"https:\/\/greenchemicals.eu\/gc-recycling\/"},"modified":"2024-09-24T15:21:32","modified_gmt":"2024-09-24T13:21:32","slug":"gc-recycling","status":"publish","type":"page","link":"https:\/\/greenchemicals.eu\/fr\/gc-recycling\/","title":{"rendered":"GC RECYCLING"},"content":{"rendered":"\t\t<div data-elementor-type=\"wp-page\" data-elementor-id=\"14240\" class=\"elementor elementor-14240 elementor-7954\" data-elementor-post-type=\"page\">\n\t\t\t\t<div class=\"has_eae_slider elementor-element elementor-element-a097205 e-flex e-con-boxed e-con e-parent\" data-eae-slider=\"41111\" data-id=\"a097205\" data-element_type=\"container\" data-settings=\"{&quot;background_background&quot;:&quot;classic&quot;}\">\n\t\t\t\t\t<div class=\"e-con-inner\">\n\t\t\t\t<div class=\"elementor-element elementor-element-2fba573 elementor-align-right elementor-mobile-align-center elementor-widget elementor-widget-breadcrumbs\" data-id=\"2fba573\" data-element_type=\"widget\" data-widget_type=\"breadcrumbs.default\">\n\t\t\t\t<div class=\"elementor-widget-container\">\n\t\t\t\t\t<p id=\"breadcrumbs\"><span><span><a href=\"https:\/\/greenchemicals.eu\/fr\/\">Home<\/a><\/span><\/span><\/p>\t\t\t\t<\/div>\n\t\t\t\t<\/div>\n\t\t\t\t\t<\/div>\n\t\t\t\t<\/div>\n\t\t<div class=\"has_eae_slider elementor-element elementor-element-195a532 e-flex e-con-boxed e-con e-parent\" data-eae-slider=\"32289\" data-id=\"195a532\" data-element_type=\"container\" data-settings=\"{&quot;background_background&quot;:&quot;classic&quot;}\">\n\t\t\t\t\t<div class=\"e-con-inner\">\n\t\t<div class=\"has_eae_slider elementor-element elementor-element-25cee37 e-con-full e-flex e-con e-child\" data-eae-slider=\"50543\" data-id=\"25cee37\" data-element_type=\"container\">\n\t\t\t\t<div class=\"elementor-element elementor-element-a785839 elementor-widget elementor-widget-heading\" data-id=\"a785839\" data-element_type=\"widget\" data-widget_type=\"heading.default\">\n\t\t\t\t<div class=\"elementor-widget-container\">\n\t\t\t\t\t<h1 class=\"elementor-heading-title elementor-size-default\">Greenchemicals recycling<\/h1>\t\t\t\t<\/div>\n\t\t\t\t<\/div>\n\t\t\t\t<div class=\"elementor-element elementor-element-55c6602 testo_categoria elementor-widget elementor-widget-text-editor\" data-id=\"55c6602\" data-element_type=\"widget\" data-widget_type=\"text-editor.default\">\n\t\t\t\t<div class=\"elementor-widget-container\">\n\t\t\t\t\t\t\t\t\t<p>Greenchemicals, conform\u00e9ment \u00e0 sa philosophie verte, a \u00e9tudi\u00e9 une s\u00e9rie de solutions innovantes pour soutenir les processus de recyclage. L&rsquo;utilisation d&rsquo;additifs qui permettent l&rsquo;\u00e9limination des substances ind\u00e9sirables pr\u00e9sentes dans les polym\u00e8res \u00e0 recycler est une aide concr\u00e8te pour tous les recycleurs, permettant des processus plus fluides, la conservation des polym\u00e8res et m\u00eame la protection des machines.<\/p>\n\t\t\t\t\t\t\t\t<\/div>\n\t\t\t\t<\/div>\n\t\t\t\t<\/div>\n\t\t\t\t\t<\/div>\n\t\t\t\t<\/div>\n\t\t<div class=\"has_eae_slider elementor-element elementor-element-af2106a e-flex e-con-boxed e-con e-parent\" data-eae-slider=\"70182\" data-id=\"af2106a\" data-element_type=\"container\">\n\t\t\t\t\t<div class=\"e-con-inner\">\n\t\t\t\t<div class=\"elementor-element elementor-element-00edd88 elementor-widget elementor-widget-image\" data-id=\"00edd88\" data-element_type=\"widget\" data-widget_type=\"image.default\">\n\t\t\t\t<div class=\"elementor-widget-container\">\n\t\t\t\t\t\t\t\t\t\t\t\t\t\t\t<img fetchpriority=\"high\" decoding=\"async\" width=\"365\" height=\"167\" src=\"https:\/\/greenchemicals.eu\/wp-content\/uploads\/2024\/03\/gc-recypling-logo.jpg\" class=\"attachment-large size-large wp-image-14269\" alt=\"\" srcset=\"https:\/\/greenchemicals.eu\/wp-content\/uploads\/2024\/03\/gc-recypling-logo.jpg 365w, https:\/\/greenchemicals.eu\/wp-content\/uploads\/2024\/03\/gc-recypling-logo-300x137.jpg 300w\" sizes=\"(max-width: 365px) 100vw, 365px\" \/>\t\t\t\t\t\t\t\t\t\t\t\t\t\t\t<\/div>\n\t\t\t\t<\/div>\n\t\t\t\t\t<\/div>\n\t\t\t\t<\/div>\n\t\t<div class=\"has_eae_slider elementor-element elementor-element-fd77379 e-flex e-con-boxed e-con e-parent\" data-eae-slider=\"27997\" data-id=\"fd77379\" data-element_type=\"container\">\n\t\t\t\t\t<div class=\"e-con-inner\">\n\t\t<div class=\"has_eae_slider elementor-element elementor-element-d1e98be e-con-full e-flex e-con e-child\" data-eae-slider=\"88342\" data-id=\"d1e98be\" data-element_type=\"container\">\n\t\t\t\t<\/div>\n\t\t<div class=\"has_eae_slider elementor-element elementor-element-e6e8ed1 e-con-full e-flex e-con e-child\" data-eae-slider=\"36098\" data-id=\"e6e8ed1\" data-element_type=\"container\">\n\t\t<a class=\"has_eae_slider elementor-element elementor-element-e5861fc e-flex e-con-boxed e-con e-child\" data-eae-slider=\"3378\" data-id=\"e5861fc\" data-element_type=\"container\" data-settings=\"{&quot;background_background&quot;:&quot;classic&quot;}\" href=\"https:\/\/greenchemicals.eu\/it\/gc-recycling\/additivi-per-il-riciclo\/\">\n\t\t\t\t\t<div class=\"e-con-inner\">\n\t\t\t\t<div class=\"elementor-element elementor-element-6285d00 elementor-widget elementor-widget-image\" data-id=\"6285d00\" data-element_type=\"widget\" data-widget_type=\"image.default\">\n\t\t\t\t<div class=\"elementor-widget-container\">\n\t\t\t\t\t\t\t\t\t\t\t\t\t\t\t<img decoding=\"async\" width=\"426\" height=\"249\" src=\"https:\/\/greenchemicals.eu\/wp-content\/uploads\/2024\/03\/Additives-for-recycling-greenchemical.jpg\" class=\"attachment-full size-full wp-image-14273\" alt=\"\" srcset=\"https:\/\/greenchemicals.eu\/wp-content\/uploads\/2024\/03\/Additives-for-recycling-greenchemical.jpg 426w, https:\/\/greenchemicals.eu\/wp-content\/uploads\/2024\/03\/Additives-for-recycling-greenchemical-300x175.jpg 300w\" sizes=\"(max-width: 426px) 100vw, 426px\" \/>\t\t\t\t\t\t\t\t\t\t\t\t\t\t\t<\/div>\n\t\t\t\t<\/div>\n\t\t\t\t<div class=\"elementor-element elementor-element-ebba8cd elementor-widget elementor-widget-heading\" data-id=\"ebba8cd\" data-element_type=\"widget\" data-widget_type=\"heading.default\">\n\t\t\t\t<div class=\"elementor-widget-container\">\n\t\t\t\t\t<h2 class=\"elementor-heading-title elementor-size-default\">Additifs pour le recyclage<\/h2>\t\t\t\t<\/div>\n\t\t\t\t<\/div>\n\t\t\t\t<div class=\"elementor-element elementor-element-a567a25 elementor-widget elementor-widget-text-editor\" data-id=\"a567a25\" data-element_type=\"widget\" data-widget_type=\"text-editor.default\">\n\t\t\t\t<div class=\"elementor-widget-container\">\n\t\t\t\t\t\t\t\t\t<p>Greenchemicals a d\u00e9velopp\u00e9 des solutions innovantes pour faciliter le processus de recyclage.\u00a0<\/p>\n\t\t\t\t\t\t\t\t<\/div>\n\t\t\t\t<\/div>\n\t\t\t\t\t<\/div>\n\t\t\t\t<\/a>\n\t\t\t\t<\/div>\n\t\t<div class=\"has_eae_slider elementor-element elementor-element-8a56cb9 e-con-full e-flex e-con e-child\" data-eae-slider=\"1616\" data-id=\"8a56cb9\" data-element_type=\"container\">\n\t\t<a class=\"has_eae_slider elementor-element elementor-element-147db71 e-flex e-con-boxed e-con e-child\" data-eae-slider=\"60459\" data-id=\"147db71\" data-element_type=\"container\" data-settings=\"{&quot;background_background&quot;:&quot;classic&quot;}\" href=\"https:\/\/greenchemicals.eu\/fr\/?attachment_id=11109\">\n\t\t\t\t\t<div class=\"e-con-inner\">\n\t\t\t\t<div class=\"elementor-element elementor-element-fdf514f elementor-widget elementor-widget-image\" data-id=\"fdf514f\" data-element_type=\"widget\" data-widget_type=\"image.default\">\n\t\t\t\t<div class=\"elementor-widget-container\">\n\t\t\t\t\t\t\t\t\t\t\t\t\t\t\t<img decoding=\"async\" width=\"426\" height=\"249\" src=\"https:\/\/greenchemicals.eu\/wp-content\/uploads\/2024\/03\/GC-Olpet-greenchemical.jpg\" class=\"attachment-full size-full wp-image-14271\" alt=\"\" srcset=\"https:\/\/greenchemicals.eu\/wp-content\/uploads\/2024\/03\/GC-Olpet-greenchemical.jpg 426w, https:\/\/greenchemicals.eu\/wp-content\/uploads\/2024\/03\/GC-Olpet-greenchemical-300x175.jpg 300w\" sizes=\"(max-width: 426px) 100vw, 426px\" \/>\t\t\t\t\t\t\t\t\t\t\t\t\t\t\t<\/div>\n\t\t\t\t<\/div>\n\t\t\t\t<div class=\"elementor-element elementor-element-de40ec6 elementor-widget elementor-widget-heading\" data-id=\"de40ec6\" data-element_type=\"widget\" data-widget_type=\"heading.default\">\n\t\t\t\t<div class=\"elementor-widget-container\">\n\t\t\t\t\t<h2 class=\"elementor-heading-title elementor-size-default\">GC OLPET<\/h2>\t\t\t\t<\/div>\n\t\t\t\t<\/div>\n\t\t\t\t<div class=\"elementor-element elementor-element-73ec46a elementor-widget elementor-widget-text-editor\" data-id=\"73ec46a\" data-element_type=\"widget\" data-widget_type=\"text-editor.default\">\n\t\t\t\t<div class=\"elementor-widget-container\">\n\t\t\t\t\t\t\t\t\t<p>\u00c0 partir de flocons de PET, Greenchemicals a d\u00e9velopp\u00e9 un proc\u00e9d\u00e9 de recyclage chimico-m\u00e9canique&#8230;<\/p>\n\t\t\t\t\t\t\t\t<\/div>\n\t\t\t\t<\/div>\n\t\t\t\t\t<\/div>\n\t\t\t\t<\/a>\n\t\t\t\t<\/div>\n\t\t<div class=\"has_eae_slider elementor-element elementor-element-e23df66 e-con-full e-flex e-con e-child\" data-eae-slider=\"14855\" data-id=\"e23df66\" data-element_type=\"container\">\n\t\t\t\t<\/div>\n\t\t\t\t\t<\/div>\n\t\t\t\t<\/div>\n\t\t\t\t<\/div>\n\t\t","protected":false},"excerpt":{"rendered":"<p>Greenchemicals recycling Greenchemicals, conform\u00e9ment \u00e0 sa philosophie verte, a \u00e9tudi\u00e9 une s\u00e9rie de solutions innovantes pour soutenir les processus de recyclage. L&rsquo;utilisation d&rsquo;additifs qui permettent l&rsquo;\u00e9limination des substances ind\u00e9sirables pr\u00e9sentes dans les polym\u00e8res \u00e0 recycler est une aide concr\u00e8te pour tous les recycleurs, permettant des processus plus fluides, la conservation des polym\u00e8res et m\u00eame la [&hellip;]<\/p>\n","protected":false},"author":2,"featured_media":0,"parent":0,"menu_order":0,"comment_status":"closed","ping_status":"closed","template":"","meta":{"_acf_changed":false,"footnotes":""},"class_list":["post-14240","page","type-page","status-publish","hentry"],"acf":[],"yoast_head":"<!-- This site is optimized with the Yoast SEO plugin v26.6 - https:\/\/yoast.com\/wordpress\/plugins\/seo\/ -->\n<title>GC RECYCLING - Greenchemicals<\/title>\n<meta name=\"robots\" content=\"index, follow, max-snippet:-1, max-image-preview:large, max-video-preview:-1\" \/>\n<link rel=\"canonical\" href=\"https:\/\/greenchemicals.eu\/fr\/gc-recycling\/\" \/>\n<meta property=\"og:locale\" content=\"fr_FR\" \/>\n<meta property=\"og:type\" content=\"article\" \/>\n<meta property=\"og:title\" content=\"GC RECYCLING - Greenchemicals\" \/>\n<meta property=\"og:description\" content=\"Greenchemicals recycling Greenchemicals, conform\u00e9ment \u00e0 sa philosophie verte, a \u00e9tudi\u00e9 une s\u00e9rie de solutions innovantes pour soutenir les processus de recyclage. L&rsquo;utilisation d&rsquo;additifs qui permettent l&rsquo;\u00e9limination des substances ind\u00e9sirables pr\u00e9sentes dans les polym\u00e8res \u00e0 recycler est une aide concr\u00e8te pour tous les recycleurs, permettant des processus plus fluides, la conservation des polym\u00e8res et m\u00eame la [&hellip;]\" \/>\n<meta property=\"og:url\" content=\"https:\/\/greenchemicals.eu\/fr\/gc-recycling\/\" \/>\n<meta property=\"og:site_name\" content=\"Greenchemicals\" \/>\n<meta property=\"article:modified_time\" content=\"2024-09-24T13:21:32+00:00\" \/>\n<meta property=\"og:image\" content=\"https:\/\/greenchemicals.eu\/wp-content\/uploads\/2024\/03\/gc-recypling-logo.jpg\" \/>\n<meta name=\"twitter:card\" content=\"summary_large_image\" \/>\n<meta name=\"twitter:label1\" content=\"Dur\u00e9e de lecture estim\u00e9e\" \/>\n\t<meta name=\"twitter:data1\" content=\"1 minute\" \/>\n<script type=\"application\/ld+json\" class=\"yoast-schema-graph\">{\"@context\":\"https:\/\/schema.org\",\"@graph\":[{\"@type\":\"WebPage\",\"@id\":\"https:\/\/greenchemicals.eu\/fr\/gc-recycling\/\",\"url\":\"https:\/\/greenchemicals.eu\/fr\/gc-recycling\/\",\"name\":\"GC RECYCLING - Greenchemicals\",\"isPartOf\":{\"@id\":\"https:\/\/greenchemicals.eu\/fr\/#website\"},\"primaryImageOfPage\":{\"@id\":\"https:\/\/greenchemicals.eu\/fr\/gc-recycling\/#primaryimage\"},\"image\":{\"@id\":\"https:\/\/greenchemicals.eu\/fr\/gc-recycling\/#primaryimage\"},\"thumbnailUrl\":\"https:\/\/greenchemicals.eu\/wp-content\/uploads\/2024\/03\/gc-recypling-logo.jpg\",\"datePublished\":\"2024-03-01T12:44:58+00:00\",\"dateModified\":\"2024-09-24T13:21:32+00:00\",\"breadcrumb\":{\"@id\":\"https:\/\/greenchemicals.eu\/fr\/gc-recycling\/#breadcrumb\"},\"inLanguage\":\"fr-FR\",\"potentialAction\":[{\"@type\":\"ReadAction\",\"target\":[\"https:\/\/greenchemicals.eu\/fr\/gc-recycling\/\"]}]},{\"@type\":\"ImageObject\",\"inLanguage\":\"fr-FR\",\"@id\":\"https:\/\/greenchemicals.eu\/fr\/gc-recycling\/#primaryimage\",\"url\":\"https:\/\/greenchemicals.eu\/wp-content\/uploads\/2024\/03\/gc-recypling-logo.jpg\",\"contentUrl\":\"https:\/\/greenchemicals.eu\/wp-content\/uploads\/2024\/03\/gc-recypling-logo.jpg\"},{\"@type\":\"BreadcrumbList\",\"@id\":\"https:\/\/greenchemicals.eu\/fr\/gc-recycling\/#breadcrumb\",\"itemListElement\":[{\"@type\":\"ListItem\",\"position\":1,\"name\":\"Home\",\"item\":\"https:\/\/greenchemicals.eu\/fr\/\"},{\"@type\":\"ListItem\",\"position\":2,\"name\":\"GC RECYCLING\"}]},{\"@type\":\"WebSite\",\"@id\":\"https:\/\/greenchemicals.eu\/fr\/#website\",\"url\":\"https:\/\/greenchemicals.eu\/fr\/\",\"name\":\"Greenchemicals\",\"description\":\"\",\"publisher\":{\"@id\":\"https:\/\/greenchemicals.eu\/fr\/#organization\"},\"potentialAction\":[{\"@type\":\"SearchAction\",\"target\":{\"@type\":\"EntryPoint\",\"urlTemplate\":\"https:\/\/greenchemicals.eu\/fr\/?s={search_term_string}\"},\"query-input\":{\"@type\":\"PropertyValueSpecification\",\"valueRequired\":true,\"valueName\":\"search_term_string\"}}],\"inLanguage\":\"fr-FR\"},{\"@type\":\"Organization\",\"@id\":\"https:\/\/greenchemicals.eu\/fr\/#organization\",\"name\":\"Greenchemicals\",\"url\":\"https:\/\/greenchemicals.eu\/fr\/\",\"logo\":{\"@type\":\"ImageObject\",\"inLanguage\":\"fr-FR\",\"@id\":\"https:\/\/greenchemicals.eu\/fr\/#\/schema\/logo\/image\/\",\"url\":\"https:\/\/greenchemicals.eu\/wp-content\/uploads\/2025\/10\/logo-1.png\",\"contentUrl\":\"https:\/\/greenchemicals.eu\/wp-content\/uploads\/2025\/10\/logo-1.png\",\"width\":1087,\"height\":235,\"caption\":\"Greenchemicals\"},\"image\":{\"@id\":\"https:\/\/greenchemicals.eu\/fr\/#\/schema\/logo\/image\/\"}}]}<\/script>\n<!-- \/ Yoast SEO plugin. -->","yoast_head_json":{"title":"GC RECYCLING - Greenchemicals","robots":{"index":"index","follow":"follow","max-snippet":"max-snippet:-1","max-image-preview":"max-image-preview:large","max-video-preview":"max-video-preview:-1"},"canonical":"https:\/\/greenchemicals.eu\/fr\/gc-recycling\/","og_locale":"fr_FR","og_type":"article","og_title":"GC RECYCLING - Greenchemicals","og_description":"Greenchemicals recycling Greenchemicals, conform\u00e9ment \u00e0 sa philosophie verte, a \u00e9tudi\u00e9 une s\u00e9rie de solutions innovantes pour soutenir les processus de recyclage. L&rsquo;utilisation d&rsquo;additifs qui permettent l&rsquo;\u00e9limination des substances ind\u00e9sirables pr\u00e9sentes dans les polym\u00e8res \u00e0 recycler est une aide concr\u00e8te pour tous les recycleurs, permettant des processus plus fluides, la conservation des polym\u00e8res et m\u00eame la [&hellip;]","og_url":"https:\/\/greenchemicals.eu\/fr\/gc-recycling\/","og_site_name":"Greenchemicals","article_modified_time":"2024-09-24T13:21:32+00:00","og_image":[{"url":"https:\/\/greenchemicals.eu\/wp-content\/uploads\/2024\/03\/gc-recypling-logo.jpg","type":"","width":"","height":""}],"twitter_card":"summary_large_image","twitter_misc":{"Dur\u00e9e de lecture estim\u00e9e":"1 minute"},"schema":{"@context":"https:\/\/schema.org","@graph":[{"@type":"WebPage","@id":"https:\/\/greenchemicals.eu\/fr\/gc-recycling\/","url":"https:\/\/greenchemicals.eu\/fr\/gc-recycling\/","name":"GC RECYCLING - Greenchemicals","isPartOf":{"@id":"https:\/\/greenchemicals.eu\/fr\/#website"},"primaryImageOfPage":{"@id":"https:\/\/greenchemicals.eu\/fr\/gc-recycling\/#primaryimage"},"image":{"@id":"https:\/\/greenchemicals.eu\/fr\/gc-recycling\/#primaryimage"},"thumbnailUrl":"https:\/\/greenchemicals.eu\/wp-content\/uploads\/2024\/03\/gc-recypling-logo.jpg","datePublished":"2024-03-01T12:44:58+00:00","dateModified":"2024-09-24T13:21:32+00:00","breadcrumb":{"@id":"https:\/\/greenchemicals.eu\/fr\/gc-recycling\/#breadcrumb"},"inLanguage":"fr-FR","potentialAction":[{"@type":"ReadAction","target":["https:\/\/greenchemicals.eu\/fr\/gc-recycling\/"]}]},{"@type":"ImageObject","inLanguage":"fr-FR","@id":"https:\/\/greenchemicals.eu\/fr\/gc-recycling\/#primaryimage","url":"https:\/\/greenchemicals.eu\/wp-content\/uploads\/2024\/03\/gc-recypling-logo.jpg","contentUrl":"https:\/\/greenchemicals.eu\/wp-content\/uploads\/2024\/03\/gc-recypling-logo.jpg"},{"@type":"BreadcrumbList","@id":"https:\/\/greenchemicals.eu\/fr\/gc-recycling\/#breadcrumb","itemListElement":[{"@type":"ListItem","position":1,"name":"Home","item":"https:\/\/greenchemicals.eu\/fr\/"},{"@type":"ListItem","position":2,"name":"GC RECYCLING"}]},{"@type":"WebSite","@id":"https:\/\/greenchemicals.eu\/fr\/#website","url":"https:\/\/greenchemicals.eu\/fr\/","name":"Greenchemicals","description":"","publisher":{"@id":"https:\/\/greenchemicals.eu\/fr\/#organization"},"potentialAction":[{"@type":"SearchAction","target":{"@type":"EntryPoint","urlTemplate":"https:\/\/greenchemicals.eu\/fr\/?s={search_term_string}"},"query-input":{"@type":"PropertyValueSpecification","valueRequired":true,"valueName":"search_term_string"}}],"inLanguage":"fr-FR"},{"@type":"Organization","@id":"https:\/\/greenchemicals.eu\/fr\/#organization","name":"Greenchemicals","url":"https:\/\/greenchemicals.eu\/fr\/","logo":{"@type":"ImageObject","inLanguage":"fr-FR","@id":"https:\/\/greenchemicals.eu\/fr\/#\/schema\/logo\/image\/","url":"https:\/\/greenchemicals.eu\/wp-content\/uploads\/2025\/10\/logo-1.png","contentUrl":"https:\/\/greenchemicals.eu\/wp-content\/uploads\/2025\/10\/logo-1.png","width":1087,"height":235,"caption":"Greenchemicals"},"image":{"@id":"https:\/\/greenchemicals.eu\/fr\/#\/schema\/logo\/image\/"}}]}},"_links":{"self":[{"href":"https:\/\/greenchemicals.eu\/fr\/wp-json\/wp\/v2\/pages\/14240","targetHints":{"allow":["GET"]}}],"collection":[{"href":"https:\/\/greenchemicals.eu\/fr\/wp-json\/wp\/v2\/pages"}],"about":[{"href":"https:\/\/greenchemicals.eu\/fr\/wp-json\/wp\/v2\/types\/page"}],"author":[{"embeddable":true,"href":"https:\/\/greenchemicals.eu\/fr\/wp-json\/wp\/v2\/users\/2"}],"replies":[{"embeddable":true,"href":"https:\/\/greenchemicals.eu\/fr\/wp-json\/wp\/v2\/comments?post=14240"}],"version-history":[{"count":3,"href":"https:\/\/greenchemicals.eu\/fr\/wp-json\/wp\/v2\/pages\/14240\/revisions"}],"predecessor-version":[{"id":15175,"href":"https:\/\/greenchemicals.eu\/fr\/wp-json\/wp\/v2\/pages\/14240\/revisions\/15175"}],"wp:attachment":[{"href":"https:\/\/greenchemicals.eu\/fr\/wp-json\/wp\/v2\/media?parent=14240"}],"curies":[{"name":"wp","href":"https:\/\/api.w.org\/{rel}","templated":true}]}}