{"id":14211,"date":"2024-03-19T10:51:40","date_gmt":"2024-03-19T09:51:40","guid":{"rendered":"https:\/\/greenchemicals.eu\/gc-olpet\/"},"modified":"2024-09-24T15:21:16","modified_gmt":"2024-09-24T13:21:16","slug":"gc-olpet","status":"publish","type":"page","link":"https:\/\/greenchemicals.eu\/fr\/gc-recycling\/gc-olpet\/","title":{"rendered":"GC Olpet"},"content":{"rendered":"\t\t<div data-elementor-type=\"wp-page\" data-elementor-id=\"14211\" class=\"elementor elementor-14211 elementor-8114\" data-elementor-post-type=\"page\">\n\t\t\t\t<div class=\"has_eae_slider elementor-element elementor-element-a097205 e-flex e-con-boxed e-con e-parent\" data-eae-slider=\"54413\" data-id=\"a097205\" data-element_type=\"container\" data-settings=\"{&quot;background_background&quot;:&quot;classic&quot;}\">\n\t\t\t\t\t<div class=\"e-con-inner\">\n\t\t\t\t<div class=\"elementor-element elementor-element-2fba573 elementor-align-right elementor-mobile-align-center elementor-widget elementor-widget-breadcrumbs\" data-id=\"2fba573\" data-element_type=\"widget\" data-widget_type=\"breadcrumbs.default\">\n\t\t\t\t<div class=\"elementor-widget-container\">\n\t\t\t\t\t<p id=\"breadcrumbs\"><span><span><a href=\"https:\/\/greenchemicals.eu\/fr\/\">Home<\/a><\/span><\/span><\/p>\t\t\t\t<\/div>\n\t\t\t\t<\/div>\n\t\t\t\t\t<\/div>\n\t\t\t\t<\/div>\n\t\t<div class=\"has_eae_slider elementor-element elementor-element-195a532 e-flex e-con-boxed e-con e-parent\" data-eae-slider=\"78515\" data-id=\"195a532\" data-element_type=\"container\" data-settings=\"{&quot;background_background&quot;:&quot;classic&quot;}\">\n\t\t\t\t\t<div class=\"e-con-inner\">\n\t\t<div class=\"has_eae_slider elementor-element elementor-element-25cee37 e-con-full e-flex e-con e-child\" data-eae-slider=\"16606\" data-id=\"25cee37\" data-element_type=\"container\">\n\t\t\t\t<div class=\"elementor-element elementor-element-a785839 elementor-widget elementor-widget-heading\" data-id=\"a785839\" data-element_type=\"widget\" data-widget_type=\"heading.default\">\n\t\t\t\t<div class=\"elementor-widget-container\">\n\t\t\t\t\t<h1 class=\"elementor-heading-title elementor-size-default\">GC OLPET<\/h1>\t\t\t\t<\/div>\n\t\t\t\t<\/div>\n\t\t\t\t<div class=\"elementor-element elementor-element-55c6602 testo_categoria elementor-widget elementor-widget-text-editor\" data-id=\"55c6602\" data-element_type=\"widget\" data-widget_type=\"text-editor.default\">\n\t\t\t\t<div class=\"elementor-widget-container\">\n\t\t\t\t\t\t\t\t\t<p>\u00c0 partir de flocons de PET, Greenchemicals a d\u00e9velopp\u00e9 un processus de recyclage chimico-m\u00e9canique qui permet la production d&rsquo;un polyol de polyester enti\u00e8rement \u00e9cologique, utilisable comme mati\u00e8re premi\u00e8re dans l&rsquo;industrie du polyur\u00e9thane. Ce syst\u00e8me innovant permet un processus continu et des \u00e9conomies d&rsquo;\u00e9nergie significatives par rapport au syst\u00e8me chimique traditionnel.<\/p>\n<p>\u00a0<\/p>\n\t\t\t\t\t\t\t\t<\/div>\n\t\t\t\t<\/div>\n\t\t\t\t<\/div>\n\t\t\t\t\t<\/div>\n\t\t\t\t<\/div>\n\t\t<div class=\"has_eae_slider elementor-element elementor-element-a569e16 e-flex e-con-boxed e-con e-parent\" data-eae-slider=\"60513\" data-id=\"a569e16\" data-element_type=\"container\">\n\t\t\t\t\t<div class=\"e-con-inner\">\n\t\t<div class=\"has_eae_slider elementor-element elementor-element-7a9c10d e-con-full e-flex e-con e-child\" data-eae-slider=\"50402\" data-id=\"7a9c10d\" data-element_type=\"container\">\n\t\t\t\t<div class=\"elementor-element elementor-element-077d3e2 elementor-widget elementor-widget-image\" data-id=\"077d3e2\" data-element_type=\"widget\" data-widget_type=\"image.default\">\n\t\t\t\t<div class=\"elementor-widget-container\">\n\t\t\t\t\t\t\t\t\t\t\t\t\t\t\t<img fetchpriority=\"high\" decoding=\"async\" width=\"800\" height=\"566\" src=\"https:\/\/greenchemicals.eu\/wp-content\/uploads\/2024\/04\/ciclo-OLPET1-1024x724.jpg\" class=\"attachment-large size-large wp-image-14217\" alt=\"\" srcset=\"https:\/\/greenchemicals.eu\/wp-content\/uploads\/2024\/04\/ciclo-OLPET1-1024x724.jpg 1024w, https:\/\/greenchemicals.eu\/wp-content\/uploads\/2024\/04\/ciclo-OLPET1-300x212.jpg 300w, https:\/\/greenchemicals.eu\/wp-content\/uploads\/2024\/04\/ciclo-OLPET1-768x543.jpg 768w, https:\/\/greenchemicals.eu\/wp-content\/uploads\/2024\/04\/ciclo-OLPET1-1536x1086.jpg 1536w, https:\/\/greenchemicals.eu\/wp-content\/uploads\/2024\/04\/ciclo-OLPET1-600x424.jpg 600w, https:\/\/greenchemicals.eu\/wp-content\/uploads\/2024\/04\/ciclo-OLPET1.jpg 1800w\" sizes=\"(max-width: 800px) 100vw, 800px\" \/>\t\t\t\t\t\t\t\t\t\t\t\t\t\t\t<\/div>\n\t\t\t\t<\/div>\n\t\t\t\t<\/div>\n\t\t<div class=\"has_eae_slider elementor-element elementor-element-2483c06 e-con-full e-flex e-con e-child\" data-eae-slider=\"85491\" data-id=\"2483c06\" data-element_type=\"container\">\n\t\t\t\t<div class=\"elementor-element elementor-element-52fecc8 elementor-widget elementor-widget-heading\" data-id=\"52fecc8\" data-element_type=\"widget\" data-widget_type=\"heading.default\">\n\t\t\t\t<div class=\"elementor-widget-container\">\n\t\t\t\t\t<span class=\"elementor-heading-title elementor-size-default\">SOLUTIONS POUR LE RECYCLAGE DES PLASTIQUES<\/span>\t\t\t\t<\/div>\n\t\t\t\t<\/div>\n\t\t\t\t<div class=\"elementor-element elementor-element-71fb217 elementor-widget elementor-widget-heading\" data-id=\"71fb217\" data-element_type=\"widget\" data-widget_type=\"heading.default\">\n\t\t\t\t<div class=\"elementor-widget-container\">\n\t\t\t\t\t<h2 class=\"elementor-heading-title elementor-size-default\">Recyclage chimique\/m\u00e9canique<\/h2>\t\t\t\t<\/div>\n\t\t\t\t<\/div>\n\t\t\t\t<div class=\"elementor-element elementor-element-cf2dc75 elementor-widget elementor-widget-text-editor\" data-id=\"cf2dc75\" data-element_type=\"widget\" data-widget_type=\"text-editor.default\">\n\t\t\t\t<div class=\"elementor-widget-container\">\n\t\t\t\t\t\t\t\t\t<p>Greenchemicals a construit la premi\u00e8re USINE DE D\u00c9POLYM\u00c9RISATION DU PET, combinant les technologies du recyclage chimique et m\u00e9canique et \u00e0 partir des \u00e9cailles sales provenant directement de la d\u00e9charge.<\/p>\n<p>Le produit r\u00e9sultant est un OLIGO-POLYOL DE POLYESTER qui peut avoir de multiples applications (PU, adh\u00e9sifs, rev\u00eatements, peintures) et appel\u00e9 GC OLPET.<\/p>\n\t\t\t\t\t\t\t\t<\/div>\n\t\t\t\t<\/div>\n\t\t\t\t<\/div>\n\t\t\t\t\t<\/div>\n\t\t\t\t<\/div>\n\t\t<div class=\"has_eae_slider elementor-element elementor-element-bd335ca e-flex e-con-boxed e-con e-parent\" data-eae-slider=\"97854\" data-id=\"bd335ca\" data-element_type=\"container\">\n\t\t\t\t\t<div class=\"e-con-inner\">\n\t\t<div class=\"has_eae_slider elementor-element elementor-element-5e25d09 e-con-full e-flex e-con e-child\" data-eae-slider=\"47693\" data-id=\"5e25d09\" data-element_type=\"container\">\n\t\t\t\t<\/div>\n\t\t<div class=\"has_eae_slider elementor-element elementor-element-294f942 e-con-full e-flex e-con e-child\" data-eae-slider=\"27895\" data-id=\"294f942\" data-element_type=\"container\">\n\t\t<a class=\"has_eae_slider elementor-element elementor-element-e5861fc e-flex e-con-boxed e-con e-child\" data-eae-slider=\"19549\" data-id=\"e5861fc\" data-element_type=\"container\" data-settings=\"{&quot;background_background&quot;:&quot;classic&quot;}\" href=\"#elementor-action%3Aaction%3Dpopup%3Aopen%26settings%3DeyJpZCI6NjMwOSwidG9nZ2xlIjpmYWxzZX0%3D\">\n\t\t\t\t\t<div class=\"e-con-inner\">\n\t\t\t\t<div class=\"elementor-element elementor-element-ebba8cd elementor-widget elementor-widget-heading\" data-id=\"ebba8cd\" data-element_type=\"widget\" data-widget_type=\"heading.default\">\n\t\t\t\t<div class=\"elementor-widget-container\">\n\t\t\t\t\t<h2 class=\"elementor-heading-title elementor-size-default\">D\u00c9COUVREZ NOTRE PROCESSUS<\/h2>\t\t\t\t<\/div>\n\t\t\t\t<\/div>\n\t\t\t\t\t<\/div>\n\t\t\t\t<\/a>\n\t\t\t\t<\/div>\n\t\t<div class=\"has_eae_slider elementor-element elementor-element-e6832fd e-con-full e-flex e-con e-child\" data-eae-slider=\"67056\" data-id=\"e6832fd\" data-element_type=\"container\">\n\t\t<a class=\"has_eae_slider elementor-element elementor-element-147db71 e-flex e-con-boxed e-con e-child\" data-eae-slider=\"82803\" data-id=\"147db71\" data-element_type=\"container\" data-settings=\"{&quot;background_background&quot;:&quot;classic&quot;}\" href=\"https:\/\/greenchemicals.eu\/it\/contatti\/\">\n\t\t\t\t\t<div class=\"e-con-inner\">\n\t\t\t\t<div class=\"elementor-element elementor-element-de40ec6 elementor-widget elementor-widget-heading\" data-id=\"de40ec6\" data-element_type=\"widget\" data-widget_type=\"heading.default\">\n\t\t\t\t<div class=\"elementor-widget-container\">\n\t\t\t\t\t<h2 class=\"elementor-heading-title elementor-size-default\">CONTACTEZ-NOUS POUR PLUS D'INFORMATIONS<\/h2>\t\t\t\t<\/div>\n\t\t\t\t<\/div>\n\t\t\t\t\t<\/div>\n\t\t\t\t<\/a>\n\t\t\t\t<\/div>\n\t\t<div class=\"has_eae_slider elementor-element elementor-element-a917367 e-con-full e-flex e-con e-child\" data-eae-slider=\"37829\" data-id=\"a917367\" data-element_type=\"container\">\n\t\t\t\t<\/div>\n\t\t\t\t\t<\/div>\n\t\t\t\t<\/div>\n\t\t\t\t<\/div>\n\t\t","protected":false},"excerpt":{"rendered":"<p>GC OLPET \u00c0 partir de flocons de PET, Greenchemicals a d\u00e9velopp\u00e9 un processus de recyclage chimico-m\u00e9canique qui permet la production d&rsquo;un polyol de polyester enti\u00e8rement \u00e9cologique, utilisable comme mati\u00e8re premi\u00e8re dans l&rsquo;industrie du polyur\u00e9thane. Ce syst\u00e8me innovant permet un processus continu et des \u00e9conomies d&rsquo;\u00e9nergie significatives par rapport au syst\u00e8me chimique traditionnel. \u00a0 SOLUTIONS POUR [&hellip;]<\/p>\n","protected":false},"author":2,"featured_media":0,"parent":14240,"menu_order":0,"comment_status":"closed","ping_status":"closed","template":"","meta":{"_acf_changed":false,"footnotes":""},"class_list":["post-14211","page","type-page","status-publish","hentry"],"acf":[],"yoast_head":"<!-- This site is optimized with the Yoast SEO plugin v26.6 - https:\/\/yoast.com\/wordpress\/plugins\/seo\/ -->\n<title>GC Olpet - Greenchemicals<\/title>\n<meta name=\"robots\" content=\"index, follow, max-snippet:-1, max-image-preview:large, max-video-preview:-1\" \/>\n<link rel=\"canonical\" href=\"https:\/\/greenchemicals.eu\/fr\/gc-recycling\/gc-olpet\/\" \/>\n<meta property=\"og:locale\" content=\"fr_FR\" \/>\n<meta property=\"og:type\" content=\"article\" \/>\n<meta property=\"og:title\" content=\"GC Olpet - Greenchemicals\" \/>\n<meta property=\"og:description\" content=\"GC OLPET \u00c0 partir de flocons de PET, Greenchemicals a d\u00e9velopp\u00e9 un processus de recyclage chimico-m\u00e9canique qui permet la production d&rsquo;un polyol de polyester enti\u00e8rement \u00e9cologique, utilisable comme mati\u00e8re premi\u00e8re dans l&rsquo;industrie du polyur\u00e9thane. Ce syst\u00e8me innovant permet un processus continu et des \u00e9conomies d&rsquo;\u00e9nergie significatives par rapport au syst\u00e8me chimique traditionnel. \u00a0 SOLUTIONS POUR [&hellip;]\" \/>\n<meta property=\"og:url\" content=\"https:\/\/greenchemicals.eu\/fr\/gc-recycling\/gc-olpet\/\" \/>\n<meta property=\"og:site_name\" content=\"Greenchemicals\" \/>\n<meta property=\"article:modified_time\" content=\"2024-09-24T13:21:16+00:00\" \/>\n<meta property=\"og:image\" content=\"https:\/\/greenchemicals.eu\/wp-content\/uploads\/2024\/04\/ciclo-OLPET1-1024x724.jpg\" \/>\n<meta name=\"twitter:card\" content=\"summary_large_image\" \/>\n<meta name=\"twitter:label1\" content=\"Dur\u00e9e de lecture estim\u00e9e\" \/>\n\t<meta name=\"twitter:data1\" content=\"1 minute\" \/>\n<script type=\"application\/ld+json\" class=\"yoast-schema-graph\">{\"@context\":\"https:\/\/schema.org\",\"@graph\":[{\"@type\":\"WebPage\",\"@id\":\"https:\/\/greenchemicals.eu\/fr\/gc-recycling\/gc-olpet\/\",\"url\":\"https:\/\/greenchemicals.eu\/fr\/gc-recycling\/gc-olpet\/\",\"name\":\"GC Olpet - Greenchemicals\",\"isPartOf\":{\"@id\":\"https:\/\/greenchemicals.eu\/fr\/#website\"},\"primaryImageOfPage\":{\"@id\":\"https:\/\/greenchemicals.eu\/fr\/gc-recycling\/gc-olpet\/#primaryimage\"},\"image\":{\"@id\":\"https:\/\/greenchemicals.eu\/fr\/gc-recycling\/gc-olpet\/#primaryimage\"},\"thumbnailUrl\":\"https:\/\/greenchemicals.eu\/wp-content\/uploads\/2024\/04\/ciclo-OLPET1-1024x724.jpg\",\"datePublished\":\"2024-03-19T09:51:40+00:00\",\"dateModified\":\"2024-09-24T13:21:16+00:00\",\"breadcrumb\":{\"@id\":\"https:\/\/greenchemicals.eu\/fr\/gc-recycling\/gc-olpet\/#breadcrumb\"},\"inLanguage\":\"fr-FR\",\"potentialAction\":[{\"@type\":\"ReadAction\",\"target\":[\"https:\/\/greenchemicals.eu\/fr\/gc-recycling\/gc-olpet\/\"]}]},{\"@type\":\"ImageObject\",\"inLanguage\":\"fr-FR\",\"@id\":\"https:\/\/greenchemicals.eu\/fr\/gc-recycling\/gc-olpet\/#primaryimage\",\"url\":\"https:\/\/greenchemicals.eu\/wp-content\/uploads\/2024\/04\/ciclo-OLPET1-1024x724.jpg\",\"contentUrl\":\"https:\/\/greenchemicals.eu\/wp-content\/uploads\/2024\/04\/ciclo-OLPET1-1024x724.jpg\"},{\"@type\":\"BreadcrumbList\",\"@id\":\"https:\/\/greenchemicals.eu\/fr\/gc-recycling\/gc-olpet\/#breadcrumb\",\"itemListElement\":[{\"@type\":\"ListItem\",\"position\":1,\"name\":\"Home\",\"item\":\"https:\/\/greenchemicals.eu\/fr\/\"},{\"@type\":\"ListItem\",\"position\":2,\"name\":\"GC RECYCLING\",\"item\":\"https:\/\/greenchemicals.eu\/fr\/gc-recycling\/\"},{\"@type\":\"ListItem\",\"position\":3,\"name\":\"GC Olpet\"}]},{\"@type\":\"WebSite\",\"@id\":\"https:\/\/greenchemicals.eu\/fr\/#website\",\"url\":\"https:\/\/greenchemicals.eu\/fr\/\",\"name\":\"Greenchemicals\",\"description\":\"\",\"publisher\":{\"@id\":\"https:\/\/greenchemicals.eu\/fr\/#organization\"},\"potentialAction\":[{\"@type\":\"SearchAction\",\"target\":{\"@type\":\"EntryPoint\",\"urlTemplate\":\"https:\/\/greenchemicals.eu\/fr\/?s={search_term_string}\"},\"query-input\":{\"@type\":\"PropertyValueSpecification\",\"valueRequired\":true,\"valueName\":\"search_term_string\"}}],\"inLanguage\":\"fr-FR\"},{\"@type\":\"Organization\",\"@id\":\"https:\/\/greenchemicals.eu\/fr\/#organization\",\"name\":\"Greenchemicals\",\"url\":\"https:\/\/greenchemicals.eu\/fr\/\",\"logo\":{\"@type\":\"ImageObject\",\"inLanguage\":\"fr-FR\",\"@id\":\"https:\/\/greenchemicals.eu\/fr\/#\/schema\/logo\/image\/\",\"url\":\"https:\/\/greenchemicals.eu\/wp-content\/uploads\/2025\/10\/logo-1.png\",\"contentUrl\":\"https:\/\/greenchemicals.eu\/wp-content\/uploads\/2025\/10\/logo-1.png\",\"width\":1087,\"height\":235,\"caption\":\"Greenchemicals\"},\"image\":{\"@id\":\"https:\/\/greenchemicals.eu\/fr\/#\/schema\/logo\/image\/\"}}]}<\/script>\n<!-- \/ Yoast SEO plugin. -->","yoast_head_json":{"title":"GC Olpet - Greenchemicals","robots":{"index":"index","follow":"follow","max-snippet":"max-snippet:-1","max-image-preview":"max-image-preview:large","max-video-preview":"max-video-preview:-1"},"canonical":"https:\/\/greenchemicals.eu\/fr\/gc-recycling\/gc-olpet\/","og_locale":"fr_FR","og_type":"article","og_title":"GC Olpet - Greenchemicals","og_description":"GC OLPET \u00c0 partir de flocons de PET, Greenchemicals a d\u00e9velopp\u00e9 un processus de recyclage chimico-m\u00e9canique qui permet la production d&rsquo;un polyol de polyester enti\u00e8rement \u00e9cologique, utilisable comme mati\u00e8re premi\u00e8re dans l&rsquo;industrie du polyur\u00e9thane. Ce syst\u00e8me innovant permet un processus continu et des \u00e9conomies d&rsquo;\u00e9nergie significatives par rapport au syst\u00e8me chimique traditionnel. \u00a0 SOLUTIONS POUR [&hellip;]","og_url":"https:\/\/greenchemicals.eu\/fr\/gc-recycling\/gc-olpet\/","og_site_name":"Greenchemicals","article_modified_time":"2024-09-24T13:21:16+00:00","og_image":[{"url":"https:\/\/greenchemicals.eu\/wp-content\/uploads\/2024\/04\/ciclo-OLPET1-1024x724.jpg","type":"","width":"","height":""}],"twitter_card":"summary_large_image","twitter_misc":{"Dur\u00e9e de lecture estim\u00e9e":"1 minute"},"schema":{"@context":"https:\/\/schema.org","@graph":[{"@type":"WebPage","@id":"https:\/\/greenchemicals.eu\/fr\/gc-recycling\/gc-olpet\/","url":"https:\/\/greenchemicals.eu\/fr\/gc-recycling\/gc-olpet\/","name":"GC Olpet - Greenchemicals","isPartOf":{"@id":"https:\/\/greenchemicals.eu\/fr\/#website"},"primaryImageOfPage":{"@id":"https:\/\/greenchemicals.eu\/fr\/gc-recycling\/gc-olpet\/#primaryimage"},"image":{"@id":"https:\/\/greenchemicals.eu\/fr\/gc-recycling\/gc-olpet\/#primaryimage"},"thumbnailUrl":"https:\/\/greenchemicals.eu\/wp-content\/uploads\/2024\/04\/ciclo-OLPET1-1024x724.jpg","datePublished":"2024-03-19T09:51:40+00:00","dateModified":"2024-09-24T13:21:16+00:00","breadcrumb":{"@id":"https:\/\/greenchemicals.eu\/fr\/gc-recycling\/gc-olpet\/#breadcrumb"},"inLanguage":"fr-FR","potentialAction":[{"@type":"ReadAction","target":["https:\/\/greenchemicals.eu\/fr\/gc-recycling\/gc-olpet\/"]}]},{"@type":"ImageObject","inLanguage":"fr-FR","@id":"https:\/\/greenchemicals.eu\/fr\/gc-recycling\/gc-olpet\/#primaryimage","url":"https:\/\/greenchemicals.eu\/wp-content\/uploads\/2024\/04\/ciclo-OLPET1-1024x724.jpg","contentUrl":"https:\/\/greenchemicals.eu\/wp-content\/uploads\/2024\/04\/ciclo-OLPET1-1024x724.jpg"},{"@type":"BreadcrumbList","@id":"https:\/\/greenchemicals.eu\/fr\/gc-recycling\/gc-olpet\/#breadcrumb","itemListElement":[{"@type":"ListItem","position":1,"name":"Home","item":"https:\/\/greenchemicals.eu\/fr\/"},{"@type":"ListItem","position":2,"name":"GC RECYCLING","item":"https:\/\/greenchemicals.eu\/fr\/gc-recycling\/"},{"@type":"ListItem","position":3,"name":"GC Olpet"}]},{"@type":"WebSite","@id":"https:\/\/greenchemicals.eu\/fr\/#website","url":"https:\/\/greenchemicals.eu\/fr\/","name":"Greenchemicals","description":"","publisher":{"@id":"https:\/\/greenchemicals.eu\/fr\/#organization"},"potentialAction":[{"@type":"SearchAction","target":{"@type":"EntryPoint","urlTemplate":"https:\/\/greenchemicals.eu\/fr\/?s={search_term_string}"},"query-input":{"@type":"PropertyValueSpecification","valueRequired":true,"valueName":"search_term_string"}}],"inLanguage":"fr-FR"},{"@type":"Organization","@id":"https:\/\/greenchemicals.eu\/fr\/#organization","name":"Greenchemicals","url":"https:\/\/greenchemicals.eu\/fr\/","logo":{"@type":"ImageObject","inLanguage":"fr-FR","@id":"https:\/\/greenchemicals.eu\/fr\/#\/schema\/logo\/image\/","url":"https:\/\/greenchemicals.eu\/wp-content\/uploads\/2025\/10\/logo-1.png","contentUrl":"https:\/\/greenchemicals.eu\/wp-content\/uploads\/2025\/10\/logo-1.png","width":1087,"height":235,"caption":"Greenchemicals"},"image":{"@id":"https:\/\/greenchemicals.eu\/fr\/#\/schema\/logo\/image\/"}}]}},"_links":{"self":[{"href":"https:\/\/greenchemicals.eu\/fr\/wp-json\/wp\/v2\/pages\/14211","targetHints":{"allow":["GET"]}}],"collection":[{"href":"https:\/\/greenchemicals.eu\/fr\/wp-json\/wp\/v2\/pages"}],"about":[{"href":"https:\/\/greenchemicals.eu\/fr\/wp-json\/wp\/v2\/types\/page"}],"author":[{"embeddable":true,"href":"https:\/\/greenchemicals.eu\/fr\/wp-json\/wp\/v2\/users\/2"}],"replies":[{"embeddable":true,"href":"https:\/\/greenchemicals.eu\/fr\/wp-json\/wp\/v2\/comments?post=14211"}],"version-history":[{"count":4,"href":"https:\/\/greenchemicals.eu\/fr\/wp-json\/wp\/v2\/pages\/14211\/revisions"}],"predecessor-version":[{"id":15143,"href":"https:\/\/greenchemicals.eu\/fr\/wp-json\/wp\/v2\/pages\/14211\/revisions\/15143"}],"up":[{"embeddable":true,"href":"https:\/\/greenchemicals.eu\/fr\/wp-json\/wp\/v2\/pages\/14240"}],"wp:attachment":[{"href":"https:\/\/greenchemicals.eu\/fr\/wp-json\/wp\/v2\/media?parent=14211"}],"curies":[{"name":"wp","href":"https:\/\/api.w.org\/{rel}","templated":true}]}}