{"id":13187,"date":"2024-03-26T14:03:42","date_gmt":"2024-03-26T13:03:42","guid":{"rendered":"https:\/\/greenchemicals.eu\/xps-building\/"},"modified":"2024-09-24T15:15:10","modified_gmt":"2024-09-24T13:15:10","slug":"xps-building","status":"publish","type":"page","link":"https:\/\/greenchemicals.eu\/fr\/gc-applications\/xps-building\/","title":{"rendered":"Xps Building"},"content":{"rendered":"\t\t<div data-elementor-type=\"wp-page\" data-elementor-id=\"13187\" class=\"elementor elementor-13187 elementor-8142\" data-elementor-post-type=\"page\">\n\t\t\t\t<div class=\"has_eae_slider elementor-element elementor-element-a097205 e-flex e-con-boxed e-con e-parent\" data-eae-slider=\"83247\" data-id=\"a097205\" data-element_type=\"container\" data-settings=\"{&quot;background_background&quot;:&quot;classic&quot;}\">\n\t\t\t\t\t<div class=\"e-con-inner\">\n\t\t\t\t<div class=\"elementor-element elementor-element-2fba573 elementor-align-right elementor-mobile-align-center elementor-widget elementor-widget-breadcrumbs\" data-id=\"2fba573\" data-element_type=\"widget\" data-widget_type=\"breadcrumbs.default\">\n\t\t\t\t<div class=\"elementor-widget-container\">\n\t\t\t\t\t<p id=\"breadcrumbs\"><span><span><a href=\"https:\/\/greenchemicals.eu\/fr\/\">Home<\/a><\/span><\/span><\/p>\t\t\t\t<\/div>\n\t\t\t\t<\/div>\n\t\t\t\t\t<\/div>\n\t\t\t\t<\/div>\n\t\t<div class=\"has_eae_slider elementor-element elementor-element-195a532 e-flex e-con-boxed e-con e-parent\" data-eae-slider=\"15996\" data-id=\"195a532\" data-element_type=\"container\" data-settings=\"{&quot;background_background&quot;:&quot;classic&quot;}\">\n\t\t\t\t\t<div class=\"e-con-inner\">\n\t\t<div class=\"has_eae_slider elementor-element elementor-element-25cee37 e-con-full e-flex e-con e-child\" data-eae-slider=\"86297\" data-id=\"25cee37\" data-element_type=\"container\">\n\t\t\t\t<div class=\"elementor-element elementor-element-a785839 elementor-widget elementor-widget-heading\" data-id=\"a785839\" data-element_type=\"widget\" data-widget_type=\"heading.default\">\n\t\t\t\t<div class=\"elementor-widget-container\">\n\t\t\t\t\t<h1 class=\"elementor-heading-title elementor-size-default\">XPS Building<\/h1>\t\t\t\t<\/div>\n\t\t\t\t<\/div>\n\t\t\t\t<div class=\"elementor-element elementor-element-55c6602 testo_categoria elementor-widget elementor-widget-text-editor\" data-id=\"55c6602\" data-element_type=\"widget\" data-widget_type=\"text-editor.default\">\n\t\t\t\t<div class=\"elementor-widget-container\">\n\t\t\t\t\t\t\t\t\tGreenchemicals \u00e9tudie et d\u00e9veloppe des formulations \u00e9cologiques et innovantes pour les applications XPS. La plupart de nos formulations sont produites sous forme de masterbatch, mais nous pouvons \u00e9galement proposer des m\u00e9langes en poudre, compact\u00e9s ou des extrusions \u00e0 froid.\t\t\t\t\t\t\t\t<\/div>\n\t\t\t\t<\/div>\n\t\t\t\t<\/div>\n\t\t\t\t\t<\/div>\n\t\t\t\t<\/div>\n\t\t<div class=\"has_eae_slider elementor-element elementor-element-131fd0d e-flex e-con-boxed e-con e-parent\" data-eae-slider=\"86246\" data-id=\"131fd0d\" data-element_type=\"container\" data-settings=\"{&quot;background_background&quot;:&quot;classic&quot;}\">\n\t\t\t\t\t<div class=\"e-con-inner\">\n\t\t<div class=\"has_eae_slider elementor-element elementor-element-dc7fb11 e-grid e-con-boxed e-con e-child\" data-eae-slider=\"78715\" data-id=\"dc7fb11\" data-element_type=\"container\">\n\t\t\t\t\t<div class=\"e-con-inner\">\n\t\t<a class=\"has_eae_slider elementor-element elementor-element-90ec953 e-flex e-con-boxed e-con e-child\" data-eae-slider=\"15487\" data-id=\"90ec953\" data-element_type=\"container\" data-settings=\"{&quot;background_background&quot;:&quot;classic&quot;}\" href=\"https:\/\/greenchemicals.eu\/it\/gc-applications\/xps-building\/ritardanti-di-fiamma\/\">\n\t\t\t\t\t<div class=\"e-con-inner\">\n\t\t\t\t<div class=\"elementor-element elementor-element-8ebf1fa elementor-widget elementor-widget-heading\" data-id=\"8ebf1fa\" data-element_type=\"widget\" data-widget_type=\"heading.default\">\n\t\t\t\t<div class=\"elementor-widget-container\">\n\t\t\t\t\t<h4 class=\"elementor-heading-title elementor-size-default\">Retardateurs de flamme<\/h4>\t\t\t\t<\/div>\n\t\t\t\t<\/div>\n\t\t\t\t\t<\/div>\n\t\t\t\t<\/a>\n\t\t<a class=\"has_eae_slider elementor-element elementor-element-0424002 e-flex e-con-boxed e-con e-child\" data-eae-slider=\"45994\" data-id=\"0424002\" data-element_type=\"container\" data-settings=\"{&quot;background_background&quot;:&quot;classic&quot;}\" href=\"https:\/\/greenchemicals.eu\/it\/gc-applications\/xps-building\/aiuto-processo\/\">\n\t\t\t\t\t<div class=\"e-con-inner\">\n\t\t\t\t<div class=\"elementor-element elementor-element-8dbd104 elementor-widget elementor-widget-heading\" data-id=\"8dbd104\" data-element_type=\"widget\" data-widget_type=\"heading.default\">\n\t\t\t\t<div class=\"elementor-widget-container\">\n\t\t\t\t\t<h4 class=\"elementor-heading-title elementor-size-default\">Aide au processus<\/h4>\t\t\t\t<\/div>\n\t\t\t\t<\/div>\n\t\t\t\t\t<\/div>\n\t\t\t\t<\/a>\n\t\t<a class=\"has_eae_slider elementor-element elementor-element-5675885 e-flex e-con-boxed e-con e-child\" data-eae-slider=\"91689\" data-id=\"5675885\" data-element_type=\"container\" data-settings=\"{&quot;background_background&quot;:&quot;classic&quot;}\" href=\"https:\/\/greenchemicals.eu\/it\/gc-applications\/xps-building\/agenti-nucleanti\/\">\n\t\t\t\t\t<div class=\"e-con-inner\">\n\t\t\t\t<div class=\"elementor-element elementor-element-084df04 elementor-widget elementor-widget-heading\" data-id=\"084df04\" data-element_type=\"widget\" data-widget_type=\"heading.default\">\n\t\t\t\t<div class=\"elementor-widget-container\">\n\t\t\t\t\t<h4 class=\"elementor-heading-title elementor-size-default\">Agents nucl\u00e9ants<\/h4>\t\t\t\t<\/div>\n\t\t\t\t<\/div>\n\t\t\t\t\t<\/div>\n\t\t\t\t<\/a>\n\t\t\t\t\t<\/div>\n\t\t\t\t<\/div>\n\t\t\t\t\t<\/div>\n\t\t\t\t<\/div>\n\t\t\t\t<\/div>\n\t\t","protected":false},"excerpt":{"rendered":"<p>XPS Building Greenchemicals \u00e9tudie et d\u00e9veloppe des formulations \u00e9cologiques et innovantes pour les applications XPS. La plupart de nos formulations sont produites sous forme de masterbatch, mais nous pouvons \u00e9galement proposer des m\u00e9langes en poudre, compact\u00e9s ou des extrusions \u00e0 froid. Retardateurs de flamme Aide au processus Agents nucl\u00e9ants<\/p>\n","protected":false},"author":2,"featured_media":0,"parent":14391,"menu_order":0,"comment_status":"closed","ping_status":"closed","template":"","meta":{"_acf_changed":false,"footnotes":""},"class_list":["post-13187","page","type-page","status-publish","hentry"],"acf":[],"yoast_head":"<!-- This site is optimized with the Yoast SEO plugin v26.6 - https:\/\/yoast.com\/wordpress\/plugins\/seo\/ -->\n<title>Xps Building - Greenchemicals<\/title>\n<meta name=\"robots\" content=\"index, follow, max-snippet:-1, max-image-preview:large, max-video-preview:-1\" \/>\n<link rel=\"canonical\" href=\"https:\/\/greenchemicals.eu\/fr\/gc-applications\/xps-building\/\" \/>\n<meta property=\"og:locale\" content=\"fr_FR\" \/>\n<meta property=\"og:type\" content=\"article\" \/>\n<meta property=\"og:title\" content=\"Xps Building - Greenchemicals\" \/>\n<meta property=\"og:description\" content=\"XPS Building Greenchemicals \u00e9tudie et d\u00e9veloppe des formulations \u00e9cologiques et innovantes pour les applications XPS. La plupart de nos formulations sont produites sous forme de masterbatch, mais nous pouvons \u00e9galement proposer des m\u00e9langes en poudre, compact\u00e9s ou des extrusions \u00e0 froid. Retardateurs de flamme Aide au processus Agents nucl\u00e9ants\" \/>\n<meta property=\"og:url\" content=\"https:\/\/greenchemicals.eu\/fr\/gc-applications\/xps-building\/\" \/>\n<meta property=\"og:site_name\" content=\"Greenchemicals\" \/>\n<meta property=\"article:modified_time\" content=\"2024-09-24T13:15:10+00:00\" \/>\n<meta name=\"twitter:card\" content=\"summary_large_image\" \/>\n<script type=\"application\/ld+json\" class=\"yoast-schema-graph\">{\"@context\":\"https:\/\/schema.org\",\"@graph\":[{\"@type\":\"WebPage\",\"@id\":\"https:\/\/greenchemicals.eu\/fr\/gc-applications\/xps-building\/\",\"url\":\"https:\/\/greenchemicals.eu\/fr\/gc-applications\/xps-building\/\",\"name\":\"Xps Building - Greenchemicals\",\"isPartOf\":{\"@id\":\"https:\/\/greenchemicals.eu\/fr\/#website\"},\"datePublished\":\"2024-03-26T13:03:42+00:00\",\"dateModified\":\"2024-09-24T13:15:10+00:00\",\"breadcrumb\":{\"@id\":\"https:\/\/greenchemicals.eu\/fr\/gc-applications\/xps-building\/#breadcrumb\"},\"inLanguage\":\"fr-FR\",\"potentialAction\":[{\"@type\":\"ReadAction\",\"target\":[\"https:\/\/greenchemicals.eu\/fr\/gc-applications\/xps-building\/\"]}]},{\"@type\":\"BreadcrumbList\",\"@id\":\"https:\/\/greenchemicals.eu\/fr\/gc-applications\/xps-building\/#breadcrumb\",\"itemListElement\":[{\"@type\":\"ListItem\",\"position\":1,\"name\":\"Home\",\"item\":\"https:\/\/greenchemicals.eu\/fr\/\"},{\"@type\":\"ListItem\",\"position\":2,\"name\":\"GC APPLICATIONS\",\"item\":\"https:\/\/greenchemicals.eu\/fr\/gc-applications\/\"},{\"@type\":\"ListItem\",\"position\":3,\"name\":\"Xps Building\"}]},{\"@type\":\"WebSite\",\"@id\":\"https:\/\/greenchemicals.eu\/fr\/#website\",\"url\":\"https:\/\/greenchemicals.eu\/fr\/\",\"name\":\"Greenchemicals\",\"description\":\"\",\"publisher\":{\"@id\":\"https:\/\/greenchemicals.eu\/fr\/#organization\"},\"potentialAction\":[{\"@type\":\"SearchAction\",\"target\":{\"@type\":\"EntryPoint\",\"urlTemplate\":\"https:\/\/greenchemicals.eu\/fr\/?s={search_term_string}\"},\"query-input\":{\"@type\":\"PropertyValueSpecification\",\"valueRequired\":true,\"valueName\":\"search_term_string\"}}],\"inLanguage\":\"fr-FR\"},{\"@type\":\"Organization\",\"@id\":\"https:\/\/greenchemicals.eu\/fr\/#organization\",\"name\":\"Greenchemicals\",\"url\":\"https:\/\/greenchemicals.eu\/fr\/\",\"logo\":{\"@type\":\"ImageObject\",\"inLanguage\":\"fr-FR\",\"@id\":\"https:\/\/greenchemicals.eu\/fr\/#\/schema\/logo\/image\/\",\"url\":\"https:\/\/greenchemicals.eu\/wp-content\/uploads\/2025\/10\/logo-1.png\",\"contentUrl\":\"https:\/\/greenchemicals.eu\/wp-content\/uploads\/2025\/10\/logo-1.png\",\"width\":1087,\"height\":235,\"caption\":\"Greenchemicals\"},\"image\":{\"@id\":\"https:\/\/greenchemicals.eu\/fr\/#\/schema\/logo\/image\/\"}}]}<\/script>\n<!-- \/ Yoast SEO plugin. -->","yoast_head_json":{"title":"Xps Building - Greenchemicals","robots":{"index":"index","follow":"follow","max-snippet":"max-snippet:-1","max-image-preview":"max-image-preview:large","max-video-preview":"max-video-preview:-1"},"canonical":"https:\/\/greenchemicals.eu\/fr\/gc-applications\/xps-building\/","og_locale":"fr_FR","og_type":"article","og_title":"Xps Building - Greenchemicals","og_description":"XPS Building Greenchemicals \u00e9tudie et d\u00e9veloppe des formulations \u00e9cologiques et innovantes pour les applications XPS. La plupart de nos formulations sont produites sous forme de masterbatch, mais nous pouvons \u00e9galement proposer des m\u00e9langes en poudre, compact\u00e9s ou des extrusions \u00e0 froid. Retardateurs de flamme Aide au processus Agents nucl\u00e9ants","og_url":"https:\/\/greenchemicals.eu\/fr\/gc-applications\/xps-building\/","og_site_name":"Greenchemicals","article_modified_time":"2024-09-24T13:15:10+00:00","twitter_card":"summary_large_image","schema":{"@context":"https:\/\/schema.org","@graph":[{"@type":"WebPage","@id":"https:\/\/greenchemicals.eu\/fr\/gc-applications\/xps-building\/","url":"https:\/\/greenchemicals.eu\/fr\/gc-applications\/xps-building\/","name":"Xps Building - Greenchemicals","isPartOf":{"@id":"https:\/\/greenchemicals.eu\/fr\/#website"},"datePublished":"2024-03-26T13:03:42+00:00","dateModified":"2024-09-24T13:15:10+00:00","breadcrumb":{"@id":"https:\/\/greenchemicals.eu\/fr\/gc-applications\/xps-building\/#breadcrumb"},"inLanguage":"fr-FR","potentialAction":[{"@type":"ReadAction","target":["https:\/\/greenchemicals.eu\/fr\/gc-applications\/xps-building\/"]}]},{"@type":"BreadcrumbList","@id":"https:\/\/greenchemicals.eu\/fr\/gc-applications\/xps-building\/#breadcrumb","itemListElement":[{"@type":"ListItem","position":1,"name":"Home","item":"https:\/\/greenchemicals.eu\/fr\/"},{"@type":"ListItem","position":2,"name":"GC APPLICATIONS","item":"https:\/\/greenchemicals.eu\/fr\/gc-applications\/"},{"@type":"ListItem","position":3,"name":"Xps Building"}]},{"@type":"WebSite","@id":"https:\/\/greenchemicals.eu\/fr\/#website","url":"https:\/\/greenchemicals.eu\/fr\/","name":"Greenchemicals","description":"","publisher":{"@id":"https:\/\/greenchemicals.eu\/fr\/#organization"},"potentialAction":[{"@type":"SearchAction","target":{"@type":"EntryPoint","urlTemplate":"https:\/\/greenchemicals.eu\/fr\/?s={search_term_string}"},"query-input":{"@type":"PropertyValueSpecification","valueRequired":true,"valueName":"search_term_string"}}],"inLanguage":"fr-FR"},{"@type":"Organization","@id":"https:\/\/greenchemicals.eu\/fr\/#organization","name":"Greenchemicals","url":"https:\/\/greenchemicals.eu\/fr\/","logo":{"@type":"ImageObject","inLanguage":"fr-FR","@id":"https:\/\/greenchemicals.eu\/fr\/#\/schema\/logo\/image\/","url":"https:\/\/greenchemicals.eu\/wp-content\/uploads\/2025\/10\/logo-1.png","contentUrl":"https:\/\/greenchemicals.eu\/wp-content\/uploads\/2025\/10\/logo-1.png","width":1087,"height":235,"caption":"Greenchemicals"},"image":{"@id":"https:\/\/greenchemicals.eu\/fr\/#\/schema\/logo\/image\/"}}]}},"_links":{"self":[{"href":"https:\/\/greenchemicals.eu\/fr\/wp-json\/wp\/v2\/pages\/13187","targetHints":{"allow":["GET"]}}],"collection":[{"href":"https:\/\/greenchemicals.eu\/fr\/wp-json\/wp\/v2\/pages"}],"about":[{"href":"https:\/\/greenchemicals.eu\/fr\/wp-json\/wp\/v2\/types\/page"}],"author":[{"embeddable":true,"href":"https:\/\/greenchemicals.eu\/fr\/wp-json\/wp\/v2\/users\/2"}],"replies":[{"embeddable":true,"href":"https:\/\/greenchemicals.eu\/fr\/wp-json\/wp\/v2\/comments?post=13187"}],"version-history":[{"count":3,"href":"https:\/\/greenchemicals.eu\/fr\/wp-json\/wp\/v2\/pages\/13187\/revisions"}],"predecessor-version":[{"id":13677,"href":"https:\/\/greenchemicals.eu\/fr\/wp-json\/wp\/v2\/pages\/13187\/revisions\/13677"}],"up":[{"embeddable":true,"href":"https:\/\/greenchemicals.eu\/fr\/wp-json\/wp\/v2\/pages\/14391"}],"wp:attachment":[{"href":"https:\/\/greenchemicals.eu\/fr\/wp-json\/wp\/v2\/media?parent=13187"}],"curies":[{"name":"wp","href":"https:\/\/api.w.org\/{rel}","templated":true}]}}