{"id":13089,"date":"2024-03-27T09:22:09","date_gmt":"2024-03-27T08:22:09","guid":{"rendered":"https:\/\/greenchemicals.eu\/xpe-xpe-reticule\/"},"modified":"2024-09-24T15:15:12","modified_gmt":"2024-09-24T13:15:12","slug":"xpe-xpe-reticule","status":"publish","type":"page","link":"https:\/\/greenchemicals.eu\/fr\/gc-applications\/xpe-xpe-reticule\/","title":{"rendered":"XPE\/XPE R\u00e9ticul\u00e9"},"content":{"rendered":"\t\t<div data-elementor-type=\"wp-page\" data-elementor-id=\"13089\" class=\"elementor elementor-13089 elementor-8306\" data-elementor-post-type=\"page\">\n\t\t\t\t<div class=\"has_eae_slider elementor-element elementor-element-a097205 e-flex e-con-boxed e-con e-parent\" data-eae-slider=\"76682\" data-id=\"a097205\" data-element_type=\"container\" data-settings=\"{&quot;background_background&quot;:&quot;classic&quot;}\">\n\t\t\t\t\t<div class=\"e-con-inner\">\n\t\t\t\t<div class=\"elementor-element elementor-element-2fba573 elementor-align-right elementor-mobile-align-center elementor-widget elementor-widget-breadcrumbs\" data-id=\"2fba573\" data-element_type=\"widget\" data-widget_type=\"breadcrumbs.default\">\n\t\t\t\t<div class=\"elementor-widget-container\">\n\t\t\t\t\t<p id=\"breadcrumbs\"><span><span><a href=\"https:\/\/greenchemicals.eu\/fr\/\">Home<\/a><\/span><\/span><\/p>\t\t\t\t<\/div>\n\t\t\t\t<\/div>\n\t\t\t\t\t<\/div>\n\t\t\t\t<\/div>\n\t\t<div class=\"has_eae_slider elementor-element elementor-element-195a532 e-flex e-con-boxed e-con e-parent\" data-eae-slider=\"66437\" data-id=\"195a532\" data-element_type=\"container\" data-settings=\"{&quot;background_background&quot;:&quot;classic&quot;}\">\n\t\t\t\t\t<div class=\"e-con-inner\">\n\t\t<div class=\"has_eae_slider elementor-element elementor-element-25cee37 e-con-full e-flex e-con e-child\" data-eae-slider=\"77921\" data-id=\"25cee37\" data-element_type=\"container\">\n\t\t\t\t<div class=\"elementor-element elementor-element-a785839 elementor-widget elementor-widget-heading\" data-id=\"a785839\" data-element_type=\"widget\" data-widget_type=\"heading.default\">\n\t\t\t\t<div class=\"elementor-widget-container\">\n\t\t\t\t\t<h1 class=\"elementor-heading-title elementor-size-default\">XPE\/XPE R\u00e9ticul\u00e9<\/h1>\t\t\t\t<\/div>\n\t\t\t\t<\/div>\n\t\t\t\t<div class=\"elementor-element elementor-element-55c6602 testo_categoria elementor-widget elementor-widget-text-editor\" data-id=\"55c6602\" data-element_type=\"widget\" data-widget_type=\"text-editor.default\">\n\t\t\t\t<div class=\"elementor-widget-container\">\n\t\t\t\t\t\t\t\t\t<p>Greenchemicals recherche et d\u00e9veloppe des formulations d&rsquo;additifs innovantes et respectueuses de l&rsquo;environnement pour<br \/>l&rsquo;application du XPE r\u00e9ticul\u00e9. Vous trouverez ci-dessous nos produits les plus vendus\u00a0:<\/p>\n\t\t\t\t\t\t\t\t<\/div>\n\t\t\t\t<\/div>\n\t\t\t\t<\/div>\n\t\t\t\t\t<\/div>\n\t\t\t\t<\/div>\n\t\t<div class=\"has_eae_slider elementor-element elementor-element-131fd0d e-flex e-con-boxed e-con e-parent\" data-eae-slider=\"5650\" data-id=\"131fd0d\" data-element_type=\"container\" data-settings=\"{&quot;background_background&quot;:&quot;classic&quot;}\">\n\t\t\t\t\t<div class=\"e-con-inner\">\n\t\t<div class=\"has_eae_slider elementor-element elementor-element-dc7fb11 e-grid e-con-boxed e-con e-child\" data-eae-slider=\"32106\" data-id=\"dc7fb11\" data-element_type=\"container\">\n\t\t\t\t\t<div class=\"e-con-inner\">\n\t\t<a class=\"has_eae_slider elementor-element elementor-element-90ec953 e-flex e-con-boxed e-con e-child\" data-eae-slider=\"68024\" data-id=\"90ec953\" data-element_type=\"container\" data-settings=\"{&quot;background_background&quot;:&quot;classic&quot;}\" href=\"https:\/\/greenchemicals.eu\/it\/gc-applications\/xpe-xpe-reticolato\/aiuto-processo\/\">\n\t\t\t\t\t<div class=\"e-con-inner\">\n\t\t\t\t<div class=\"elementor-element elementor-element-8ebf1fa elementor-widget elementor-widget-heading\" data-id=\"8ebf1fa\" data-element_type=\"widget\" data-widget_type=\"heading.default\">\n\t\t\t\t<div class=\"elementor-widget-container\">\n\t\t\t\t\t<h4 class=\"elementor-heading-title elementor-size-default\">Aide au processus<\/h4>\t\t\t\t<\/div>\n\t\t\t\t<\/div>\n\t\t\t\t\t<\/div>\n\t\t\t\t<\/a>\n\t\t<a class=\"has_eae_slider elementor-element elementor-element-0424002 e-flex e-con-boxed e-con e-child\" data-eae-slider=\"16595\" data-id=\"0424002\" data-element_type=\"container\" data-settings=\"{&quot;background_background&quot;:&quot;classic&quot;}\" href=\"https:\/\/greenchemicals.eu\/it\/gc-applications\/xpe-xpe-reticolato\/perossidi\/\">\n\t\t\t\t\t<div class=\"e-con-inner\">\n\t\t\t\t<div class=\"elementor-element elementor-element-8dbd104 elementor-widget elementor-widget-heading\" data-id=\"8dbd104\" data-element_type=\"widget\" data-widget_type=\"heading.default\">\n\t\t\t\t<div class=\"elementor-widget-container\">\n\t\t\t\t\t<h4 class=\"elementor-heading-title elementor-size-default\">Peroxydes<\/h4>\t\t\t\t<\/div>\n\t\t\t\t<\/div>\n\t\t\t\t<div class=\"elementor-element elementor-element-3ce1aee elementor-widget elementor-widget-heading\" data-id=\"3ce1aee\" data-element_type=\"widget\" data-widget_type=\"heading.default\">\n\t\t\t\t<div class=\"elementor-widget-container\">\n\t\t\t\t\t<span class=\"elementor-heading-title elementor-size-default\">Uniquement pour les applications r\u00e9ticul\u00e9es<\/span>\t\t\t\t<\/div>\n\t\t\t\t<\/div>\n\t\t\t\t\t<\/div>\n\t\t\t\t<\/a>\n\t\t<a class=\"has_eae_slider elementor-element elementor-element-bcffbc4 e-flex e-con-boxed e-con e-child\" data-eae-slider=\"22422\" data-id=\"bcffbc4\" data-element_type=\"container\" data-settings=\"{&quot;background_background&quot;:&quot;classic&quot;}\" href=\"https:\/\/greenchemicals.eu\/it\/gc-applications\/xpe-xpe-reticolato\/agenti-nucleanti\/\">\n\t\t\t\t\t<div class=\"e-con-inner\">\n\t\t\t\t<div class=\"elementor-element elementor-element-34f3607 elementor-widget elementor-widget-heading\" data-id=\"34f3607\" data-element_type=\"widget\" data-widget_type=\"heading.default\">\n\t\t\t\t<div class=\"elementor-widget-container\">\n\t\t\t\t\t<h4 class=\"elementor-heading-title elementor-size-default\">Agents nucl\u00e9ants<\/h4>\t\t\t\t<\/div>\n\t\t\t\t<\/div>\n\t\t\t\t\t<\/div>\n\t\t\t\t<\/a>\n\t\t<a class=\"has_eae_slider elementor-element elementor-element-6232370 e-flex e-con-boxed e-con e-child\" data-eae-slider=\"54205\" data-id=\"6232370\" data-element_type=\"container\" data-settings=\"{&quot;background_background&quot;:&quot;classic&quot;}\" href=\"https:\/\/greenchemicals.eu\/it\/gc-applications\/xpe-xpe-reticolato\/antiossidanti\/\">\n\t\t\t\t\t<div class=\"e-con-inner\">\n\t\t\t\t<div class=\"elementor-element elementor-element-13277ae elementor-widget elementor-widget-heading\" data-id=\"13277ae\" data-element_type=\"widget\" data-widget_type=\"heading.default\">\n\t\t\t\t<div class=\"elementor-widget-container\">\n\t\t\t\t\t<h4 class=\"elementor-heading-title elementor-size-default\">Antioxydants<\/h4>\t\t\t\t<\/div>\n\t\t\t\t<\/div>\n\t\t\t\t<div class=\"elementor-element elementor-element-f3cadb8 elementor-widget elementor-widget-heading\" data-id=\"f3cadb8\" data-element_type=\"widget\" data-widget_type=\"heading.default\">\n\t\t\t\t<div class=\"elementor-widget-container\">\n\t\t\t\t\t<span class=\"elementor-heading-title elementor-size-default\">Uniquement pour XPE<\/span>\t\t\t\t<\/div>\n\t\t\t\t<\/div>\n\t\t\t\t\t<\/div>\n\t\t\t\t<\/a>\n\t\t<a class=\"has_eae_slider elementor-element elementor-element-ceca9fc e-flex e-con-boxed e-con e-child\" data-eae-slider=\"65495\" data-id=\"ceca9fc\" data-element_type=\"container\" data-settings=\"{&quot;background_background&quot;:&quot;classic&quot;}\" href=\"https:\/\/greenchemicals.eu\/it\/gc-applications\/xpe-xpe-reticolato\/ritardanti-di-fiamma\/\">\n\t\t\t\t\t<div class=\"e-con-inner\">\n\t\t\t\t<div class=\"elementor-element elementor-element-1796a93 elementor-widget elementor-widget-heading\" data-id=\"1796a93\" data-element_type=\"widget\" data-widget_type=\"heading.default\">\n\t\t\t\t<div class=\"elementor-widget-container\">\n\t\t\t\t\t<h4 class=\"elementor-heading-title elementor-size-default\">Retardateurs de flamme<\/h4>\t\t\t\t<\/div>\n\t\t\t\t<\/div>\n\t\t\t\t\t<\/div>\n\t\t\t\t<\/a>\n\t\t<a class=\"has_eae_slider elementor-element elementor-element-e8262bc e-flex e-con-boxed e-con e-child\" data-eae-slider=\"52813\" data-id=\"e8262bc\" data-element_type=\"container\" data-settings=\"{&quot;background_background&quot;:&quot;classic&quot;}\" href=\"https:\/\/greenchemicals.eu\/it\/gc-applications\/xpe-xpe-reticolato\/sinergici-di-azodicarbonammide\/\">\n\t\t\t\t\t<div class=\"e-con-inner\">\n\t\t\t\t<div class=\"elementor-element elementor-element-d09ca72 elementor-widget elementor-widget-heading\" data-id=\"d09ca72\" data-element_type=\"widget\" data-widget_type=\"heading.default\">\n\t\t\t\t<div class=\"elementor-widget-container\">\n\t\t\t\t\t<h4 class=\"elementor-heading-title elementor-size-default\">Synergiques de l'Azodicarbonamide<\/h4>\t\t\t\t<\/div>\n\t\t\t\t<\/div>\n\t\t\t\t<div class=\"elementor-element elementor-element-3e764eb elementor-widget elementor-widget-heading\" data-id=\"3e764eb\" data-element_type=\"widget\" data-widget_type=\"heading.default\">\n\t\t\t\t<div class=\"elementor-widget-container\">\n\t\t\t\t\t<span class=\"elementor-heading-title elementor-size-default\">Uniquement pour le XPE r\u00e9ticul\u00e9<\/span>\t\t\t\t<\/div>\n\t\t\t\t<\/div>\n\t\t\t\t\t<\/div>\n\t\t\t\t<\/a>\n\t\t\t\t\t<\/div>\n\t\t\t\t<\/div>\n\t\t\t\t\t<\/div>\n\t\t\t\t<\/div>\n\t\t\t\t<\/div>\n\t\t","protected":false},"excerpt":{"rendered":"<p>XPE\/XPE R\u00e9ticul\u00e9 Greenchemicals recherche et d\u00e9veloppe des formulations d&rsquo;additifs innovantes et respectueuses de l&rsquo;environnement pourl&rsquo;application du XPE r\u00e9ticul\u00e9. Vous trouverez ci-dessous nos produits les plus vendus\u00a0: Aide au processus Peroxydes Uniquement pour les applications r\u00e9ticul\u00e9es Agents nucl\u00e9ants Antioxydants Uniquement pour XPE Retardateurs de flamme Synergiques de l&rsquo;Azodicarbonamide Uniquement pour le XPE r\u00e9ticul\u00e9<\/p>\n","protected":false},"author":2,"featured_media":0,"parent":14391,"menu_order":0,"comment_status":"closed","ping_status":"closed","template":"","meta":{"_acf_changed":false,"footnotes":""},"class_list":["post-13089","page","type-page","status-publish","hentry"],"acf":[],"yoast_head":"<!-- This site is optimized with the Yoast SEO plugin v26.6 - https:\/\/yoast.com\/wordpress\/plugins\/seo\/ -->\n<title>XPE\/XPE R\u00e9ticul\u00e9 - Greenchemicals<\/title>\n<meta name=\"robots\" content=\"index, follow, max-snippet:-1, max-image-preview:large, max-video-preview:-1\" \/>\n<link rel=\"canonical\" href=\"https:\/\/greenchemicals.eu\/fr\/gc-applications\/xpe-xpe-reticule\/\" \/>\n<meta property=\"og:locale\" content=\"fr_FR\" \/>\n<meta property=\"og:type\" content=\"article\" \/>\n<meta property=\"og:title\" content=\"XPE\/XPE R\u00e9ticul\u00e9 - Greenchemicals\" \/>\n<meta property=\"og:description\" content=\"XPE\/XPE R\u00e9ticul\u00e9 Greenchemicals recherche et d\u00e9veloppe des formulations d&rsquo;additifs innovantes et respectueuses de l&rsquo;environnement pourl&rsquo;application du XPE r\u00e9ticul\u00e9. Vous trouverez ci-dessous nos produits les plus vendus\u00a0: Aide au processus Peroxydes Uniquement pour les applications r\u00e9ticul\u00e9es Agents nucl\u00e9ants Antioxydants Uniquement pour XPE Retardateurs de flamme Synergiques de l&rsquo;Azodicarbonamide Uniquement pour le XPE r\u00e9ticul\u00e9\" \/>\n<meta property=\"og:url\" content=\"https:\/\/greenchemicals.eu\/fr\/gc-applications\/xpe-xpe-reticule\/\" \/>\n<meta property=\"og:site_name\" content=\"Greenchemicals\" \/>\n<meta property=\"article:modified_time\" content=\"2024-09-24T13:15:12+00:00\" \/>\n<meta name=\"twitter:card\" content=\"summary_large_image\" \/>\n<script type=\"application\/ld+json\" class=\"yoast-schema-graph\">{\"@context\":\"https:\/\/schema.org\",\"@graph\":[{\"@type\":\"WebPage\",\"@id\":\"https:\/\/greenchemicals.eu\/fr\/gc-applications\/xpe-xpe-reticule\/\",\"url\":\"https:\/\/greenchemicals.eu\/fr\/gc-applications\/xpe-xpe-reticule\/\",\"name\":\"XPE\/XPE R\u00e9ticul\u00e9 - Greenchemicals\",\"isPartOf\":{\"@id\":\"https:\/\/greenchemicals.eu\/fr\/#website\"},\"datePublished\":\"2024-03-27T08:22:09+00:00\",\"dateModified\":\"2024-09-24T13:15:12+00:00\",\"breadcrumb\":{\"@id\":\"https:\/\/greenchemicals.eu\/fr\/gc-applications\/xpe-xpe-reticule\/#breadcrumb\"},\"inLanguage\":\"fr-FR\",\"potentialAction\":[{\"@type\":\"ReadAction\",\"target\":[\"https:\/\/greenchemicals.eu\/fr\/gc-applications\/xpe-xpe-reticule\/\"]}]},{\"@type\":\"BreadcrumbList\",\"@id\":\"https:\/\/greenchemicals.eu\/fr\/gc-applications\/xpe-xpe-reticule\/#breadcrumb\",\"itemListElement\":[{\"@type\":\"ListItem\",\"position\":1,\"name\":\"Home\",\"item\":\"https:\/\/greenchemicals.eu\/fr\/\"},{\"@type\":\"ListItem\",\"position\":2,\"name\":\"GC APPLICATIONS\",\"item\":\"https:\/\/greenchemicals.eu\/fr\/gc-applications\/\"},{\"@type\":\"ListItem\",\"position\":3,\"name\":\"XPE\/XPE R\u00e9ticul\u00e9\"}]},{\"@type\":\"WebSite\",\"@id\":\"https:\/\/greenchemicals.eu\/fr\/#website\",\"url\":\"https:\/\/greenchemicals.eu\/fr\/\",\"name\":\"Greenchemicals\",\"description\":\"\",\"publisher\":{\"@id\":\"https:\/\/greenchemicals.eu\/fr\/#organization\"},\"potentialAction\":[{\"@type\":\"SearchAction\",\"target\":{\"@type\":\"EntryPoint\",\"urlTemplate\":\"https:\/\/greenchemicals.eu\/fr\/?s={search_term_string}\"},\"query-input\":{\"@type\":\"PropertyValueSpecification\",\"valueRequired\":true,\"valueName\":\"search_term_string\"}}],\"inLanguage\":\"fr-FR\"},{\"@type\":\"Organization\",\"@id\":\"https:\/\/greenchemicals.eu\/fr\/#organization\",\"name\":\"Greenchemicals\",\"url\":\"https:\/\/greenchemicals.eu\/fr\/\",\"logo\":{\"@type\":\"ImageObject\",\"inLanguage\":\"fr-FR\",\"@id\":\"https:\/\/greenchemicals.eu\/fr\/#\/schema\/logo\/image\/\",\"url\":\"https:\/\/greenchemicals.eu\/wp-content\/uploads\/2025\/10\/logo-1.png\",\"contentUrl\":\"https:\/\/greenchemicals.eu\/wp-content\/uploads\/2025\/10\/logo-1.png\",\"width\":1087,\"height\":235,\"caption\":\"Greenchemicals\"},\"image\":{\"@id\":\"https:\/\/greenchemicals.eu\/fr\/#\/schema\/logo\/image\/\"}}]}<\/script>\n<!-- \/ Yoast SEO plugin. -->","yoast_head_json":{"title":"XPE\/XPE R\u00e9ticul\u00e9 - Greenchemicals","robots":{"index":"index","follow":"follow","max-snippet":"max-snippet:-1","max-image-preview":"max-image-preview:large","max-video-preview":"max-video-preview:-1"},"canonical":"https:\/\/greenchemicals.eu\/fr\/gc-applications\/xpe-xpe-reticule\/","og_locale":"fr_FR","og_type":"article","og_title":"XPE\/XPE R\u00e9ticul\u00e9 - Greenchemicals","og_description":"XPE\/XPE R\u00e9ticul\u00e9 Greenchemicals recherche et d\u00e9veloppe des formulations d&rsquo;additifs innovantes et respectueuses de l&rsquo;environnement pourl&rsquo;application du XPE r\u00e9ticul\u00e9. Vous trouverez ci-dessous nos produits les plus vendus\u00a0: Aide au processus Peroxydes Uniquement pour les applications r\u00e9ticul\u00e9es Agents nucl\u00e9ants Antioxydants Uniquement pour XPE Retardateurs de flamme Synergiques de l&rsquo;Azodicarbonamide Uniquement pour le XPE r\u00e9ticul\u00e9","og_url":"https:\/\/greenchemicals.eu\/fr\/gc-applications\/xpe-xpe-reticule\/","og_site_name":"Greenchemicals","article_modified_time":"2024-09-24T13:15:12+00:00","twitter_card":"summary_large_image","schema":{"@context":"https:\/\/schema.org","@graph":[{"@type":"WebPage","@id":"https:\/\/greenchemicals.eu\/fr\/gc-applications\/xpe-xpe-reticule\/","url":"https:\/\/greenchemicals.eu\/fr\/gc-applications\/xpe-xpe-reticule\/","name":"XPE\/XPE R\u00e9ticul\u00e9 - Greenchemicals","isPartOf":{"@id":"https:\/\/greenchemicals.eu\/fr\/#website"},"datePublished":"2024-03-27T08:22:09+00:00","dateModified":"2024-09-24T13:15:12+00:00","breadcrumb":{"@id":"https:\/\/greenchemicals.eu\/fr\/gc-applications\/xpe-xpe-reticule\/#breadcrumb"},"inLanguage":"fr-FR","potentialAction":[{"@type":"ReadAction","target":["https:\/\/greenchemicals.eu\/fr\/gc-applications\/xpe-xpe-reticule\/"]}]},{"@type":"BreadcrumbList","@id":"https:\/\/greenchemicals.eu\/fr\/gc-applications\/xpe-xpe-reticule\/#breadcrumb","itemListElement":[{"@type":"ListItem","position":1,"name":"Home","item":"https:\/\/greenchemicals.eu\/fr\/"},{"@type":"ListItem","position":2,"name":"GC APPLICATIONS","item":"https:\/\/greenchemicals.eu\/fr\/gc-applications\/"},{"@type":"ListItem","position":3,"name":"XPE\/XPE R\u00e9ticul\u00e9"}]},{"@type":"WebSite","@id":"https:\/\/greenchemicals.eu\/fr\/#website","url":"https:\/\/greenchemicals.eu\/fr\/","name":"Greenchemicals","description":"","publisher":{"@id":"https:\/\/greenchemicals.eu\/fr\/#organization"},"potentialAction":[{"@type":"SearchAction","target":{"@type":"EntryPoint","urlTemplate":"https:\/\/greenchemicals.eu\/fr\/?s={search_term_string}"},"query-input":{"@type":"PropertyValueSpecification","valueRequired":true,"valueName":"search_term_string"}}],"inLanguage":"fr-FR"},{"@type":"Organization","@id":"https:\/\/greenchemicals.eu\/fr\/#organization","name":"Greenchemicals","url":"https:\/\/greenchemicals.eu\/fr\/","logo":{"@type":"ImageObject","inLanguage":"fr-FR","@id":"https:\/\/greenchemicals.eu\/fr\/#\/schema\/logo\/image\/","url":"https:\/\/greenchemicals.eu\/wp-content\/uploads\/2025\/10\/logo-1.png","contentUrl":"https:\/\/greenchemicals.eu\/wp-content\/uploads\/2025\/10\/logo-1.png","width":1087,"height":235,"caption":"Greenchemicals"},"image":{"@id":"https:\/\/greenchemicals.eu\/fr\/#\/schema\/logo\/image\/"}}]}},"_links":{"self":[{"href":"https:\/\/greenchemicals.eu\/fr\/wp-json\/wp\/v2\/pages\/13089","targetHints":{"allow":["GET"]}}],"collection":[{"href":"https:\/\/greenchemicals.eu\/fr\/wp-json\/wp\/v2\/pages"}],"about":[{"href":"https:\/\/greenchemicals.eu\/fr\/wp-json\/wp\/v2\/types\/page"}],"author":[{"embeddable":true,"href":"https:\/\/greenchemicals.eu\/fr\/wp-json\/wp\/v2\/users\/2"}],"replies":[{"embeddable":true,"href":"https:\/\/greenchemicals.eu\/fr\/wp-json\/wp\/v2\/comments?post=13089"}],"version-history":[{"count":3,"href":"https:\/\/greenchemicals.eu\/fr\/wp-json\/wp\/v2\/pages\/13089\/revisions"}],"predecessor-version":[{"id":13776,"href":"https:\/\/greenchemicals.eu\/fr\/wp-json\/wp\/v2\/pages\/13089\/revisions\/13776"}],"up":[{"embeddable":true,"href":"https:\/\/greenchemicals.eu\/fr\/wp-json\/wp\/v2\/pages\/14391"}],"wp:attachment":[{"href":"https:\/\/greenchemicals.eu\/fr\/wp-json\/wp\/v2\/media?parent=13089"}],"curies":[{"name":"wp","href":"https:\/\/api.w.org\/{rel}","templated":true}]}}