{"id":12937,"date":"2024-03-22T12:24:43","date_gmt":"2024-03-22T11:24:43","guid":{"rendered":"https:\/\/greenchemicals.eu\/credits\/"},"modified":"2024-07-25T09:15:31","modified_gmt":"2024-07-25T07:15:31","slug":"credits","status":"publish","type":"page","link":"https:\/\/greenchemicals.eu\/fr\/credits\/","title":{"rendered":"Cr\u00e9dits"},"content":{"rendered":"\t\t<div data-elementor-type=\"wp-page\" data-elementor-id=\"12937\" class=\"elementor elementor-12937 elementor-8469\" data-elementor-post-type=\"page\">\n\t\t\t\t<div class=\"has_eae_slider elementor-element elementor-element-a097205 e-flex e-con-boxed e-con e-parent\" data-eae-slider=\"86498\" data-id=\"a097205\" data-element_type=\"container\" data-settings=\"{&quot;background_background&quot;:&quot;classic&quot;}\">\n\t\t\t\t\t<div class=\"e-con-inner\">\n\t\t\t\t<div class=\"elementor-element elementor-element-2fba573 elementor-align-right elementor-mobile-align-center elementor-widget elementor-widget-breadcrumbs\" data-id=\"2fba573\" data-element_type=\"widget\" data-widget_type=\"breadcrumbs.default\">\n\t\t\t\t<div class=\"elementor-widget-container\">\n\t\t\t\t\t<p id=\"breadcrumbs\"><span><span><a href=\"https:\/\/greenchemicals.eu\/fr\/\">Home<\/a><\/span><\/span><\/p>\t\t\t\t<\/div>\n\t\t\t\t<\/div>\n\t\t\t\t\t<\/div>\n\t\t\t\t<\/div>\n\t\t<div class=\"has_eae_slider elementor-element elementor-element-195a532 e-flex e-con-boxed e-con e-parent\" data-eae-slider=\"20328\" data-id=\"195a532\" data-element_type=\"container\" data-settings=\"{&quot;background_background&quot;:&quot;classic&quot;}\">\n\t\t\t\t\t<div class=\"e-con-inner\">\n\t\t<div class=\"has_eae_slider elementor-element elementor-element-86c1ce5 e-con-full elementor-hidden-tablet elementor-hidden-mobile e-flex e-con e-child\" data-eae-slider=\"65649\" data-id=\"86c1ce5\" data-element_type=\"container\">\n\t\t\t\t<\/div>\n\t\t<div class=\"has_eae_slider elementor-element elementor-element-25cee37 e-con-full e-flex e-con e-child\" data-eae-slider=\"93074\" data-id=\"25cee37\" data-element_type=\"container\">\n\t\t\t\t<div class=\"elementor-element elementor-element-a785839 elementor-widget elementor-widget-heading\" data-id=\"a785839\" data-element_type=\"widget\" data-widget_type=\"heading.default\">\n\t\t\t\t<div class=\"elementor-widget-container\">\n\t\t\t\t\t<h1 class=\"elementor-heading-title elementor-size-default\">Cr\u00e9dits<\/h1>\t\t\t\t<\/div>\n\t\t\t\t<\/div>\n\t\t\t\t<\/div>\n\t\t<div class=\"has_eae_slider elementor-element elementor-element-0e26d35 e-con-full e-flex e-con e-child\" data-eae-slider=\"20865\" data-id=\"0e26d35\" data-element_type=\"container\">\n\t\t\t\t<\/div>\n\t\t\t\t\t<\/div>\n\t\t\t\t<\/div>\n\t\t<section class=\"has_eae_slider elementor-element elementor-element-cd21f18 e-flex e-con-boxed e-con e-parent\" data-eae-slider=\"35231\" data-id=\"cd21f18\" data-element_type=\"container\">\n\t\t\t\t\t<div class=\"e-con-inner\">\n\t\t<div class=\"has_eae_slider elementor-element elementor-element-d537273 e-con-full e-flex e-con e-child\" data-eae-slider=\"59071\" data-id=\"d537273\" data-element_type=\"container\">\n\t\t\t\t<div class=\"elementor-element elementor-element-e0e267a elementor-widget elementor-widget-heading\" data-id=\"e0e267a\" data-element_type=\"widget\" data-widget_type=\"heading.default\">\n\t\t\t\t<div class=\"elementor-widget-container\">\n\t\t\t\t\t<h2 class=\"elementor-heading-title elementor-size-default\">Web app development credits<\/h2>\t\t\t\t<\/div>\n\t\t\t\t<\/div>\n\t\t\t\t<div class=\"elementor-element elementor-element-753c9cb elementor-widget elementor-widget-heading\" data-id=\"753c9cb\" data-element_type=\"widget\" data-widget_type=\"heading.default\">\n\t\t\t\t<div class=\"elementor-widget-container\">\n\t\t\t\t\t<span class=\"elementor-heading-title elementor-size-default\">Web app design and development credits<\/span>\t\t\t\t<\/div>\n\t\t\t\t<\/div>\n\t\t\t\t<div class=\"elementor-element elementor-element-a4675d9 elementor-widget elementor-widget-text-editor\" data-id=\"a4675d9\" data-element_type=\"widget\" data-widget_type=\"text-editor.default\">\n\t\t\t\t<div class=\"elementor-widget-container\">\n\t\t\t\t\t\t\t\t\t<p>Ce site a \u00e9t\u00e9 cr\u00e9\u00e9 par l&rsquo;agence web SITI S.r.l., une entreprise informatique et une agence de communication bas\u00e9e \u00e0 Monza (IT) et \u00e0 Lugano (CH), sp\u00e9cialis\u00e9e dans le d\u00e9veloppement de sites web de commerce \u00e9lectronique et de produits num\u00e9riques innovants connus pour leur esth\u00e9tique soign\u00e9e et leur fort impact technologique. Pour en savoir plus sur l&rsquo;agence web et le service de d\u00e9veloppement web, visitez le site <a href=\"https:\/\/sitisrl.it\/web-agency-monza\" target=\"_blank\" rel=\"noopener\" data-saferedirecturl=\"https:\/\/www.google.com\/url?q=https:\/\/sitisrl.it\/web-agency-monza&amp;source=gmail&amp;ust=1711614213182000&amp;usg=AOvVaw1MMyF12d0VLFcZAJRPUDzP\">www.sitisrl.it<\/a><\/p>\n\t\t\t\t\t\t\t\t<\/div>\n\t\t\t\t<\/div>\n\t\t\t\t<\/div>\n\t\t\t\t\t<\/div>\n\t\t\t\t<\/section>\n\t\t\t\t<\/div>\n\t\t","protected":false},"excerpt":{"rendered":"<p>Cr\u00e9dits Web app development credits Web app design and development credits Ce site a \u00e9t\u00e9 cr\u00e9\u00e9 par l&rsquo;agence web SITI S.r.l., une entreprise informatique et une agence de communication bas\u00e9e \u00e0 Monza (IT) et \u00e0 Lugano (CH), sp\u00e9cialis\u00e9e dans le d\u00e9veloppement de sites web de commerce \u00e9lectronique et de produits num\u00e9riques innovants connus pour leur [&hellip;]<\/p>\n","protected":false},"author":2,"featured_media":0,"parent":0,"menu_order":0,"comment_status":"closed","ping_status":"closed","template":"","meta":{"_acf_changed":false,"footnotes":""},"class_list":["post-12937","page","type-page","status-publish","hentry"],"acf":[],"yoast_head":"<!-- This site is optimized with the Yoast SEO plugin v26.6 - https:\/\/yoast.com\/wordpress\/plugins\/seo\/ -->\n<title>Cr\u00e9dits - Greenchemicals<\/title>\n<meta name=\"robots\" content=\"index, follow, max-snippet:-1, max-image-preview:large, max-video-preview:-1\" \/>\n<link rel=\"canonical\" href=\"https:\/\/greenchemicals.eu\/fr\/credits\/\" \/>\n<meta property=\"og:locale\" content=\"fr_FR\" \/>\n<meta property=\"og:type\" content=\"article\" \/>\n<meta property=\"og:title\" content=\"Cr\u00e9dits - Greenchemicals\" \/>\n<meta property=\"og:description\" content=\"Cr\u00e9dits Web app development credits Web app design and development credits Ce site a \u00e9t\u00e9 cr\u00e9\u00e9 par l&rsquo;agence web SITI S.r.l., une entreprise informatique et une agence de communication bas\u00e9e \u00e0 Monza (IT) et \u00e0 Lugano (CH), sp\u00e9cialis\u00e9e dans le d\u00e9veloppement de sites web de commerce \u00e9lectronique et de produits num\u00e9riques innovants connus pour leur [&hellip;]\" \/>\n<meta property=\"og:url\" content=\"https:\/\/greenchemicals.eu\/fr\/credits\/\" \/>\n<meta property=\"og:site_name\" content=\"Greenchemicals\" \/>\n<meta property=\"article:modified_time\" content=\"2024-07-25T07:15:31+00:00\" \/>\n<meta name=\"twitter:card\" content=\"summary_large_image\" \/>\n<script type=\"application\/ld+json\" class=\"yoast-schema-graph\">{\"@context\":\"https:\/\/schema.org\",\"@graph\":[{\"@type\":\"WebPage\",\"@id\":\"https:\/\/greenchemicals.eu\/fr\/credits\/\",\"url\":\"https:\/\/greenchemicals.eu\/fr\/credits\/\",\"name\":\"Cr\u00e9dits - Greenchemicals\",\"isPartOf\":{\"@id\":\"https:\/\/greenchemicals.eu\/fr\/#website\"},\"datePublished\":\"2024-03-22T11:24:43+00:00\",\"dateModified\":\"2024-07-25T07:15:31+00:00\",\"breadcrumb\":{\"@id\":\"https:\/\/greenchemicals.eu\/fr\/credits\/#breadcrumb\"},\"inLanguage\":\"fr-FR\",\"potentialAction\":[{\"@type\":\"ReadAction\",\"target\":[\"https:\/\/greenchemicals.eu\/fr\/credits\/\"]}]},{\"@type\":\"BreadcrumbList\",\"@id\":\"https:\/\/greenchemicals.eu\/fr\/credits\/#breadcrumb\",\"itemListElement\":[{\"@type\":\"ListItem\",\"position\":1,\"name\":\"Home\",\"item\":\"https:\/\/greenchemicals.eu\/fr\/\"},{\"@type\":\"ListItem\",\"position\":2,\"name\":\"Cr\u00e9dits\"}]},{\"@type\":\"WebSite\",\"@id\":\"https:\/\/greenchemicals.eu\/fr\/#website\",\"url\":\"https:\/\/greenchemicals.eu\/fr\/\",\"name\":\"Greenchemicals\",\"description\":\"\",\"publisher\":{\"@id\":\"https:\/\/greenchemicals.eu\/fr\/#organization\"},\"potentialAction\":[{\"@type\":\"SearchAction\",\"target\":{\"@type\":\"EntryPoint\",\"urlTemplate\":\"https:\/\/greenchemicals.eu\/fr\/?s={search_term_string}\"},\"query-input\":{\"@type\":\"PropertyValueSpecification\",\"valueRequired\":true,\"valueName\":\"search_term_string\"}}],\"inLanguage\":\"fr-FR\"},{\"@type\":\"Organization\",\"@id\":\"https:\/\/greenchemicals.eu\/fr\/#organization\",\"name\":\"Greenchemicals\",\"url\":\"https:\/\/greenchemicals.eu\/fr\/\",\"logo\":{\"@type\":\"ImageObject\",\"inLanguage\":\"fr-FR\",\"@id\":\"https:\/\/greenchemicals.eu\/fr\/#\/schema\/logo\/image\/\",\"url\":\"https:\/\/greenchemicals.eu\/wp-content\/uploads\/2025\/10\/logo-1.png\",\"contentUrl\":\"https:\/\/greenchemicals.eu\/wp-content\/uploads\/2025\/10\/logo-1.png\",\"width\":1087,\"height\":235,\"caption\":\"Greenchemicals\"},\"image\":{\"@id\":\"https:\/\/greenchemicals.eu\/fr\/#\/schema\/logo\/image\/\"}}]}<\/script>\n<!-- \/ Yoast SEO plugin. -->","yoast_head_json":{"title":"Cr\u00e9dits - Greenchemicals","robots":{"index":"index","follow":"follow","max-snippet":"max-snippet:-1","max-image-preview":"max-image-preview:large","max-video-preview":"max-video-preview:-1"},"canonical":"https:\/\/greenchemicals.eu\/fr\/credits\/","og_locale":"fr_FR","og_type":"article","og_title":"Cr\u00e9dits - Greenchemicals","og_description":"Cr\u00e9dits Web app development credits Web app design and development credits Ce site a \u00e9t\u00e9 cr\u00e9\u00e9 par l&rsquo;agence web SITI S.r.l., une entreprise informatique et une agence de communication bas\u00e9e \u00e0 Monza (IT) et \u00e0 Lugano (CH), sp\u00e9cialis\u00e9e dans le d\u00e9veloppement de sites web de commerce \u00e9lectronique et de produits num\u00e9riques innovants connus pour leur [&hellip;]","og_url":"https:\/\/greenchemicals.eu\/fr\/credits\/","og_site_name":"Greenchemicals","article_modified_time":"2024-07-25T07:15:31+00:00","twitter_card":"summary_large_image","schema":{"@context":"https:\/\/schema.org","@graph":[{"@type":"WebPage","@id":"https:\/\/greenchemicals.eu\/fr\/credits\/","url":"https:\/\/greenchemicals.eu\/fr\/credits\/","name":"Cr\u00e9dits - Greenchemicals","isPartOf":{"@id":"https:\/\/greenchemicals.eu\/fr\/#website"},"datePublished":"2024-03-22T11:24:43+00:00","dateModified":"2024-07-25T07:15:31+00:00","breadcrumb":{"@id":"https:\/\/greenchemicals.eu\/fr\/credits\/#breadcrumb"},"inLanguage":"fr-FR","potentialAction":[{"@type":"ReadAction","target":["https:\/\/greenchemicals.eu\/fr\/credits\/"]}]},{"@type":"BreadcrumbList","@id":"https:\/\/greenchemicals.eu\/fr\/credits\/#breadcrumb","itemListElement":[{"@type":"ListItem","position":1,"name":"Home","item":"https:\/\/greenchemicals.eu\/fr\/"},{"@type":"ListItem","position":2,"name":"Cr\u00e9dits"}]},{"@type":"WebSite","@id":"https:\/\/greenchemicals.eu\/fr\/#website","url":"https:\/\/greenchemicals.eu\/fr\/","name":"Greenchemicals","description":"","publisher":{"@id":"https:\/\/greenchemicals.eu\/fr\/#organization"},"potentialAction":[{"@type":"SearchAction","target":{"@type":"EntryPoint","urlTemplate":"https:\/\/greenchemicals.eu\/fr\/?s={search_term_string}"},"query-input":{"@type":"PropertyValueSpecification","valueRequired":true,"valueName":"search_term_string"}}],"inLanguage":"fr-FR"},{"@type":"Organization","@id":"https:\/\/greenchemicals.eu\/fr\/#organization","name":"Greenchemicals","url":"https:\/\/greenchemicals.eu\/fr\/","logo":{"@type":"ImageObject","inLanguage":"fr-FR","@id":"https:\/\/greenchemicals.eu\/fr\/#\/schema\/logo\/image\/","url":"https:\/\/greenchemicals.eu\/wp-content\/uploads\/2025\/10\/logo-1.png","contentUrl":"https:\/\/greenchemicals.eu\/wp-content\/uploads\/2025\/10\/logo-1.png","width":1087,"height":235,"caption":"Greenchemicals"},"image":{"@id":"https:\/\/greenchemicals.eu\/fr\/#\/schema\/logo\/image\/"}}]}},"_links":{"self":[{"href":"https:\/\/greenchemicals.eu\/fr\/wp-json\/wp\/v2\/pages\/12937","targetHints":{"allow":["GET"]}}],"collection":[{"href":"https:\/\/greenchemicals.eu\/fr\/wp-json\/wp\/v2\/pages"}],"about":[{"href":"https:\/\/greenchemicals.eu\/fr\/wp-json\/wp\/v2\/types\/page"}],"author":[{"embeddable":true,"href":"https:\/\/greenchemicals.eu\/fr\/wp-json\/wp\/v2\/users\/2"}],"replies":[{"embeddable":true,"href":"https:\/\/greenchemicals.eu\/fr\/wp-json\/wp\/v2\/comments?post=12937"}],"version-history":[{"count":1,"href":"https:\/\/greenchemicals.eu\/fr\/wp-json\/wp\/v2\/pages\/12937\/revisions"}],"predecessor-version":[{"id":12942,"href":"https:\/\/greenchemicals.eu\/fr\/wp-json\/wp\/v2\/pages\/12937\/revisions\/12942"}],"wp:attachment":[{"href":"https:\/\/greenchemicals.eu\/fr\/wp-json\/wp\/v2\/media?parent=12937"}],"curies":[{"name":"wp","href":"https:\/\/api.w.org\/{rel}","templated":true}]}}