{"id":12908,"date":"2024-03-22T12:23:53","date_gmt":"2024-03-22T11:23:53","guid":{"rendered":"https:\/\/greenchemicals.eu\/privacy-cookie-policy\/"},"modified":"2025-10-03T14:52:48","modified_gmt":"2025-10-03T12:52:48","slug":"privacy-cookie-policy","status":"publish","type":"page","link":"https:\/\/greenchemicals.eu\/fr\/privacy-cookie-policy\/","title":{"rendered":"Privacy &#038; Cookie Policy"},"content":{"rendered":"\t\t<div data-elementor-type=\"wp-page\" data-elementor-id=\"12908\" class=\"elementor elementor-12908 elementor-4355\" data-elementor-post-type=\"page\">\n\t\t\t\t<div class=\"has_eae_slider elementor-element elementor-element-a097205 e-flex e-con-boxed e-con e-parent\" data-eae-slider=\"82670\" data-id=\"a097205\" data-element_type=\"container\" data-settings=\"{&quot;background_background&quot;:&quot;classic&quot;}\">\n\t\t\t\t\t<div class=\"e-con-inner\">\n\t\t\t\t<div class=\"elementor-element elementor-element-2fba573 elementor-align-right elementor-mobile-align-center elementor-widget elementor-widget-breadcrumbs\" data-id=\"2fba573\" data-element_type=\"widget\" data-widget_type=\"breadcrumbs.default\">\n\t\t\t\t<div class=\"elementor-widget-container\">\n\t\t\t\t\t<p id=\"breadcrumbs\"><span><span><a href=\"https:\/\/greenchemicals.eu\/fr\/\">Home<\/a><\/span><\/span><\/p>\t\t\t\t<\/div>\n\t\t\t\t<\/div>\n\t\t\t\t\t<\/div>\n\t\t\t\t<\/div>\n\t\t<div class=\"has_eae_slider elementor-element elementor-element-195a532 e-flex e-con-boxed e-con e-parent\" data-eae-slider=\"75424\" data-id=\"195a532\" data-element_type=\"container\" data-settings=\"{&quot;background_background&quot;:&quot;classic&quot;}\">\n\t\t\t\t\t<div class=\"e-con-inner\">\n\t\t<div class=\"has_eae_slider elementor-element elementor-element-86c1ce5 e-con-full elementor-hidden-tablet elementor-hidden-mobile e-flex e-con e-child\" data-eae-slider=\"57280\" data-id=\"86c1ce5\" data-element_type=\"container\">\n\t\t\t\t<\/div>\n\t\t<div class=\"has_eae_slider elementor-element elementor-element-25cee37 e-con-full e-flex e-con e-child\" data-eae-slider=\"8395\" data-id=\"25cee37\" data-element_type=\"container\">\n\t\t\t\t<div class=\"elementor-element elementor-element-a785839 elementor-widget elementor-widget-heading\" data-id=\"a785839\" data-element_type=\"widget\" data-widget_type=\"heading.default\">\n\t\t\t\t<div class=\"elementor-widget-container\">\n\t\t\t\t\t<h1 class=\"elementor-heading-title elementor-size-default\">Privacy &amp; Cookie Policy<\/h1>\t\t\t\t<\/div>\n\t\t\t\t<\/div>\n\t\t\t\t<\/div>\n\t\t<div class=\"has_eae_slider elementor-element elementor-element-0e26d35 e-con-full e-flex e-con e-child\" data-eae-slider=\"99198\" data-id=\"0e26d35\" data-element_type=\"container\">\n\t\t\t\t<\/div>\n\t\t\t\t\t<\/div>\n\t\t\t\t<\/div>\n\t\t<section class=\"has_eae_slider elementor-element elementor-element-cd21f18 e-flex e-con-boxed e-con e-parent\" data-eae-slider=\"8213\" data-id=\"cd21f18\" data-element_type=\"container\">\n\t\t\t\t\t<div class=\"e-con-inner\">\n\t\t<div class=\"has_eae_slider elementor-element elementor-element-d537273 e-con-full e-flex e-con e-child\" data-eae-slider=\"65561\" data-id=\"d537273\" data-element_type=\"container\">\n\t\t\t\t<div class=\"elementor-element elementor-element-9565b6f elementor-widget elementor-widget-html\" data-id=\"9565b6f\" data-element_type=\"widget\" data-widget_type=\"html.default\">\n\t\t\t\t<div class=\"elementor-widget-container\">\n\t\t\t\t\t<!-- Start CookieYes cookie policy -->\r\n<style>\r\n  a.cky-banner-element {\r\n    padding: 8px 30px;\r\n    background: #f8f9fa;\r\n    color: #858a8f;\r\n    border: 1px solid #dee2e6;\r\n    box-sizing: border-box;\r\n    border-radius: 2px;\r\n    cursor: pointer\r\n  }\r\n<\/style>\r\n<h1 class=\"cookie-policy-h1\">Cookie Policy<\/h1>\r\n<div class=\"cookie-policy-date-container\">\r\n  <p>Effective date: October 03, 2025<\/p>\r\n  <p>Last updated: October 03, 2025<\/p>\r\n<\/div>&nbsp;<h2>What are cookies?<\/h2>\r\n<div class=\"cookie-policy-p\">\r\n  <p>This Cookie Policy explains what cookies are, how we use them, the types of cookies we use (i.e., the information we collect using cookies and how that information is used), and how to manage your cookie settings.<\/p>\r\n  <p>Cookies are small text files used to store small pieces of information. They are stored on your device when a website loads in your browser. These cookies help ensure that the website functions properly, enhance security, provide a better user experience, and analyse performance to identify what works and where improvements are needed.<\/p>\r\n<\/div>&nbsp;<h2>How do we use cookies?<\/h2>\r\n<div class=\"cookie-policy-p\">\r\n  <p>Like most online services, our website uses both first-party and third-party cookies for various purposes. First-party cookies are primarily necessary for the website to function properly and do not collect any personally identifiable data.<\/p>\r\n  <p>The third-party cookies used on our website primarily help us understand how the website performs, track how you interact with it, keep our services secure, deliver relevant advertisements, and enhance your overall user experience while improving the speed of your future interactions with our website.<\/p>\r\n<\/div>&nbsp;<h2>Types of cookies we use<\/h2>\r\n<div class=\"cky-audit-table-element\"><\/div>&nbsp;<h2 style=\"margin-bottom: 20px\">Manage cookie preferences<\/h2><a class=\"cky-banner-element\">Consent Preferences<\/a><br \/>\r\n<div>\r\n  <p>You can modify your cookie settings anytime by clicking the 'Consent Preferences' button above. This will allow you to revisit the cookie consent banner and update your preferences or withdraw your consent immediately. <\/p>\r\n  <p>Additionally, different browsers offer various methods to block and delete cookies used by websites. You can adjust your browser settings to block or delete cookies. Below are links to support documents on how to manage and delete cookies in major web browsers.<\/p>\r\n  <p>Chrome: <a target=\"_blank\" rel=\"noopener noreferrer\" href=\"https:\/\/support.google.com\/accounts\/answer\/32050\">https:\/\/support.google.com\/accounts\/answer\/32050<\/a><\/p>\r\n  <p>Safari: <a target=\"_blank\" rel=\"noopener noreferrer\" href=\"https:\/\/support.apple.com\/en-in\/guide\/safari\/sfri11471\/mac\">https:\/\/support.apple.com\/en-in\/guide\/safari\/sfri11471\/mac<\/a><\/p>\r\n  <p>Firefox: <a target=\"_blank\" rel=\"noopener noreferrer\" href=\"https:\/\/support.mozilla.org\/en-US\/kb\/clear-cookies-and-site-data-firefox?redirectslug=delete-cookies-remove-info-websites-stored&redirectlocale=en-US\">https:\/\/support.mozilla.org\/en-US\/kb\/clear-cookies-and-site-data-firefox?redirectslug=delete-cookies-remove-info-websites-stored&redirectlocale=en-US<\/a><\/p>\r\n  <p>Internet Explorer: <a target=\"_blank\" rel=\"noopener noreferrer\" href=\"https:\/\/support.microsoft.com\/en-us\/topic\/how-to-delete-cookie-files-in-internet-explorer-bca9446f-d873-78de-77ba-d42645fa52fc\">https:\/\/support.microsoft.com\/en-us\/topic\/how-to-delete-cookie-files-in-internet-explorer-bca9446f-d873-78de-77ba-d42645fa52fc<\/a><\/p>\r\n  <p>If you are using a different web browser, please refer to its official support documentation.<\/p>\r\n<\/div>&nbsp;<p class=\"cookie-policy-p\"> Cookie Policy generated by <a target=\"_blank\" rel=\"noopener noreferrer\" href=\"https:\/\/www.cookieyes.com\/?utm_source=CP&utm_medium=footer&utm_campaign=UW\">CookieYes - Cookie Policy Generator<\/a><\/p>\r\n<!-- End CookieYes cookie policy -->\t\t\t\t<\/div>\n\t\t\t\t<\/div>\n\t\t\t\t<div class=\"elementor-element elementor-element-ced8ee4 elementor-widget elementor-widget-html\" data-id=\"ced8ee4\" data-element_type=\"widget\" data-widget_type=\"html.default\">\n\t\t\t\t<div class=\"elementor-widget-container\">\n\t\t\t\t\t<h3 class=\"privacy-policy-h1\">Privacy Policy<h3><\/h3>\r\n<br><span>Last Updated On 03-Oct-2025<\/span>\r\n<br><span>Effective Date 03-Oct-2025<\/span>\r\n\r\n\r\n<p class=\"privacy-policy-p\">\r\n    This Privacy Policy describes the policies of\r\n\r\n    GREEN CHEMICAL S.R.L.,\r\n    Via Lavoratori Autobianchi, 1,\r\n    Desio\r\n    20832,\r\n    Italy,\r\n    email: volpao@greenchemicals.green,\r\n    phone: +3903621547305\r\n\r\n    on the collection,\r\n    use and disclosure of your information that we collect\r\n    when you use our website ( https:\/\/greenchemicals.eu ).\r\n    (the \u201cService\u201d). By accessing or using\r\n    the\r\n    Service, you are consenting to the collection, use and\r\n    disclosure of your information in accordance with this\r\n    Privacy Policy. If you do not consent to the same,\r\n    please do not access or use the Service.\r\n<\/p>\r\n\r\n<p class=\"privacy-policy-p\">\r\n    We may modify this Privacy Policy at any time without\r\n    any prior notice to you and will post the revised\r\n    Privacy Policy on the Service. The revised Policy will\r\n    be effective 180 days from when the\r\n    revised Policy is posted in the Service and your\r\n    continued access or use of the Service after such time\r\n    will constitute your acceptance of the revised Privacy\r\n    Policy. We therefore recommend that you periodically\r\n    review this page.\r\n<\/p>\r\n\r\n<ol class=\"privacy-policy-ol\">\r\n        <li>\r\n        <h2 class=\"privacy-policy-h2\">\r\n            Information We Collect:\r\n        <\/h2>\r\n\r\n        \r\n        <p class=\"privacy-policy-p\">\r\n            We will collect and process the following\r\n            personal information about you:\r\n        <\/p>\r\n        <ol class=\"privacy-policy-ol\">\r\n\r\n                        <li>Name<\/li>\r\n            \r\n                        <li>Email<\/li>\r\n            \r\n                        <li>Mobile<\/li>\r\n            \r\n            \r\n            \r\n            \r\n                        <li>Work Address<\/li>\r\n            \r\n                        \r\n                                    \r\n        <\/ol>\r\n        \r\n\r\n        \r\n\r\n    <\/li>\r\n\r\n    \r\n    \r\n\r\n        <li>\r\n        <h2 class=\"privacy-policy-h2\">\r\n            How We Use Your Information:\r\n        <\/h2>\r\n        <p class=\"privacy-policy-p\">\r\n            We will use the information that we collect\r\n            about you for the following purposes:\r\n        <\/p>\r\n        <ol class=\"privacy-policy-ol\">\r\n\r\n            \r\n                        <li>Creating user account<\/li>\r\n            \r\n            \r\n            \r\n            \r\n            \r\n            \r\n            \r\n            \r\n            \r\n            \r\n            \r\n            \r\n            \r\n        <\/ol>\r\n        <p class=\"privacy-policy-p\">\r\n            If we want to use your information for any other\r\n            purpose, we will ask you for consent and will\r\n            use your information only on receiving your\r\n            consent and then, only for the purpose(s) for\r\n            which grant consent unless we are required to do\r\n            otherwise by law.\r\n        <\/p>\r\n    <\/li>\r\n    \r\n    \r\n\r\n        <li>\r\n        <h2 class=\"privacy-policy-h2\">\r\n            Retention Of Your Information:\r\n        <\/h2>\r\n        <p class=\"privacy-policy-p\">\r\n            We will retain your personal information with us\r\n            for\r\n                        90 days to 2 years after users terminate their accounts\r\n                        or for as\r\n            long as we need it to fulfill the purposes for\r\n            which it was collected as detailed in this\r\n            Privacy Policy. We may need to retain certain\r\n            information for longer periods such as\r\n            record-keeping \/ reporting in accordance with\r\n            applicable law or for other legitimate reasons\r\n            like enforcement of legal rights, fraud\r\n            prevention, etc. Residual anonymous information\r\n            and aggregate information, neither of which\r\n            identifies you (directly or indirectly), may be\r\n            stored indefinitely.\r\n        <\/p>\r\n    <\/li>\r\n    \r\n    <li>\r\n        <h2 class=\"privacy-policy-h2\">\r\n            Your Rights:\r\n        <\/h2>\r\n        <p class=\"privacy-policy-p\">\r\n            Depending on the law that applies, you may have\r\n            a right to access and rectify or erase your\r\n            personal data or receive a copy of your personal\r\n            data, restrict or object to the active\r\n            processing of your data, ask us to share (port)\r\n            your personal information to another entity,\r\n            withdraw any consent you provided to us to\r\n            process your data, a right to lodge a complaint\r\n            with a statutory authority and such other rights\r\n            as may be relevant under applicable laws. To\r\n            exercise these rights, you can write to us at\r\n            volpao@greenchemicals.green.\r\n            We will respond to your\r\n            request in accordance with applicable law.\r\n        <\/p>\r\n\r\n        \r\n        <p class=\"privacy-policy-p\">\r\n            Do note that if you do not allow us to collect\r\n            or process the required personal information or\r\n            withdraw the consent to process the same for the\r\n            required purposes, you may not be able to access\r\n            or use the services for which your information\r\n            was sought.\r\n        <\/p>\r\n    <\/li>\r\n        <li>\r\n        <h2 class=\"privacy-policy-h2\">\r\n            Cookies Etc.\r\n        <\/h2>\r\n        <p class=\"privacy-policy-p\">\r\n\r\n            \r\n            To learn more about how we use these\r\n            and your choices in relation to these tracking\r\n            technologies, please refer to our\r\n            <a href=\"https:\/\/greenchemicals.eu\">Cookie Policy.<\/a>\r\n        <\/p>\r\n    <\/li>\r\n    \r\n    <li>\r\n        <h2 class=\"privacy-policy-h2\">\r\n            Security:\r\n        <\/h2>\r\n        <p class=\"privacy-policy-p\">\r\n            The security of your information is important to\r\n            us and we will use reasonable security measures\r\n            to prevent the loss, misuse or unauthorized\r\n            alteration of your information under our\r\n            control. However, given the inherent risks, we\r\n            cannot guarantee absolute security and\r\n            consequently, we cannot ensure or warrant the\r\n            security of any information you transmit to us\r\n            and you do so at your own risk.\r\n        <\/p>\r\n    <\/li>\r\n\r\n    \r\n    <li>\r\n        <h2 class=\"privacy-policy-h2\">\r\n            Grievance \/ Data Protection Officer:\r\n        <\/h2>\r\n        <p class=\"privacy-policy-p\">\r\n            If you have any queries or concerns about the\r\n            processing of your information that is available\r\n            with us, you may email our Grievance Officer at\r\n            GREEN CHEMICAL S.R.L.,\r\n            Via Lavoratori Autobianchi, 1,\r\n            email: volpao@greenchemicals.green.\r\n            We will address your concerns in accordance with applicable law.\r\n        <\/p>\r\n    <\/li>\r\n<\/ol>\r\n<p class=\"privacy-policy-p\">\r\n    Privacy Policy generated with  <a target=\"_blank\" href=\"https:\/\/www.cookieyes.com\/?utm_source=PP&utm_medium=footer&utm_campaign=UW\">CookieYes<\/a>.\r\n<\/p>\t\t\t\t<\/div>\n\t\t\t\t<\/div>\n\t\t\t\t<div class=\"elementor-element elementor-element-3969973 elementor-widget elementor-widget-text-editor\" data-id=\"3969973\" data-element_type=\"widget\" data-widget_type=\"text-editor.default\">\n\t\t\t\t<div class=\"elementor-widget-container\">\n\t\t\t\t\t\t\t\t\t<p>Si vous avez des questions et\/ou des commentaires concernant la Politique en mati\u00e8re de cookies et la pr\u00e9sente d\u00e9claration, veuillez nous contacter en utilisant les coordonn\u00e9es suivantes\u00a0:<\/p><p><span class=\"cmplz-contact-organisation\">GREEN CHEMICAL S.R.L.<\/span><br \/><span class=\"cmplz-contact-country\">Via Lavoratori Autobianchi, 1 20832 Desio (MB), Italy<\/span><br \/>Site web :<span class=\"cmplz-contact-domain\"><a href=\"https:\/\/greenchemical.it\/\">https:\/\/greenchemical.it<\/a><\/span><br \/>Email\u00a0: <a href=\"mailto:info@greenchemicals.green\">info@greenchemicals.green<\/a><br \/><span class=\"cmplz-contact-telephone\">Num\u00e9ro de t\u00e9l\u00e9phone\u00a0: +39 0362 1547305<\/span><\/p>\t\t\t\t\t\t\t\t<\/div>\n\t\t\t\t<\/div>\n\t\t\t\t<\/div>\n\t\t\t\t\t<\/div>\n\t\t\t\t<\/section>\n\t\t\t\t<\/div>\n\t\t","protected":false},"excerpt":{"rendered":"<p>Privacy &amp; Cookie Policy Cookie Policy Effective date: October 03, 2025 Last updated: October 03, 2025 &nbsp; What are cookies? This Cookie Policy explains what cookies are, how we use them, the types of cookies we use (i.e., the information we collect using cookies and how that information is used), and how to manage your [&hellip;]<\/p>\n","protected":false},"author":2,"featured_media":0,"parent":0,"menu_order":0,"comment_status":"closed","ping_status":"closed","template":"","meta":{"_acf_changed":false,"footnotes":""},"class_list":["post-12908","page","type-page","status-publish","hentry"],"acf":[],"yoast_head":"<!-- This site is optimized with the Yoast SEO plugin v26.6 - https:\/\/yoast.com\/wordpress\/plugins\/seo\/ -->\n<title>Privacy &amp; Cookie Policy - Greenchemicals<\/title>\n<meta name=\"robots\" content=\"index, follow, max-snippet:-1, max-image-preview:large, max-video-preview:-1\" \/>\n<link rel=\"canonical\" href=\"https:\/\/greenchemicals.eu\/fr\/privacy-cookie-policy\/\" \/>\n<meta property=\"og:locale\" content=\"fr_FR\" \/>\n<meta property=\"og:type\" content=\"article\" \/>\n<meta property=\"og:title\" content=\"Privacy &amp; Cookie Policy - Greenchemicals\" \/>\n<meta property=\"og:description\" content=\"Privacy &amp; Cookie Policy Cookie Policy Effective date: October 03, 2025 Last updated: October 03, 2025 &nbsp; What are cookies? This Cookie Policy explains what cookies are, how we use them, the types of cookies we use (i.e., the information we collect using cookies and how that information is used), and how to manage your [&hellip;]\" \/>\n<meta property=\"og:url\" content=\"https:\/\/greenchemicals.eu\/fr\/privacy-cookie-policy\/\" \/>\n<meta property=\"og:site_name\" content=\"Greenchemicals\" \/>\n<meta property=\"article:modified_time\" content=\"2025-10-03T12:52:48+00:00\" \/>\n<meta name=\"twitter:card\" content=\"summary_large_image\" \/>\n<meta name=\"twitter:label1\" content=\"Dur\u00e9e de lecture estim\u00e9e\" \/>\n\t<meta name=\"twitter:data1\" content=\"6 minutes\" \/>\n<script type=\"application\/ld+json\" class=\"yoast-schema-graph\">{\"@context\":\"https:\/\/schema.org\",\"@graph\":[{\"@type\":\"WebPage\",\"@id\":\"https:\/\/greenchemicals.eu\/fr\/privacy-cookie-policy\/\",\"url\":\"https:\/\/greenchemicals.eu\/fr\/privacy-cookie-policy\/\",\"name\":\"Privacy & Cookie Policy - Greenchemicals\",\"isPartOf\":{\"@id\":\"https:\/\/greenchemicals.eu\/fr\/#website\"},\"datePublished\":\"2024-03-22T11:23:53+00:00\",\"dateModified\":\"2025-10-03T12:52:48+00:00\",\"breadcrumb\":{\"@id\":\"https:\/\/greenchemicals.eu\/fr\/privacy-cookie-policy\/#breadcrumb\"},\"inLanguage\":\"fr-FR\",\"potentialAction\":[{\"@type\":\"ReadAction\",\"target\":[\"https:\/\/greenchemicals.eu\/fr\/privacy-cookie-policy\/\"]}]},{\"@type\":\"BreadcrumbList\",\"@id\":\"https:\/\/greenchemicals.eu\/fr\/privacy-cookie-policy\/#breadcrumb\",\"itemListElement\":[{\"@type\":\"ListItem\",\"position\":1,\"name\":\"Home\",\"item\":\"https:\/\/greenchemicals.eu\/fr\/\"},{\"@type\":\"ListItem\",\"position\":2,\"name\":\"Privacy &#038; Cookie Policy\"}]},{\"@type\":\"WebSite\",\"@id\":\"https:\/\/greenchemicals.eu\/fr\/#website\",\"url\":\"https:\/\/greenchemicals.eu\/fr\/\",\"name\":\"Greenchemicals\",\"description\":\"\",\"publisher\":{\"@id\":\"https:\/\/greenchemicals.eu\/fr\/#organization\"},\"potentialAction\":[{\"@type\":\"SearchAction\",\"target\":{\"@type\":\"EntryPoint\",\"urlTemplate\":\"https:\/\/greenchemicals.eu\/fr\/?s={search_term_string}\"},\"query-input\":{\"@type\":\"PropertyValueSpecification\",\"valueRequired\":true,\"valueName\":\"search_term_string\"}}],\"inLanguage\":\"fr-FR\"},{\"@type\":\"Organization\",\"@id\":\"https:\/\/greenchemicals.eu\/fr\/#organization\",\"name\":\"Greenchemicals\",\"url\":\"https:\/\/greenchemicals.eu\/fr\/\",\"logo\":{\"@type\":\"ImageObject\",\"inLanguage\":\"fr-FR\",\"@id\":\"https:\/\/greenchemicals.eu\/fr\/#\/schema\/logo\/image\/\",\"url\":\"https:\/\/greenchemicals.eu\/wp-content\/uploads\/2025\/10\/logo-1.png\",\"contentUrl\":\"https:\/\/greenchemicals.eu\/wp-content\/uploads\/2025\/10\/logo-1.png\",\"width\":1087,\"height\":235,\"caption\":\"Greenchemicals\"},\"image\":{\"@id\":\"https:\/\/greenchemicals.eu\/fr\/#\/schema\/logo\/image\/\"}}]}<\/script>\n<!-- \/ Yoast SEO plugin. -->","yoast_head_json":{"title":"Privacy & Cookie Policy - Greenchemicals","robots":{"index":"index","follow":"follow","max-snippet":"max-snippet:-1","max-image-preview":"max-image-preview:large","max-video-preview":"max-video-preview:-1"},"canonical":"https:\/\/greenchemicals.eu\/fr\/privacy-cookie-policy\/","og_locale":"fr_FR","og_type":"article","og_title":"Privacy & Cookie Policy - Greenchemicals","og_description":"Privacy &amp; Cookie Policy Cookie Policy Effective date: October 03, 2025 Last updated: October 03, 2025 &nbsp; What are cookies? This Cookie Policy explains what cookies are, how we use them, the types of cookies we use (i.e., the information we collect using cookies and how that information is used), and how to manage your [&hellip;]","og_url":"https:\/\/greenchemicals.eu\/fr\/privacy-cookie-policy\/","og_site_name":"Greenchemicals","article_modified_time":"2025-10-03T12:52:48+00:00","twitter_card":"summary_large_image","twitter_misc":{"Dur\u00e9e de lecture estim\u00e9e":"6 minutes"},"schema":{"@context":"https:\/\/schema.org","@graph":[{"@type":"WebPage","@id":"https:\/\/greenchemicals.eu\/fr\/privacy-cookie-policy\/","url":"https:\/\/greenchemicals.eu\/fr\/privacy-cookie-policy\/","name":"Privacy & Cookie Policy - Greenchemicals","isPartOf":{"@id":"https:\/\/greenchemicals.eu\/fr\/#website"},"datePublished":"2024-03-22T11:23:53+00:00","dateModified":"2025-10-03T12:52:48+00:00","breadcrumb":{"@id":"https:\/\/greenchemicals.eu\/fr\/privacy-cookie-policy\/#breadcrumb"},"inLanguage":"fr-FR","potentialAction":[{"@type":"ReadAction","target":["https:\/\/greenchemicals.eu\/fr\/privacy-cookie-policy\/"]}]},{"@type":"BreadcrumbList","@id":"https:\/\/greenchemicals.eu\/fr\/privacy-cookie-policy\/#breadcrumb","itemListElement":[{"@type":"ListItem","position":1,"name":"Home","item":"https:\/\/greenchemicals.eu\/fr\/"},{"@type":"ListItem","position":2,"name":"Privacy &#038; Cookie Policy"}]},{"@type":"WebSite","@id":"https:\/\/greenchemicals.eu\/fr\/#website","url":"https:\/\/greenchemicals.eu\/fr\/","name":"Greenchemicals","description":"","publisher":{"@id":"https:\/\/greenchemicals.eu\/fr\/#organization"},"potentialAction":[{"@type":"SearchAction","target":{"@type":"EntryPoint","urlTemplate":"https:\/\/greenchemicals.eu\/fr\/?s={search_term_string}"},"query-input":{"@type":"PropertyValueSpecification","valueRequired":true,"valueName":"search_term_string"}}],"inLanguage":"fr-FR"},{"@type":"Organization","@id":"https:\/\/greenchemicals.eu\/fr\/#organization","name":"Greenchemicals","url":"https:\/\/greenchemicals.eu\/fr\/","logo":{"@type":"ImageObject","inLanguage":"fr-FR","@id":"https:\/\/greenchemicals.eu\/fr\/#\/schema\/logo\/image\/","url":"https:\/\/greenchemicals.eu\/wp-content\/uploads\/2025\/10\/logo-1.png","contentUrl":"https:\/\/greenchemicals.eu\/wp-content\/uploads\/2025\/10\/logo-1.png","width":1087,"height":235,"caption":"Greenchemicals"},"image":{"@id":"https:\/\/greenchemicals.eu\/fr\/#\/schema\/logo\/image\/"}}]}},"_links":{"self":[{"href":"https:\/\/greenchemicals.eu\/fr\/wp-json\/wp\/v2\/pages\/12908","targetHints":{"allow":["GET"]}}],"collection":[{"href":"https:\/\/greenchemicals.eu\/fr\/wp-json\/wp\/v2\/pages"}],"about":[{"href":"https:\/\/greenchemicals.eu\/fr\/wp-json\/wp\/v2\/types\/page"}],"author":[{"embeddable":true,"href":"https:\/\/greenchemicals.eu\/fr\/wp-json\/wp\/v2\/users\/2"}],"replies":[{"embeddable":true,"href":"https:\/\/greenchemicals.eu\/fr\/wp-json\/wp\/v2\/comments?post=12908"}],"version-history":[{"count":10,"href":"https:\/\/greenchemicals.eu\/fr\/wp-json\/wp\/v2\/pages\/12908\/revisions"}],"predecessor-version":[{"id":19911,"href":"https:\/\/greenchemicals.eu\/fr\/wp-json\/wp\/v2\/pages\/12908\/revisions\/19911"}],"wp:attachment":[{"href":"https:\/\/greenchemicals.eu\/fr\/wp-json\/wp\/v2\/media?parent=12908"}],"curies":[{"name":"wp","href":"https:\/\/api.w.org\/{rel}","templated":true}]}}