{"id":13189,"date":"2024-04-03T16:08:35","date_gmt":"2024-04-03T14:08:35","guid":{"rendered":"https:\/\/greenchemicals.eu\/sitemap\/"},"modified":"2024-08-09T11:50:57","modified_gmt":"2024-08-09T09:50:57","slug":"sitemap","status":"publish","type":"page","link":"https:\/\/greenchemicals.eu\/es\/sitemap\/","title":{"rendered":"Sitemap"},"content":{"rendered":"\t\t<div data-elementor-type=\"wp-page\" data-elementor-id=\"13189\" class=\"elementor elementor-13189 elementor-8132\" data-elementor-post-type=\"page\">\n\t\t\t\t<div class=\"has_eae_slider elementor-element elementor-element-a097205 e-flex e-con-boxed e-con e-parent\" data-eae-slider=\"90810\" data-id=\"a097205\" data-element_type=\"container\" data-settings=\"{&quot;background_background&quot;:&quot;classic&quot;}\">\n\t\t\t\t\t<div class=\"e-con-inner\">\n\t\t\t\t<div class=\"elementor-element elementor-element-2fba573 elementor-align-right elementor-mobile-align-center elementor-widget elementor-widget-breadcrumbs\" data-id=\"2fba573\" data-element_type=\"widget\" data-widget_type=\"breadcrumbs.default\">\n\t\t\t\t<div class=\"elementor-widget-container\">\n\t\t\t\t\t<p id=\"breadcrumbs\"><span><span><a href=\"https:\/\/greenchemicals.eu\/es\/\">Home<\/a><\/span><\/span><\/p>\t\t\t\t<\/div>\n\t\t\t\t<\/div>\n\t\t\t\t\t<\/div>\n\t\t\t\t<\/div>\n\t\t<div class=\"has_eae_slider elementor-element elementor-element-195a532 e-flex e-con-boxed e-con e-parent\" data-eae-slider=\"63123\" data-id=\"195a532\" data-element_type=\"container\" data-settings=\"{&quot;background_background&quot;:&quot;classic&quot;}\">\n\t\t\t\t\t<div class=\"e-con-inner\">\n\t\t<div class=\"has_eae_slider elementor-element elementor-element-86c1ce5 e-con-full elementor-hidden-tablet elementor-hidden-mobile e-flex e-con e-child\" data-eae-slider=\"29033\" data-id=\"86c1ce5\" data-element_type=\"container\">\n\t\t\t\t<\/div>\n\t\t<div class=\"has_eae_slider elementor-element elementor-element-25cee37 e-con-full e-flex e-con e-child\" data-eae-slider=\"87923\" data-id=\"25cee37\" data-element_type=\"container\">\n\t\t\t\t<div class=\"elementor-element elementor-element-a785839 elementor-widget elementor-widget-heading\" data-id=\"a785839\" data-element_type=\"widget\" data-widget_type=\"heading.default\">\n\t\t\t\t<div class=\"elementor-widget-container\">\n\t\t\t\t\t<h1 class=\"elementor-heading-title elementor-size-default\">Mapa del sitio<\/h1>\t\t\t\t<\/div>\n\t\t\t\t<\/div>\n\t\t\t\t<\/div>\n\t\t<div class=\"has_eae_slider elementor-element elementor-element-0e26d35 e-con-full e-flex e-con e-child\" data-eae-slider=\"52073\" data-id=\"0e26d35\" data-element_type=\"container\">\n\t\t\t\t<\/div>\n\t\t\t\t\t<\/div>\n\t\t\t\t<\/div>\n\t\t<section class=\"has_eae_slider elementor-element elementor-element-cd21f18 e-flex e-con-boxed e-con e-parent\" data-eae-slider=\"31887\" data-id=\"cd21f18\" data-element_type=\"container\">\n\t\t\t\t\t<div class=\"e-con-inner\">\n\t\t<div class=\"has_eae_slider elementor-element elementor-element-d537273 e-con-full e-flex e-con e-child\" data-eae-slider=\"73864\" data-id=\"d537273\" data-element_type=\"container\">\n\t\t\t\t<div class=\"elementor-element elementor-element-3969973 sitemap-page elementor-widget elementor-widget-text-editor\" data-id=\"3969973\" data-element_type=\"widget\" data-widget_type=\"text-editor.default\">\n\t\t\t\t<div class=\"elementor-widget-container\">\n\t\t\t\t\t\t\t\t\t<h2>Empieza desde aqu\u00ed<\/h2>\n<h3>\u00bfBuscas algo en particular? Este es el mapa del sitio<\/h3>\n<ul>\n \t<li><a href=\"https:\/\/greenchemicals.eu\/it\/gc-applications\/\">GC Applications<\/a><\/li>\n \t<li><a href=\"https:\/\/greenchemicals.eu\/es\/home\/gc-trading\/\">GC Trading<\/a><\/li>\n \t<li><a href=\"https:\/\/greenchemicals.eu\/es\/home\/gc-recycling\/\">GC Recycling<\/a><\/li>\n \t<li><a href=\"https:\/\/greenchemicals.eu\/it\/chi-siamo\/\">Qui\u00e9nes somos<\/a><\/li>\n \t<li><a href=\"https:\/\/greenchemicals.eu\/es\/que-hacemos\/\">Qu\u00e9 hacemos<\/a><\/li>\n \t<li><a href=\"https:\/\/greenchemicals.eu\/es\/por-que-lo-hacemos\/\">Por qu\u00e9 lo hacemos<\/a><\/li>\n \t<li><a href=\"https:\/\/greenchemicals.eu\/es\/noticias\/\">Noticias<\/a><\/li>\n \t<li><a href=\"https:\/\/greenchemicals.eu\/it\/contatti\/\">Contacto<\/a><\/li>\n<\/ul>\t\t\t\t\t\t\t\t<\/div>\n\t\t\t\t<\/div>\n\t\t\t\t<\/div>\n\t\t\t\t\t<\/div>\n\t\t\t\t<\/section>\n\t\t\t\t<\/div>\n\t\t","protected":false},"excerpt":{"rendered":"<p>Mapa del sitio Empieza desde aqu\u00ed \u00bfBuscas algo en particular? Este es el mapa del sitio GC Applications GC Trading GC Recycling Qui\u00e9nes somos Qu\u00e9 hacemos Por qu\u00e9 lo hacemos Noticias Contacto<\/p>\n","protected":false},"author":2,"featured_media":0,"parent":0,"menu_order":0,"comment_status":"closed","ping_status":"closed","template":"","meta":{"_acf_changed":false,"footnotes":""},"class_list":["post-13189","page","type-page","status-publish","hentry"],"acf":[],"yoast_head":"<!-- This site is optimized with the Yoast SEO plugin v26.6 - https:\/\/yoast.com\/wordpress\/plugins\/seo\/ -->\n<title>Sitemap - Greenchemicals<\/title>\n<meta name=\"robots\" content=\"index, follow, max-snippet:-1, max-image-preview:large, max-video-preview:-1\" \/>\n<link rel=\"canonical\" href=\"https:\/\/greenchemicals.eu\/es\/sitemap\/\" \/>\n<meta property=\"og:locale\" content=\"es_ES\" \/>\n<meta property=\"og:type\" content=\"article\" \/>\n<meta property=\"og:title\" content=\"Sitemap - Greenchemicals\" \/>\n<meta property=\"og:description\" content=\"Mapa del sitio Empieza desde aqu\u00ed \u00bfBuscas algo en particular? Este es el mapa del sitio GC Applications GC Trading GC Recycling Qui\u00e9nes somos Qu\u00e9 hacemos Por qu\u00e9 lo hacemos Noticias Contacto\" \/>\n<meta property=\"og:url\" content=\"https:\/\/greenchemicals.eu\/es\/sitemap\/\" \/>\n<meta property=\"og:site_name\" content=\"Greenchemicals\" \/>\n<meta property=\"article:modified_time\" content=\"2024-08-09T09:50:57+00:00\" \/>\n<meta name=\"twitter:card\" content=\"summary_large_image\" \/>\n<script type=\"application\/ld+json\" class=\"yoast-schema-graph\">{\"@context\":\"https:\/\/schema.org\",\"@graph\":[{\"@type\":\"WebPage\",\"@id\":\"https:\/\/greenchemicals.eu\/es\/sitemap\/\",\"url\":\"https:\/\/greenchemicals.eu\/es\/sitemap\/\",\"name\":\"Sitemap - Greenchemicals\",\"isPartOf\":{\"@id\":\"https:\/\/greenchemicals.eu\/es\/#website\"},\"datePublished\":\"2024-04-03T14:08:35+00:00\",\"dateModified\":\"2024-08-09T09:50:57+00:00\",\"breadcrumb\":{\"@id\":\"https:\/\/greenchemicals.eu\/es\/sitemap\/#breadcrumb\"},\"inLanguage\":\"es\",\"potentialAction\":[{\"@type\":\"ReadAction\",\"target\":[\"https:\/\/greenchemicals.eu\/es\/sitemap\/\"]}]},{\"@type\":\"BreadcrumbList\",\"@id\":\"https:\/\/greenchemicals.eu\/es\/sitemap\/#breadcrumb\",\"itemListElement\":[{\"@type\":\"ListItem\",\"position\":1,\"name\":\"Home\",\"item\":\"https:\/\/greenchemicals.eu\/es\/\"},{\"@type\":\"ListItem\",\"position\":2,\"name\":\"Sitemap\"}]},{\"@type\":\"WebSite\",\"@id\":\"https:\/\/greenchemicals.eu\/es\/#website\",\"url\":\"https:\/\/greenchemicals.eu\/es\/\",\"name\":\"Greenchemicals\",\"description\":\"\",\"publisher\":{\"@id\":\"https:\/\/greenchemicals.eu\/es\/#organization\"},\"potentialAction\":[{\"@type\":\"SearchAction\",\"target\":{\"@type\":\"EntryPoint\",\"urlTemplate\":\"https:\/\/greenchemicals.eu\/es\/?s={search_term_string}\"},\"query-input\":{\"@type\":\"PropertyValueSpecification\",\"valueRequired\":true,\"valueName\":\"search_term_string\"}}],\"inLanguage\":\"es\"},{\"@type\":\"Organization\",\"@id\":\"https:\/\/greenchemicals.eu\/es\/#organization\",\"name\":\"Greenchemicals\",\"url\":\"https:\/\/greenchemicals.eu\/es\/\",\"logo\":{\"@type\":\"ImageObject\",\"inLanguage\":\"es\",\"@id\":\"https:\/\/greenchemicals.eu\/es\/#\/schema\/logo\/image\/\",\"url\":\"https:\/\/greenchemicals.eu\/wp-content\/uploads\/2025\/10\/logo-1.png\",\"contentUrl\":\"https:\/\/greenchemicals.eu\/wp-content\/uploads\/2025\/10\/logo-1.png\",\"width\":1087,\"height\":235,\"caption\":\"Greenchemicals\"},\"image\":{\"@id\":\"https:\/\/greenchemicals.eu\/es\/#\/schema\/logo\/image\/\"}}]}<\/script>\n<!-- \/ Yoast SEO plugin. -->","yoast_head_json":{"title":"Sitemap - Greenchemicals","robots":{"index":"index","follow":"follow","max-snippet":"max-snippet:-1","max-image-preview":"max-image-preview:large","max-video-preview":"max-video-preview:-1"},"canonical":"https:\/\/greenchemicals.eu\/es\/sitemap\/","og_locale":"es_ES","og_type":"article","og_title":"Sitemap - Greenchemicals","og_description":"Mapa del sitio Empieza desde aqu\u00ed \u00bfBuscas algo en particular? Este es el mapa del sitio GC Applications GC Trading GC Recycling Qui\u00e9nes somos Qu\u00e9 hacemos Por qu\u00e9 lo hacemos Noticias Contacto","og_url":"https:\/\/greenchemicals.eu\/es\/sitemap\/","og_site_name":"Greenchemicals","article_modified_time":"2024-08-09T09:50:57+00:00","twitter_card":"summary_large_image","schema":{"@context":"https:\/\/schema.org","@graph":[{"@type":"WebPage","@id":"https:\/\/greenchemicals.eu\/es\/sitemap\/","url":"https:\/\/greenchemicals.eu\/es\/sitemap\/","name":"Sitemap - Greenchemicals","isPartOf":{"@id":"https:\/\/greenchemicals.eu\/es\/#website"},"datePublished":"2024-04-03T14:08:35+00:00","dateModified":"2024-08-09T09:50:57+00:00","breadcrumb":{"@id":"https:\/\/greenchemicals.eu\/es\/sitemap\/#breadcrumb"},"inLanguage":"es","potentialAction":[{"@type":"ReadAction","target":["https:\/\/greenchemicals.eu\/es\/sitemap\/"]}]},{"@type":"BreadcrumbList","@id":"https:\/\/greenchemicals.eu\/es\/sitemap\/#breadcrumb","itemListElement":[{"@type":"ListItem","position":1,"name":"Home","item":"https:\/\/greenchemicals.eu\/es\/"},{"@type":"ListItem","position":2,"name":"Sitemap"}]},{"@type":"WebSite","@id":"https:\/\/greenchemicals.eu\/es\/#website","url":"https:\/\/greenchemicals.eu\/es\/","name":"Greenchemicals","description":"","publisher":{"@id":"https:\/\/greenchemicals.eu\/es\/#organization"},"potentialAction":[{"@type":"SearchAction","target":{"@type":"EntryPoint","urlTemplate":"https:\/\/greenchemicals.eu\/es\/?s={search_term_string}"},"query-input":{"@type":"PropertyValueSpecification","valueRequired":true,"valueName":"search_term_string"}}],"inLanguage":"es"},{"@type":"Organization","@id":"https:\/\/greenchemicals.eu\/es\/#organization","name":"Greenchemicals","url":"https:\/\/greenchemicals.eu\/es\/","logo":{"@type":"ImageObject","inLanguage":"es","@id":"https:\/\/greenchemicals.eu\/es\/#\/schema\/logo\/image\/","url":"https:\/\/greenchemicals.eu\/wp-content\/uploads\/2025\/10\/logo-1.png","contentUrl":"https:\/\/greenchemicals.eu\/wp-content\/uploads\/2025\/10\/logo-1.png","width":1087,"height":235,"caption":"Greenchemicals"},"image":{"@id":"https:\/\/greenchemicals.eu\/es\/#\/schema\/logo\/image\/"}}]}},"_links":{"self":[{"href":"https:\/\/greenchemicals.eu\/es\/wp-json\/wp\/v2\/pages\/13189","targetHints":{"allow":["GET"]}}],"collection":[{"href":"https:\/\/greenchemicals.eu\/es\/wp-json\/wp\/v2\/pages"}],"about":[{"href":"https:\/\/greenchemicals.eu\/es\/wp-json\/wp\/v2\/types\/page"}],"author":[{"embeddable":true,"href":"https:\/\/greenchemicals.eu\/es\/wp-json\/wp\/v2\/users\/2"}],"replies":[{"embeddable":true,"href":"https:\/\/greenchemicals.eu\/es\/wp-json\/wp\/v2\/comments?post=13189"}],"version-history":[{"count":3,"href":"https:\/\/greenchemicals.eu\/es\/wp-json\/wp\/v2\/pages\/13189\/revisions"}],"predecessor-version":[{"id":13670,"href":"https:\/\/greenchemicals.eu\/es\/wp-json\/wp\/v2\/pages\/13189\/revisions\/13670"}],"wp:attachment":[{"href":"https:\/\/greenchemicals.eu\/es\/wp-json\/wp\/v2\/media?parent=13189"}],"curies":[{"name":"wp","href":"https:\/\/api.w.org\/{rel}","templated":true}]}}