{"id":13166,"date":"2024-03-26T19:37:05","date_gmt":"2024-03-26T18:37:05","guid":{"rendered":"https:\/\/greenchemicals.eu\/peliculas-agricolas-de-pe\/"},"modified":"2025-06-29T11:33:02","modified_gmt":"2025-06-29T09:33:02","slug":"peliculas-agricolas-de-pe","status":"publish","type":"page","link":"https:\/\/greenchemicals.eu\/es\/gc-applications\/peliculas-agricolas-de-pe\/","title":{"rendered":"Pel\u00edculas agr\u00edcolas de PE"},"content":{"rendered":"\t\t<div data-elementor-type=\"wp-page\" data-elementor-id=\"13166\" class=\"elementor elementor-13166 elementor-4751\" data-elementor-post-type=\"page\">\n\t\t\t\t<div class=\"has_eae_slider elementor-element elementor-element-a097205 e-flex e-con-boxed e-con e-parent\" data-eae-slider=\"56412\" data-id=\"a097205\" data-element_type=\"container\" data-settings=\"{&quot;background_background&quot;:&quot;classic&quot;}\">\n\t\t\t\t\t<div class=\"e-con-inner\">\n\t\t\t\t<div class=\"elementor-element elementor-element-2fba573 elementor-align-right elementor-mobile-align-center elementor-widget elementor-widget-breadcrumbs\" data-id=\"2fba573\" data-element_type=\"widget\" data-widget_type=\"breadcrumbs.default\">\n\t\t\t\t<div class=\"elementor-widget-container\">\n\t\t\t\t\t<p id=\"breadcrumbs\"><span><span><a href=\"https:\/\/greenchemicals.eu\/es\/\">Home<\/a><\/span><\/span><\/p>\t\t\t\t<\/div>\n\t\t\t\t<\/div>\n\t\t\t\t\t<\/div>\n\t\t\t\t<\/div>\n\t\t<div class=\"has_eae_slider elementor-element elementor-element-195a532 e-flex e-con-boxed e-con e-parent\" data-eae-slider=\"87133\" data-id=\"195a532\" data-element_type=\"container\" data-settings=\"{&quot;background_background&quot;:&quot;classic&quot;}\">\n\t\t\t\t\t<div class=\"e-con-inner\">\n\t\t<div class=\"has_eae_slider elementor-element elementor-element-25cee37 e-con-full e-flex e-con e-child\" data-eae-slider=\"82232\" data-id=\"25cee37\" data-element_type=\"container\">\n\t\t\t\t<div class=\"elementor-element elementor-element-a785839 elementor-widget elementor-widget-heading\" data-id=\"a785839\" data-element_type=\"widget\" data-widget_type=\"heading.default\">\n\t\t\t\t<div class=\"elementor-widget-container\">\n\t\t\t\t\t<h1 class=\"elementor-heading-title elementor-size-default\">Pel\u00edculas agr\u00edcolas de PE<\/h1>\t\t\t\t<\/div>\n\t\t\t\t<\/div>\n\t\t\t\t<div class=\"elementor-element elementor-element-55c6602 testo_categoria elementor-widget elementor-widget-text-editor\" data-id=\"55c6602\" data-element_type=\"widget\" data-widget_type=\"text-editor.default\">\n\t\t\t\t<div class=\"elementor-widget-container\">\n\t\t\t\t\t\t\t\t\tGreenchemicals ofrece una amplia gama de productos para aplicaciones de pel\u00edculas agr\u00edcolas de PE. Distribuimos en Europa los productos del l\u00edder del mercado en Nickel Quencher, BAODING LUCKY CHEMICALS Co. LTD. Ofrecemos servicio t\u00e9cnico y un excelente servicio en todo el mundo.\nAqu\u00ed puedes encontrar una lista de nuestros productos:\t\t\t\t\t\t\t\t<\/div>\n\t\t\t\t<\/div>\n\t\t\t\t<\/div>\n\t\t\t\t\t<\/div>\n\t\t\t\t<\/div>\n\t\t<div class=\"has_eae_slider elementor-element elementor-element-ef24602 e-flex e-con-boxed e-con e-parent\" data-eae-slider=\"84871\" data-id=\"ef24602\" data-element_type=\"container\">\n\t\t\t\t\t<div class=\"e-con-inner\">\n\t\t<div class=\"has_eae_slider elementor-element elementor-element-7fc89d6 e-con-full e-flex e-con e-child\" data-eae-slider=\"25570\" data-id=\"7fc89d6\" data-element_type=\"container\">\n\t\t\t\t<\/div>\n\t\t<div class=\"has_eae_slider elementor-element elementor-element-e54e111 e-con-full e-flex e-con e-child\" data-eae-slider=\"59360\" data-id=\"e54e111\" data-element_type=\"container\">\n\t\t<a class=\"has_eae_slider elementor-element elementor-element-90ec953 e-flex e-con-boxed e-con e-child\" data-eae-slider=\"68665\" data-id=\"90ec953\" data-element_type=\"container\" data-settings=\"{&quot;background_background&quot;:&quot;classic&quot;}\" href=\"https:\/\/greenchemicals.eu\/it\/gc-applications\/film-agricoli-su-pe\/hals\/\">\n\t\t\t\t\t<div class=\"e-con-inner\">\n\t\t\t\t<div class=\"elementor-element elementor-element-8ebf1fa title-box elementor-widget elementor-widget-heading\" data-id=\"8ebf1fa\" data-element_type=\"widget\" data-widget_type=\"heading.default\">\n\t\t\t\t<div class=\"elementor-widget-container\">\n\t\t\t\t\t<p class=\"elementor-heading-title elementor-size-default\">HALS<\/p>\t\t\t\t<\/div>\n\t\t\t\t<\/div>\n\t\t\t\t\t<\/div>\n\t\t\t\t<\/a>\n\t\t\t\t<\/div>\n\t\t<div class=\"has_eae_slider elementor-element elementor-element-6b306f6 e-con-full e-flex e-con e-child\" data-eae-slider=\"5058\" data-id=\"6b306f6\" data-element_type=\"container\">\n\t\t<a class=\"has_eae_slider elementor-element elementor-element-0424002 e-flex e-con-boxed e-con e-child\" data-eae-slider=\"87353\" data-id=\"0424002\" data-element_type=\"container\" data-settings=\"{&quot;background_background&quot;:&quot;classic&quot;}\" href=\"https:\/\/greenchemicals.eu\/it\/gc-applications\/film-agricoli-su-pe\/assorbitori-uv\/\">\n\t\t\t\t\t<div class=\"e-con-inner\">\n\t\t\t\t<div class=\"elementor-element elementor-element-8dbd104 title-box elementor-widget elementor-widget-heading\" data-id=\"8dbd104\" data-element_type=\"widget\" data-widget_type=\"heading.default\">\n\t\t\t\t<div class=\"elementor-widget-container\">\n\t\t\t\t\t<p class=\"elementor-heading-title elementor-size-default\">Absorbentes de UV<\/p>\t\t\t\t<\/div>\n\t\t\t\t<\/div>\n\t\t\t\t\t<\/div>\n\t\t\t\t<\/a>\n\t\t\t\t<\/div>\n\t\t<div class=\"has_eae_slider elementor-element elementor-element-12d9177 e-con-full e-flex e-con e-child\" data-eae-slider=\"53160\" data-id=\"12d9177\" data-element_type=\"container\">\n\t\t\t\t<\/div>\n\t\t\t\t\t<\/div>\n\t\t\t\t<\/div>\n\t\t\t\t<\/div>\n\t\t","protected":false},"excerpt":{"rendered":"<p>Pel\u00edculas agr\u00edcolas de PE Greenchemicals ofrece una amplia gama de productos para aplicaciones de pel\u00edculas agr\u00edcolas de PE. Distribuimos en Europa los productos del l\u00edder del mercado en Nickel Quencher, BAODING LUCKY CHEMICALS Co. LTD. Ofrecemos servicio t\u00e9cnico y un excelente servicio en todo el mundo. Aqu\u00ed puedes encontrar una lista de nuestros productos: HALS [&hellip;]<\/p>\n","protected":false},"author":2,"featured_media":0,"parent":14105,"menu_order":0,"comment_status":"closed","ping_status":"closed","template":"","meta":{"_acf_changed":false,"footnotes":""},"class_list":["post-13166","page","type-page","status-publish","hentry"],"acf":[],"yoast_head":"<!-- This site is optimized with the Yoast SEO plugin v26.6 - https:\/\/yoast.com\/wordpress\/plugins\/seo\/ -->\n<title>Pel\u00edculas agr\u00edcolas de PE - Greenchemicals<\/title>\n<meta name=\"robots\" content=\"index, follow, max-snippet:-1, max-image-preview:large, max-video-preview:-1\" \/>\n<link rel=\"canonical\" href=\"https:\/\/greenchemicals.eu\/es\/gc-applications\/peliculas-agricolas-de-pe\/\" \/>\n<meta property=\"og:locale\" content=\"es_ES\" \/>\n<meta property=\"og:type\" content=\"article\" \/>\n<meta property=\"og:title\" content=\"Pel\u00edculas agr\u00edcolas de PE - Greenchemicals\" \/>\n<meta property=\"og:description\" content=\"Pel\u00edculas agr\u00edcolas de PE Greenchemicals ofrece una amplia gama de productos para aplicaciones de pel\u00edculas agr\u00edcolas de PE. Distribuimos en Europa los productos del l\u00edder del mercado en Nickel Quencher, BAODING LUCKY CHEMICALS Co. LTD. Ofrecemos servicio t\u00e9cnico y un excelente servicio en todo el mundo. Aqu\u00ed puedes encontrar una lista de nuestros productos: HALS [&hellip;]\" \/>\n<meta property=\"og:url\" content=\"https:\/\/greenchemicals.eu\/es\/gc-applications\/peliculas-agricolas-de-pe\/\" \/>\n<meta property=\"og:site_name\" content=\"Greenchemicals\" \/>\n<meta property=\"article:modified_time\" content=\"2025-06-29T09:33:02+00:00\" \/>\n<meta name=\"twitter:card\" content=\"summary_large_image\" \/>\n<meta name=\"twitter:label1\" content=\"Tiempo de lectura\" \/>\n\t<meta name=\"twitter:data1\" content=\"1 minuto\" \/>\n<script type=\"application\/ld+json\" class=\"yoast-schema-graph\">{\"@context\":\"https:\/\/schema.org\",\"@graph\":[{\"@type\":\"WebPage\",\"@id\":\"https:\/\/greenchemicals.eu\/es\/gc-applications\/peliculas-agricolas-de-pe\/\",\"url\":\"https:\/\/greenchemicals.eu\/es\/gc-applications\/peliculas-agricolas-de-pe\/\",\"name\":\"Pel\u00edculas agr\u00edcolas de PE - Greenchemicals\",\"isPartOf\":{\"@id\":\"https:\/\/greenchemicals.eu\/es\/#website\"},\"datePublished\":\"2024-03-26T18:37:05+00:00\",\"dateModified\":\"2025-06-29T09:33:02+00:00\",\"breadcrumb\":{\"@id\":\"https:\/\/greenchemicals.eu\/es\/gc-applications\/peliculas-agricolas-de-pe\/#breadcrumb\"},\"inLanguage\":\"es\",\"potentialAction\":[{\"@type\":\"ReadAction\",\"target\":[\"https:\/\/greenchemicals.eu\/es\/gc-applications\/peliculas-agricolas-de-pe\/\"]}]},{\"@type\":\"BreadcrumbList\",\"@id\":\"https:\/\/greenchemicals.eu\/es\/gc-applications\/peliculas-agricolas-de-pe\/#breadcrumb\",\"itemListElement\":[{\"@type\":\"ListItem\",\"position\":1,\"name\":\"Home\",\"item\":\"https:\/\/greenchemicals.eu\/es\/\"},{\"@type\":\"ListItem\",\"position\":2,\"name\":\"GC APPLICATIONS\",\"item\":\"https:\/\/greenchemicals.eu\/es\/gc-applications\/\"},{\"@type\":\"ListItem\",\"position\":3,\"name\":\"Pel\u00edculas agr\u00edcolas de PE\"}]},{\"@type\":\"WebSite\",\"@id\":\"https:\/\/greenchemicals.eu\/es\/#website\",\"url\":\"https:\/\/greenchemicals.eu\/es\/\",\"name\":\"Greenchemicals\",\"description\":\"\",\"publisher\":{\"@id\":\"https:\/\/greenchemicals.eu\/es\/#organization\"},\"potentialAction\":[{\"@type\":\"SearchAction\",\"target\":{\"@type\":\"EntryPoint\",\"urlTemplate\":\"https:\/\/greenchemicals.eu\/es\/?s={search_term_string}\"},\"query-input\":{\"@type\":\"PropertyValueSpecification\",\"valueRequired\":true,\"valueName\":\"search_term_string\"}}],\"inLanguage\":\"es\"},{\"@type\":\"Organization\",\"@id\":\"https:\/\/greenchemicals.eu\/es\/#organization\",\"name\":\"Greenchemicals\",\"url\":\"https:\/\/greenchemicals.eu\/es\/\",\"logo\":{\"@type\":\"ImageObject\",\"inLanguage\":\"es\",\"@id\":\"https:\/\/greenchemicals.eu\/es\/#\/schema\/logo\/image\/\",\"url\":\"https:\/\/greenchemicals.eu\/wp-content\/uploads\/2025\/10\/logo-1.png\",\"contentUrl\":\"https:\/\/greenchemicals.eu\/wp-content\/uploads\/2025\/10\/logo-1.png\",\"width\":1087,\"height\":235,\"caption\":\"Greenchemicals\"},\"image\":{\"@id\":\"https:\/\/greenchemicals.eu\/es\/#\/schema\/logo\/image\/\"}}]}<\/script>\n<!-- \/ Yoast SEO plugin. -->","yoast_head_json":{"title":"Pel\u00edculas agr\u00edcolas de PE - Greenchemicals","robots":{"index":"index","follow":"follow","max-snippet":"max-snippet:-1","max-image-preview":"max-image-preview:large","max-video-preview":"max-video-preview:-1"},"canonical":"https:\/\/greenchemicals.eu\/es\/gc-applications\/peliculas-agricolas-de-pe\/","og_locale":"es_ES","og_type":"article","og_title":"Pel\u00edculas agr\u00edcolas de PE - Greenchemicals","og_description":"Pel\u00edculas agr\u00edcolas de PE Greenchemicals ofrece una amplia gama de productos para aplicaciones de pel\u00edculas agr\u00edcolas de PE. Distribuimos en Europa los productos del l\u00edder del mercado en Nickel Quencher, BAODING LUCKY CHEMICALS Co. LTD. Ofrecemos servicio t\u00e9cnico y un excelente servicio en todo el mundo. Aqu\u00ed puedes encontrar una lista de nuestros productos: HALS [&hellip;]","og_url":"https:\/\/greenchemicals.eu\/es\/gc-applications\/peliculas-agricolas-de-pe\/","og_site_name":"Greenchemicals","article_modified_time":"2025-06-29T09:33:02+00:00","twitter_card":"summary_large_image","twitter_misc":{"Tiempo de lectura":"1 minuto"},"schema":{"@context":"https:\/\/schema.org","@graph":[{"@type":"WebPage","@id":"https:\/\/greenchemicals.eu\/es\/gc-applications\/peliculas-agricolas-de-pe\/","url":"https:\/\/greenchemicals.eu\/es\/gc-applications\/peliculas-agricolas-de-pe\/","name":"Pel\u00edculas agr\u00edcolas de PE - Greenchemicals","isPartOf":{"@id":"https:\/\/greenchemicals.eu\/es\/#website"},"datePublished":"2024-03-26T18:37:05+00:00","dateModified":"2025-06-29T09:33:02+00:00","breadcrumb":{"@id":"https:\/\/greenchemicals.eu\/es\/gc-applications\/peliculas-agricolas-de-pe\/#breadcrumb"},"inLanguage":"es","potentialAction":[{"@type":"ReadAction","target":["https:\/\/greenchemicals.eu\/es\/gc-applications\/peliculas-agricolas-de-pe\/"]}]},{"@type":"BreadcrumbList","@id":"https:\/\/greenchemicals.eu\/es\/gc-applications\/peliculas-agricolas-de-pe\/#breadcrumb","itemListElement":[{"@type":"ListItem","position":1,"name":"Home","item":"https:\/\/greenchemicals.eu\/es\/"},{"@type":"ListItem","position":2,"name":"GC APPLICATIONS","item":"https:\/\/greenchemicals.eu\/es\/gc-applications\/"},{"@type":"ListItem","position":3,"name":"Pel\u00edculas agr\u00edcolas de PE"}]},{"@type":"WebSite","@id":"https:\/\/greenchemicals.eu\/es\/#website","url":"https:\/\/greenchemicals.eu\/es\/","name":"Greenchemicals","description":"","publisher":{"@id":"https:\/\/greenchemicals.eu\/es\/#organization"},"potentialAction":[{"@type":"SearchAction","target":{"@type":"EntryPoint","urlTemplate":"https:\/\/greenchemicals.eu\/es\/?s={search_term_string}"},"query-input":{"@type":"PropertyValueSpecification","valueRequired":true,"valueName":"search_term_string"}}],"inLanguage":"es"},{"@type":"Organization","@id":"https:\/\/greenchemicals.eu\/es\/#organization","name":"Greenchemicals","url":"https:\/\/greenchemicals.eu\/es\/","logo":{"@type":"ImageObject","inLanguage":"es","@id":"https:\/\/greenchemicals.eu\/es\/#\/schema\/logo\/image\/","url":"https:\/\/greenchemicals.eu\/wp-content\/uploads\/2025\/10\/logo-1.png","contentUrl":"https:\/\/greenchemicals.eu\/wp-content\/uploads\/2025\/10\/logo-1.png","width":1087,"height":235,"caption":"Greenchemicals"},"image":{"@id":"https:\/\/greenchemicals.eu\/es\/#\/schema\/logo\/image\/"}}]}},"_links":{"self":[{"href":"https:\/\/greenchemicals.eu\/es\/wp-json\/wp\/v2\/pages\/13166","targetHints":{"allow":["GET"]}}],"collection":[{"href":"https:\/\/greenchemicals.eu\/es\/wp-json\/wp\/v2\/pages"}],"about":[{"href":"https:\/\/greenchemicals.eu\/es\/wp-json\/wp\/v2\/types\/page"}],"author":[{"embeddable":true,"href":"https:\/\/greenchemicals.eu\/es\/wp-json\/wp\/v2\/users\/2"}],"replies":[{"embeddable":true,"href":"https:\/\/greenchemicals.eu\/es\/wp-json\/wp\/v2\/comments?post=13166"}],"version-history":[{"count":6,"href":"https:\/\/greenchemicals.eu\/es\/wp-json\/wp\/v2\/pages\/13166\/revisions"}],"predecessor-version":[{"id":18656,"href":"https:\/\/greenchemicals.eu\/es\/wp-json\/wp\/v2\/pages\/13166\/revisions\/18656"}],"up":[{"embeddable":true,"href":"https:\/\/greenchemicals.eu\/es\/wp-json\/wp\/v2\/pages\/14105"}],"wp:attachment":[{"href":"https:\/\/greenchemicals.eu\/es\/wp-json\/wp\/v2\/media?parent=13166"}],"curies":[{"name":"wp","href":"https:\/\/api.w.org\/{rel}","templated":true}]}}