{"id":13092,"date":"2024-03-26T20:43:30","date_gmt":"2024-03-26T19:43:30","guid":{"rendered":"https:\/\/greenchemicals.eu\/xps-food\/"},"modified":"2025-06-29T11:34:05","modified_gmt":"2025-06-29T09:34:05","slug":"xps-food","status":"publish","type":"page","link":"https:\/\/greenchemicals.eu\/es\/gc-applications\/xps-food\/","title":{"rendered":"XPS Food"},"content":{"rendered":"\t\t<div data-elementor-type=\"wp-page\" data-elementor-id=\"13092\" class=\"elementor elementor-13092 elementor-4779\" data-elementor-post-type=\"page\">\n\t\t\t\t<div class=\"has_eae_slider elementor-element elementor-element-a097205 e-flex e-con-boxed e-con e-parent\" data-eae-slider=\"75949\" data-id=\"a097205\" data-element_type=\"container\" data-settings=\"{&quot;background_background&quot;:&quot;classic&quot;}\">\n\t\t\t\t\t<div class=\"e-con-inner\">\n\t\t\t\t<div class=\"elementor-element elementor-element-2fba573 elementor-align-right elementor-mobile-align-center elementor-widget elementor-widget-breadcrumbs\" data-id=\"2fba573\" data-element_type=\"widget\" data-widget_type=\"breadcrumbs.default\">\n\t\t\t\t<div class=\"elementor-widget-container\">\n\t\t\t\t\t<p id=\"breadcrumbs\"><span><span><a href=\"https:\/\/greenchemicals.eu\/es\/\">Home<\/a><\/span><\/span><\/p>\t\t\t\t<\/div>\n\t\t\t\t<\/div>\n\t\t\t\t\t<\/div>\n\t\t\t\t<\/div>\n\t\t<div class=\"has_eae_slider elementor-element elementor-element-195a532 e-flex e-con-boxed e-con e-parent\" data-eae-slider=\"90416\" data-id=\"195a532\" data-element_type=\"container\" data-settings=\"{&quot;background_background&quot;:&quot;classic&quot;}\">\n\t\t\t\t\t<div class=\"e-con-inner\">\n\t\t<div class=\"has_eae_slider elementor-element elementor-element-25cee37 e-con-full e-flex e-con e-child\" data-eae-slider=\"49554\" data-id=\"25cee37\" data-element_type=\"container\">\n\t\t\t\t<div class=\"elementor-element elementor-element-a785839 elementor-widget elementor-widget-heading\" data-id=\"a785839\" data-element_type=\"widget\" data-widget_type=\"heading.default\">\n\t\t\t\t<div class=\"elementor-widget-container\">\n\t\t\t\t\t<h1 class=\"elementor-heading-title elementor-size-default\">XPS Food<\/h1>\t\t\t\t<\/div>\n\t\t\t\t<\/div>\n\t\t\t\t<div class=\"elementor-element elementor-element-55c6602 testo_categoria elementor-widget elementor-widget-text-editor\" data-id=\"55c6602\" data-element_type=\"widget\" data-widget_type=\"text-editor.default\">\n\t\t\t\t<div class=\"elementor-widget-container\">\n\t\t\t\t\t\t\t\t\tGreenchemicals suministra masterbatch de aditivos espec\u00edficamente dise\u00f1ados para aplicaciones en bandejas alimentarias de XPS. Ofrecemos diferentes soluciones de agentes antiest\u00e1ticos, nucleantes y colorantes.\nGreenchemicals es socio, junto con el Polit\u00e9cnico de Mil\u00e1n y los principales actores de este mercado, de un grupo de empresas creado para estudiar proyectos de reciclaje para esta aplicaci\u00f3n del pl\u00e1stico. A continuaci\u00f3n encontrar\u00e1s nuestra gama de productos BANDEJAS ALIMENTARIAS DE XPS.\t\t\t\t\t\t\t\t<\/div>\n\t\t\t\t<\/div>\n\t\t\t\t<\/div>\n\t\t\t\t\t<\/div>\n\t\t\t\t<\/div>\n\t\t<div class=\"has_eae_slider elementor-element elementor-element-131fd0d e-flex e-con-boxed e-con e-parent\" data-eae-slider=\"65622\" data-id=\"131fd0d\" data-element_type=\"container\" data-settings=\"{&quot;background_background&quot;:&quot;classic&quot;}\">\n\t\t\t\t\t<div class=\"e-con-inner\">\n\t\t<div class=\"has_eae_slider elementor-element elementor-element-dc7fb11 e-grid e-con-boxed e-con e-child\" data-eae-slider=\"32721\" data-id=\"dc7fb11\" data-element_type=\"container\">\n\t\t\t\t\t<div class=\"e-con-inner\">\n\t\t<a class=\"has_eae_slider elementor-element elementor-element-90ec953 e-flex e-con-boxed e-con e-child\" data-eae-slider=\"50626\" data-id=\"90ec953\" data-element_type=\"container\" data-settings=\"{&quot;background_background&quot;:&quot;classic&quot;}\" href=\"https:\/\/greenchemicals.eu\/it\/gc-applications\/xps-food\/aiuto-processo\/\">\n\t\t\t\t\t<div class=\"e-con-inner\">\n\t\t\t\t<div class=\"elementor-element elementor-element-8ebf1fa title-box elementor-widget elementor-widget-heading\" data-id=\"8ebf1fa\" data-element_type=\"widget\" data-widget_type=\"heading.default\">\n\t\t\t\t<div class=\"elementor-widget-container\">\n\t\t\t\t\t<p class=\"elementor-heading-title elementor-size-default\">Ayudantes de proceso<\/p>\t\t\t\t<\/div>\n\t\t\t\t<\/div>\n\t\t\t\t\t<\/div>\n\t\t\t\t<\/a>\n\t\t<a class=\"has_eae_slider elementor-element elementor-element-0424002 e-flex e-con-boxed e-con e-child\" data-eae-slider=\"26372\" data-id=\"0424002\" data-element_type=\"container\" data-settings=\"{&quot;background_background&quot;:&quot;classic&quot;}\" href=\"https:\/\/greenchemicals.eu\/it\/gc-applications\/xps-food\/masterbatch-talco\/\">\n\t\t\t\t\t<div class=\"e-con-inner\">\n\t\t\t\t<div class=\"elementor-element elementor-element-8dbd104 title-box elementor-widget elementor-widget-heading\" data-id=\"8dbd104\" data-element_type=\"widget\" data-widget_type=\"heading.default\">\n\t\t\t\t<div class=\"elementor-widget-container\">\n\t\t\t\t\t<p class=\"elementor-heading-title elementor-size-default\">Masterbatch talco<\/p>\t\t\t\t<\/div>\n\t\t\t\t<\/div>\n\t\t\t\t\t<\/div>\n\t\t\t\t<\/a>\n\t\t<a class=\"has_eae_slider elementor-element elementor-element-bcffbc4 e-flex e-con-boxed e-con e-child\" data-eae-slider=\"35920\" data-id=\"bcffbc4\" data-element_type=\"container\" data-settings=\"{&quot;background_background&quot;:&quot;classic&quot;}\" href=\"https:\/\/greenchemicals.eu\/it\/gc-applications\/xps-food\/masterbatch-colore\/\">\n\t\t\t\t\t<div class=\"e-con-inner\">\n\t\t\t\t<div class=\"elementor-element elementor-element-34f3607 title-box elementor-widget elementor-widget-heading\" data-id=\"34f3607\" data-element_type=\"widget\" data-widget_type=\"heading.default\">\n\t\t\t\t<div class=\"elementor-widget-container\">\n\t\t\t\t\t<p class=\"elementor-heading-title elementor-size-default\">Masterbatch color<\/p>\t\t\t\t<\/div>\n\t\t\t\t<\/div>\n\t\t\t\t\t<\/div>\n\t\t\t\t<\/a>\n\t\t<a class=\"has_eae_slider elementor-element elementor-element-6232370 e-flex e-con-boxed e-con e-child\" data-eae-slider=\"87577\" data-id=\"6232370\" data-element_type=\"container\" data-settings=\"{&quot;background_background&quot;:&quot;classic&quot;}\" href=\"https:\/\/greenchemicals.eu\/it\/gc-applications\/xps-food\/antiossidanti\/\">\n\t\t\t\t\t<div class=\"e-con-inner\">\n\t\t\t\t<div class=\"elementor-element elementor-element-13277ae title-box elementor-widget elementor-widget-heading\" data-id=\"13277ae\" data-element_type=\"widget\" data-widget_type=\"heading.default\">\n\t\t\t\t<div class=\"elementor-widget-container\">\n\t\t\t\t\t<p class=\"elementor-heading-title elementor-size-default\">Antioxidantes<\/p>\t\t\t\t<\/div>\n\t\t\t\t<\/div>\n\t\t\t\t\t<\/div>\n\t\t\t\t<\/a>\n\t\t\t\t\t<\/div>\n\t\t\t\t<\/div>\n\t\t\t\t\t<\/div>\n\t\t\t\t<\/div>\n\t\t\t\t<\/div>\n\t\t","protected":false},"excerpt":{"rendered":"<p>XPS Food Greenchemicals suministra masterbatch de aditivos espec\u00edficamente dise\u00f1ados para aplicaciones en bandejas alimentarias de XPS. Ofrecemos diferentes soluciones de agentes antiest\u00e1ticos, nucleantes y colorantes. Greenchemicals es socio, junto con el Polit\u00e9cnico de Mil\u00e1n y los principales actores de este mercado, de un grupo de empresas creado para estudiar proyectos de reciclaje para esta aplicaci\u00f3n [&hellip;]<\/p>\n","protected":false},"author":2,"featured_media":0,"parent":14105,"menu_order":0,"comment_status":"closed","ping_status":"closed","template":"","meta":{"_acf_changed":false,"footnotes":""},"class_list":["post-13092","page","type-page","status-publish","hentry"],"acf":[],"yoast_head":"<!-- This site is optimized with the Yoast SEO plugin v26.6 - https:\/\/yoast.com\/wordpress\/plugins\/seo\/ -->\n<title>XPS Food - Greenchemicals<\/title>\n<meta name=\"robots\" content=\"index, follow, max-snippet:-1, max-image-preview:large, max-video-preview:-1\" \/>\n<link rel=\"canonical\" href=\"https:\/\/greenchemicals.eu\/es\/gc-applications\/xps-food\/\" \/>\n<meta property=\"og:locale\" content=\"es_ES\" \/>\n<meta property=\"og:type\" content=\"article\" \/>\n<meta property=\"og:title\" content=\"XPS Food - Greenchemicals\" \/>\n<meta property=\"og:description\" content=\"XPS Food Greenchemicals suministra masterbatch de aditivos espec\u00edficamente dise\u00f1ados para aplicaciones en bandejas alimentarias de XPS. Ofrecemos diferentes soluciones de agentes antiest\u00e1ticos, nucleantes y colorantes. Greenchemicals es socio, junto con el Polit\u00e9cnico de Mil\u00e1n y los principales actores de este mercado, de un grupo de empresas creado para estudiar proyectos de reciclaje para esta aplicaci\u00f3n [&hellip;]\" \/>\n<meta property=\"og:url\" content=\"https:\/\/greenchemicals.eu\/es\/gc-applications\/xps-food\/\" \/>\n<meta property=\"og:site_name\" content=\"Greenchemicals\" \/>\n<meta property=\"article:modified_time\" content=\"2025-06-29T09:34:05+00:00\" \/>\n<meta name=\"twitter:card\" content=\"summary_large_image\" \/>\n<meta name=\"twitter:label1\" content=\"Tiempo de lectura\" \/>\n\t<meta name=\"twitter:data1\" content=\"1 minuto\" \/>\n<script type=\"application\/ld+json\" class=\"yoast-schema-graph\">{\"@context\":\"https:\/\/schema.org\",\"@graph\":[{\"@type\":\"WebPage\",\"@id\":\"https:\/\/greenchemicals.eu\/es\/gc-applications\/xps-food\/\",\"url\":\"https:\/\/greenchemicals.eu\/es\/gc-applications\/xps-food\/\",\"name\":\"XPS Food - Greenchemicals\",\"isPartOf\":{\"@id\":\"https:\/\/greenchemicals.eu\/es\/#website\"},\"datePublished\":\"2024-03-26T19:43:30+00:00\",\"dateModified\":\"2025-06-29T09:34:05+00:00\",\"breadcrumb\":{\"@id\":\"https:\/\/greenchemicals.eu\/es\/gc-applications\/xps-food\/#breadcrumb\"},\"inLanguage\":\"es\",\"potentialAction\":[{\"@type\":\"ReadAction\",\"target\":[\"https:\/\/greenchemicals.eu\/es\/gc-applications\/xps-food\/\"]}]},{\"@type\":\"BreadcrumbList\",\"@id\":\"https:\/\/greenchemicals.eu\/es\/gc-applications\/xps-food\/#breadcrumb\",\"itemListElement\":[{\"@type\":\"ListItem\",\"position\":1,\"name\":\"Home\",\"item\":\"https:\/\/greenchemicals.eu\/es\/\"},{\"@type\":\"ListItem\",\"position\":2,\"name\":\"GC APPLICATIONS\",\"item\":\"https:\/\/greenchemicals.eu\/es\/gc-applications\/\"},{\"@type\":\"ListItem\",\"position\":3,\"name\":\"XPS Food\"}]},{\"@type\":\"WebSite\",\"@id\":\"https:\/\/greenchemicals.eu\/es\/#website\",\"url\":\"https:\/\/greenchemicals.eu\/es\/\",\"name\":\"Greenchemicals\",\"description\":\"\",\"publisher\":{\"@id\":\"https:\/\/greenchemicals.eu\/es\/#organization\"},\"potentialAction\":[{\"@type\":\"SearchAction\",\"target\":{\"@type\":\"EntryPoint\",\"urlTemplate\":\"https:\/\/greenchemicals.eu\/es\/?s={search_term_string}\"},\"query-input\":{\"@type\":\"PropertyValueSpecification\",\"valueRequired\":true,\"valueName\":\"search_term_string\"}}],\"inLanguage\":\"es\"},{\"@type\":\"Organization\",\"@id\":\"https:\/\/greenchemicals.eu\/es\/#organization\",\"name\":\"Greenchemicals\",\"url\":\"https:\/\/greenchemicals.eu\/es\/\",\"logo\":{\"@type\":\"ImageObject\",\"inLanguage\":\"es\",\"@id\":\"https:\/\/greenchemicals.eu\/es\/#\/schema\/logo\/image\/\",\"url\":\"https:\/\/greenchemicals.eu\/wp-content\/uploads\/2025\/10\/logo-1.png\",\"contentUrl\":\"https:\/\/greenchemicals.eu\/wp-content\/uploads\/2025\/10\/logo-1.png\",\"width\":1087,\"height\":235,\"caption\":\"Greenchemicals\"},\"image\":{\"@id\":\"https:\/\/greenchemicals.eu\/es\/#\/schema\/logo\/image\/\"}}]}<\/script>\n<!-- \/ Yoast SEO plugin. -->","yoast_head_json":{"title":"XPS Food - Greenchemicals","robots":{"index":"index","follow":"follow","max-snippet":"max-snippet:-1","max-image-preview":"max-image-preview:large","max-video-preview":"max-video-preview:-1"},"canonical":"https:\/\/greenchemicals.eu\/es\/gc-applications\/xps-food\/","og_locale":"es_ES","og_type":"article","og_title":"XPS Food - Greenchemicals","og_description":"XPS Food Greenchemicals suministra masterbatch de aditivos espec\u00edficamente dise\u00f1ados para aplicaciones en bandejas alimentarias de XPS. Ofrecemos diferentes soluciones de agentes antiest\u00e1ticos, nucleantes y colorantes. Greenchemicals es socio, junto con el Polit\u00e9cnico de Mil\u00e1n y los principales actores de este mercado, de un grupo de empresas creado para estudiar proyectos de reciclaje para esta aplicaci\u00f3n [&hellip;]","og_url":"https:\/\/greenchemicals.eu\/es\/gc-applications\/xps-food\/","og_site_name":"Greenchemicals","article_modified_time":"2025-06-29T09:34:05+00:00","twitter_card":"summary_large_image","twitter_misc":{"Tiempo de lectura":"1 minuto"},"schema":{"@context":"https:\/\/schema.org","@graph":[{"@type":"WebPage","@id":"https:\/\/greenchemicals.eu\/es\/gc-applications\/xps-food\/","url":"https:\/\/greenchemicals.eu\/es\/gc-applications\/xps-food\/","name":"XPS Food - Greenchemicals","isPartOf":{"@id":"https:\/\/greenchemicals.eu\/es\/#website"},"datePublished":"2024-03-26T19:43:30+00:00","dateModified":"2025-06-29T09:34:05+00:00","breadcrumb":{"@id":"https:\/\/greenchemicals.eu\/es\/gc-applications\/xps-food\/#breadcrumb"},"inLanguage":"es","potentialAction":[{"@type":"ReadAction","target":["https:\/\/greenchemicals.eu\/es\/gc-applications\/xps-food\/"]}]},{"@type":"BreadcrumbList","@id":"https:\/\/greenchemicals.eu\/es\/gc-applications\/xps-food\/#breadcrumb","itemListElement":[{"@type":"ListItem","position":1,"name":"Home","item":"https:\/\/greenchemicals.eu\/es\/"},{"@type":"ListItem","position":2,"name":"GC APPLICATIONS","item":"https:\/\/greenchemicals.eu\/es\/gc-applications\/"},{"@type":"ListItem","position":3,"name":"XPS Food"}]},{"@type":"WebSite","@id":"https:\/\/greenchemicals.eu\/es\/#website","url":"https:\/\/greenchemicals.eu\/es\/","name":"Greenchemicals","description":"","publisher":{"@id":"https:\/\/greenchemicals.eu\/es\/#organization"},"potentialAction":[{"@type":"SearchAction","target":{"@type":"EntryPoint","urlTemplate":"https:\/\/greenchemicals.eu\/es\/?s={search_term_string}"},"query-input":{"@type":"PropertyValueSpecification","valueRequired":true,"valueName":"search_term_string"}}],"inLanguage":"es"},{"@type":"Organization","@id":"https:\/\/greenchemicals.eu\/es\/#organization","name":"Greenchemicals","url":"https:\/\/greenchemicals.eu\/es\/","logo":{"@type":"ImageObject","inLanguage":"es","@id":"https:\/\/greenchemicals.eu\/es\/#\/schema\/logo\/image\/","url":"https:\/\/greenchemicals.eu\/wp-content\/uploads\/2025\/10\/logo-1.png","contentUrl":"https:\/\/greenchemicals.eu\/wp-content\/uploads\/2025\/10\/logo-1.png","width":1087,"height":235,"caption":"Greenchemicals"},"image":{"@id":"https:\/\/greenchemicals.eu\/es\/#\/schema\/logo\/image\/"}}]}},"_links":{"self":[{"href":"https:\/\/greenchemicals.eu\/es\/wp-json\/wp\/v2\/pages\/13092","targetHints":{"allow":["GET"]}}],"collection":[{"href":"https:\/\/greenchemicals.eu\/es\/wp-json\/wp\/v2\/pages"}],"about":[{"href":"https:\/\/greenchemicals.eu\/es\/wp-json\/wp\/v2\/types\/page"}],"author":[{"embeddable":true,"href":"https:\/\/greenchemicals.eu\/es\/wp-json\/wp\/v2\/users\/2"}],"replies":[{"embeddable":true,"href":"https:\/\/greenchemicals.eu\/es\/wp-json\/wp\/v2\/comments?post=13092"}],"version-history":[{"count":6,"href":"https:\/\/greenchemicals.eu\/es\/wp-json\/wp\/v2\/pages\/13092\/revisions"}],"predecessor-version":[{"id":18659,"href":"https:\/\/greenchemicals.eu\/es\/wp-json\/wp\/v2\/pages\/13092\/revisions\/18659"}],"up":[{"embeddable":true,"href":"https:\/\/greenchemicals.eu\/es\/wp-json\/wp\/v2\/pages\/14105"}],"wp:attachment":[{"href":"https:\/\/greenchemicals.eu\/es\/wp-json\/wp\/v2\/media?parent=13092"}],"curies":[{"name":"wp","href":"https:\/\/api.w.org\/{rel}","templated":true}]}}