{"id":12991,"date":"2024-03-27T11:12:20","date_gmt":"2024-03-27T10:12:20","guid":{"rendered":"https:\/\/greenchemicals.eu\/eps-x-eps\/"},"modified":"2025-06-29T11:35:41","modified_gmt":"2025-06-29T09:35:41","slug":"eps-x-eps","status":"publish","type":"page","link":"https:\/\/greenchemicals.eu\/es\/gc-applications\/eps-x-eps\/","title":{"rendered":"EPS\/X-EPS"},"content":{"rendered":"\t\t<div data-elementor-type=\"wp-page\" data-elementor-id=\"12991\" class=\"elementor elementor-12991 elementor-5011\" data-elementor-post-type=\"page\">\n\t\t\t\t<div class=\"has_eae_slider elementor-element elementor-element-a097205 e-flex e-con-boxed e-con e-parent\" data-eae-slider=\"42480\" data-id=\"a097205\" data-element_type=\"container\" data-settings=\"{&quot;background_background&quot;:&quot;classic&quot;}\">\n\t\t\t\t\t<div class=\"e-con-inner\">\n\t\t\t\t<div class=\"elementor-element elementor-element-2fba573 elementor-align-right elementor-mobile-align-center elementor-widget elementor-widget-breadcrumbs\" data-id=\"2fba573\" data-element_type=\"widget\" data-widget_type=\"breadcrumbs.default\">\n\t\t\t\t<div class=\"elementor-widget-container\">\n\t\t\t\t\t<p id=\"breadcrumbs\"><span><span><a href=\"https:\/\/greenchemicals.eu\/es\/\">Home<\/a><\/span><\/span><\/p>\t\t\t\t<\/div>\n\t\t\t\t<\/div>\n\t\t\t\t\t<\/div>\n\t\t\t\t<\/div>\n\t\t<div class=\"has_eae_slider elementor-element elementor-element-195a532 e-flex e-con-boxed e-con e-parent\" data-eae-slider=\"48422\" data-id=\"195a532\" data-element_type=\"container\" data-settings=\"{&quot;background_background&quot;:&quot;classic&quot;}\">\n\t\t\t\t\t<div class=\"e-con-inner\">\n\t\t<div class=\"has_eae_slider elementor-element elementor-element-25cee37 e-con-full e-flex e-con e-child\" data-eae-slider=\"38962\" data-id=\"25cee37\" data-element_type=\"container\">\n\t\t\t\t<div class=\"elementor-element elementor-element-a785839 elementor-widget elementor-widget-heading\" data-id=\"a785839\" data-element_type=\"widget\" data-widget_type=\"heading.default\">\n\t\t\t\t<div class=\"elementor-widget-container\">\n\t\t\t\t\t<h1 class=\"elementor-heading-title elementor-size-default\">EPS\/X-EPS<\/h1>\t\t\t\t<\/div>\n\t\t\t\t<\/div>\n\t\t\t\t<div class=\"elementor-element elementor-element-55c6602 testo_categoria elementor-widget elementor-widget-text-editor\" data-id=\"55c6602\" data-element_type=\"widget\" data-widget_type=\"text-editor.default\">\n\t\t\t\t<div class=\"elementor-widget-container\">\n\t\t\t\t\t\t\t\t\tGreenchemicals ofrece una gama completa de productos para aplicaciones de EPS y EPS extruido. Especializada en retardantes de llama, Greenchemicals ofrece la mejor soluci\u00f3n en t\u00e9rminos de relaci\u00f3n precio\/rendimiento para cada situaci\u00f3n. Greenchemicals ofrece soporte t\u00e9cnico e invierte en tecnolog\u00edas de reciclaje ecol\u00f3gico de EPS.\t\t\t\t\t\t\t\t<\/div>\n\t\t\t\t<\/div>\n\t\t\t\t<\/div>\n\t\t\t\t\t<\/div>\n\t\t\t\t<\/div>\n\t\t<div class=\"has_eae_slider elementor-element elementor-element-131fd0d e-flex e-con-boxed e-con e-parent\" data-eae-slider=\"28372\" data-id=\"131fd0d\" data-element_type=\"container\" data-settings=\"{&quot;background_background&quot;:&quot;classic&quot;}\">\n\t\t\t\t\t<div class=\"e-con-inner\">\n\t\t<div class=\"has_eae_slider elementor-element elementor-element-dc7fb11 e-grid e-con-boxed e-con e-child\" data-eae-slider=\"18000\" data-id=\"dc7fb11\" data-element_type=\"container\">\n\t\t\t\t\t<div class=\"e-con-inner\">\n\t\t<a class=\"has_eae_slider elementor-element elementor-element-90ec953 e-flex e-con-boxed e-con e-child\" data-eae-slider=\"94267\" data-id=\"90ec953\" data-element_type=\"container\" data-settings=\"{&quot;background_background&quot;:&quot;classic&quot;}\" href=\"https:\/\/greenchemicals.eu\/it\/gc-applications\/eps-x-eps\/ritardanti-di-fiamma-per-eps\/\">\n\t\t\t\t\t<div class=\"e-con-inner\">\n\t\t\t\t<div class=\"elementor-element elementor-element-8ebf1fa title-box elementor-widget elementor-widget-heading\" data-id=\"8ebf1fa\" data-element_type=\"widget\" data-widget_type=\"heading.default\">\n\t\t\t\t<div class=\"elementor-widget-container\">\n\t\t\t\t\t<p class=\"elementor-heading-title elementor-size-default\">Retardantes de llama<\/p>\t\t\t\t<\/div>\n\t\t\t\t<\/div>\n\t\t\t\t<div class=\"elementor-element elementor-element-5c8f77b elementor-widget elementor-widget-heading\" data-id=\"5c8f77b\" data-element_type=\"widget\" data-widget_type=\"heading.default\">\n\t\t\t\t<div class=\"elementor-widget-container\">\n\t\t\t\t\t<span class=\"elementor-heading-title elementor-size-default\">para EPS<\/span>\t\t\t\t<\/div>\n\t\t\t\t<\/div>\n\t\t\t\t\t<\/div>\n\t\t\t\t<\/a>\n\t\t<a class=\"has_eae_slider elementor-element elementor-element-d14d2e7 e-flex e-con-boxed e-con e-child\" data-eae-slider=\"11523\" data-id=\"d14d2e7\" data-element_type=\"container\" data-settings=\"{&quot;background_background&quot;:&quot;classic&quot;}\" href=\"https:\/\/greenchemicals.eu\/it\/gc-applications\/eps-x-eps\/ritardanti-di-fiamma-per-x-eps\/\">\n\t\t\t\t\t<div class=\"e-con-inner\">\n\t\t\t\t<div class=\"elementor-element elementor-element-7cb9be5 title-box elementor-widget elementor-widget-heading\" data-id=\"7cb9be5\" data-element_type=\"widget\" data-widget_type=\"heading.default\">\n\t\t\t\t<div class=\"elementor-widget-container\">\n\t\t\t\t\t<p class=\"elementor-heading-title elementor-size-default\">Retardantes de llama<\/p>\t\t\t\t<\/div>\n\t\t\t\t<\/div>\n\t\t\t\t<div class=\"elementor-element elementor-element-6f2a6f8 elementor-widget elementor-widget-heading\" data-id=\"6f2a6f8\" data-element_type=\"widget\" data-widget_type=\"heading.default\">\n\t\t\t\t<div class=\"elementor-widget-container\">\n\t\t\t\t\t<span class=\"elementor-heading-title elementor-size-default\">para X-EPS<\/span>\t\t\t\t<\/div>\n\t\t\t\t<\/div>\n\t\t\t\t\t<\/div>\n\t\t\t\t<\/a>\n\t\t<a class=\"has_eae_slider elementor-element elementor-element-5e7a448 e-flex e-con-boxed e-con e-child\" data-eae-slider=\"976\" data-id=\"5e7a448\" data-element_type=\"container\" data-settings=\"{&quot;background_background&quot;:&quot;classic&quot;}\" href=\"https:\/\/greenchemicals.eu\/it\/gc-applications\/eps-x-eps\/aiuto-processo\/\">\n\t\t\t\t\t<div class=\"e-con-inner\">\n\t\t\t\t<div class=\"elementor-element elementor-element-3c6e96c title-box elementor-widget elementor-widget-heading\" data-id=\"3c6e96c\" data-element_type=\"widget\" data-widget_type=\"heading.default\">\n\t\t\t\t<div class=\"elementor-widget-container\">\n\t\t\t\t\t<p class=\"elementor-heading-title elementor-size-default\">Ayudantes de proceso<\/p>\t\t\t\t<\/div>\n\t\t\t\t<\/div>\n\t\t\t\t<div class=\"elementor-element elementor-element-4592a64 elementor-widget elementor-widget-heading\" data-id=\"4592a64\" data-element_type=\"widget\" data-widget_type=\"heading.default\">\n\t\t\t\t<div class=\"elementor-widget-container\">\n\t\t\t\t\t<span class=\"elementor-heading-title elementor-size-default\">solo para EPS<\/span>\t\t\t\t<\/div>\n\t\t\t\t<\/div>\n\t\t\t\t\t<\/div>\n\t\t\t\t<\/a>\n\t\t<a class=\"has_eae_slider elementor-element elementor-element-be3e151 e-flex e-con-boxed e-con e-child\" data-eae-slider=\"5235\" data-id=\"be3e151\" data-element_type=\"container\" data-settings=\"{&quot;background_background&quot;:&quot;classic&quot;}\" href=\"https:\/\/greenchemicals.eu\/it\/gc-applications\/eps-x-eps\/antiossidanti\/\">\n\t\t\t\t\t<div class=\"e-con-inner\">\n\t\t\t\t<div class=\"elementor-element elementor-element-fa2d952 title-box elementor-widget elementor-widget-heading\" data-id=\"fa2d952\" data-element_type=\"widget\" data-widget_type=\"heading.default\">\n\t\t\t\t<div class=\"elementor-widget-container\">\n\t\t\t\t\t<p class=\"elementor-heading-title elementor-size-default\">Antioxidantes<\/p>\t\t\t\t<\/div>\n\t\t\t\t<\/div>\n\t\t\t\t<div class=\"elementor-element elementor-element-dde0673 elementor-widget elementor-widget-heading\" data-id=\"dde0673\" data-element_type=\"widget\" data-widget_type=\"heading.default\">\n\t\t\t\t<div class=\"elementor-widget-container\">\n\t\t\t\t\t<span class=\"elementor-heading-title elementor-size-default\">solo para EPS<\/span>\t\t\t\t<\/div>\n\t\t\t\t<\/div>\n\t\t\t\t\t<\/div>\n\t\t\t\t<\/a>\n\t\t<a class=\"has_eae_slider elementor-element elementor-element-58cc5c7 e-flex e-con-boxed e-con e-child\" data-eae-slider=\"53925\" data-id=\"58cc5c7\" data-element_type=\"container\" data-settings=\"{&quot;background_background&quot;:&quot;classic&quot;}\" href=\"https:\/\/greenchemicals.eu\/it\/gc-applications\/eps-x-eps\/perossidi\/\">\n\t\t\t\t\t<div class=\"e-con-inner\">\n\t\t\t\t<div class=\"elementor-element elementor-element-f14bea0 title-box elementor-widget elementor-widget-heading\" data-id=\"f14bea0\" data-element_type=\"widget\" data-widget_type=\"heading.default\">\n\t\t\t\t<div class=\"elementor-widget-container\">\n\t\t\t\t\t<p class=\"elementor-heading-title elementor-size-default\">Per\u00f3xidos<\/p>\t\t\t\t<\/div>\n\t\t\t\t<\/div>\n\t\t\t\t<div class=\"elementor-element elementor-element-0b82234 elementor-widget elementor-widget-heading\" data-id=\"0b82234\" data-element_type=\"widget\" data-widget_type=\"heading.default\">\n\t\t\t\t<div class=\"elementor-widget-container\">\n\t\t\t\t\t<span class=\"elementor-heading-title elementor-size-default\">solo para EPS<\/span>\t\t\t\t<\/div>\n\t\t\t\t<\/div>\n\t\t\t\t\t<\/div>\n\t\t\t\t<\/a>\n\t\t<a class=\"has_eae_slider elementor-element elementor-element-9b5f1c3 e-flex e-con-boxed e-con e-child\" data-eae-slider=\"81076\" data-id=\"9b5f1c3\" data-element_type=\"container\" data-settings=\"{&quot;background_background&quot;:&quot;classic&quot;}\" href=\"https:\/\/greenchemicals.eu\/it\/gc-applications\/eps-x-eps\/agenti-antiagglomeranti\/\">\n\t\t\t\t\t<div class=\"e-con-inner\">\n\t\t\t\t<div class=\"elementor-element elementor-element-e0cee06 title-box elementor-widget elementor-widget-heading\" data-id=\"e0cee06\" data-element_type=\"widget\" data-widget_type=\"heading.default\">\n\t\t\t\t<div class=\"elementor-widget-container\">\n\t\t\t\t\t<p class=\"elementor-heading-title elementor-size-default\">Agentes antiaglomerantes<\/p>\t\t\t\t<\/div>\n\t\t\t\t<\/div>\n\t\t\t\t<div class=\"elementor-element elementor-element-f9d38d0 elementor-widget elementor-widget-heading\" data-id=\"f9d38d0\" data-element_type=\"widget\" data-widget_type=\"heading.default\">\n\t\t\t\t<div class=\"elementor-widget-container\">\n\t\t\t\t\t<span class=\"elementor-heading-title elementor-size-default\">para EPS y X-EPS<\/span>\t\t\t\t<\/div>\n\t\t\t\t<\/div>\n\t\t\t\t\t<\/div>\n\t\t\t\t<\/a>\n\t\t<a class=\"has_eae_slider elementor-element elementor-element-7bb528f e-flex e-con-boxed e-con e-child\" data-eae-slider=\"76263\" data-id=\"7bb528f\" data-element_type=\"container\" data-settings=\"{&quot;background_background&quot;:&quot;classic&quot;}\" href=\"https:\/\/greenchemicals.eu\/it\/gc-applications\/eps-x-eps\/stabilizzatori-di-sospensione\/\">\n\t\t\t\t\t<div class=\"e-con-inner\">\n\t\t\t\t<div class=\"elementor-element elementor-element-21a328f title-box elementor-widget elementor-widget-heading\" data-id=\"21a328f\" data-element_type=\"widget\" data-widget_type=\"heading.default\">\n\t\t\t\t<div class=\"elementor-widget-container\">\n\t\t\t\t\t<p class=\"elementor-heading-title elementor-size-default\">Estabilizadores de suspensi\u00f3n<\/p>\t\t\t\t<\/div>\n\t\t\t\t<\/div>\n\t\t\t\t<div class=\"elementor-element elementor-element-449fd03 elementor-widget elementor-widget-heading\" data-id=\"449fd03\" data-element_type=\"widget\" data-widget_type=\"heading.default\">\n\t\t\t\t<div class=\"elementor-widget-container\">\n\t\t\t\t\t<span class=\"elementor-heading-title elementor-size-default\">solo para EPS<\/span>\t\t\t\t<\/div>\n\t\t\t\t<\/div>\n\t\t\t\t\t<\/div>\n\t\t\t\t<\/a>\n\t\t<a class=\"has_eae_slider elementor-element elementor-element-67c32b9 e-flex e-con-boxed e-con e-child\" data-eae-slider=\"36319\" data-id=\"67c32b9\" data-element_type=\"container\" data-settings=\"{&quot;background_background&quot;:&quot;classic&quot;}\" href=\"https:\/\/greenchemicals.eu\/it\/gc-applications\/eps-x-eps\/agenti-protettivi\/\">\n\t\t\t\t\t<div class=\"e-con-inner\">\n\t\t\t\t<div class=\"elementor-element elementor-element-3a2e541 title-box elementor-widget elementor-widget-heading\" data-id=\"3a2e541\" data-element_type=\"widget\" data-widget_type=\"heading.default\">\n\t\t\t\t<div class=\"elementor-widget-container\">\n\t\t\t\t\t<p class=\"elementor-heading-title elementor-size-default\">Agentes de protecci\u00f3n<\/p>\t\t\t\t<\/div>\n\t\t\t\t<\/div>\n\t\t\t\t<div class=\"elementor-element elementor-element-42821e3 elementor-widget elementor-widget-heading\" data-id=\"42821e3\" data-element_type=\"widget\" data-widget_type=\"heading.default\">\n\t\t\t\t<div class=\"elementor-widget-container\">\n\t\t\t\t\t<span class=\"elementor-heading-title elementor-size-default\">solo para X-EPS<\/span>\t\t\t\t<\/div>\n\t\t\t\t<\/div>\n\t\t\t\t\t<\/div>\n\t\t\t\t<\/a>\n\t\t<a class=\"has_eae_slider elementor-element elementor-element-2d2fc16 e-flex e-con-boxed e-con e-child\" data-eae-slider=\"85359\" data-id=\"2d2fc16\" data-element_type=\"container\" data-settings=\"{&quot;background_background&quot;:&quot;classic&quot;}\" href=\"https:\/\/greenchemicals.eu\/it\/gc-applications\/eps-x-eps\/agenti-di-coefficiente-termico\/\">\n\t\t\t\t\t<div class=\"e-con-inner\">\n\t\t\t\t<div class=\"elementor-element elementor-element-63b3763 title-box elementor-widget elementor-widget-heading\" data-id=\"63b3763\" data-element_type=\"widget\" data-widget_type=\"heading.default\">\n\t\t\t\t<div class=\"elementor-widget-container\">\n\t\t\t\t\t<p class=\"elementor-heading-title elementor-size-default\">Agentes de coeficiente t\u00e9rmico<\/p>\t\t\t\t<\/div>\n\t\t\t\t<\/div>\n\t\t\t\t<div class=\"elementor-element elementor-element-552e623 elementor-widget elementor-widget-heading\" data-id=\"552e623\" data-element_type=\"widget\" data-widget_type=\"heading.default\">\n\t\t\t\t<div class=\"elementor-widget-container\">\n\t\t\t\t\t<span class=\"elementor-heading-title elementor-size-default\">solo para X-EPS<\/span>\t\t\t\t<\/div>\n\t\t\t\t<\/div>\n\t\t\t\t\t<\/div>\n\t\t\t\t<\/a>\n\t\t<a class=\"has_eae_slider elementor-element elementor-element-586d2a4 e-flex e-con-boxed e-con e-child\" data-eae-slider=\"54702\" data-id=\"586d2a4\" data-element_type=\"container\" data-settings=\"{&quot;background_background&quot;:&quot;classic&quot;}\" href=\"https:\/\/greenchemicals.eu\/it\/gc-applications\/eps-x-eps\/agenti-nucleanti\/\">\n\t\t\t\t\t<div class=\"e-con-inner\">\n\t\t\t\t<div class=\"elementor-element elementor-element-1586ddd title-box elementor-widget elementor-widget-heading\" data-id=\"1586ddd\" data-element_type=\"widget\" data-widget_type=\"heading.default\">\n\t\t\t\t<div class=\"elementor-widget-container\">\n\t\t\t\t\t<p class=\"elementor-heading-title elementor-size-default\">Agentes nucleantes<\/p>\t\t\t\t<\/div>\n\t\t\t\t<\/div>\n\t\t\t\t<div class=\"elementor-element elementor-element-877e8f9 elementor-widget elementor-widget-heading\" data-id=\"877e8f9\" data-element_type=\"widget\" data-widget_type=\"heading.default\">\n\t\t\t\t<div class=\"elementor-widget-container\">\n\t\t\t\t\t<span class=\"elementor-heading-title elementor-size-default\">solo para X-EPS<\/span>\t\t\t\t<\/div>\n\t\t\t\t<\/div>\n\t\t\t\t\t<\/div>\n\t\t\t\t<\/a>\n\t\t\t\t\t<\/div>\n\t\t\t\t<\/div>\n\t\t\t\t\t<\/div>\n\t\t\t\t<\/div>\n\t\t\t\t<\/div>\n\t\t","protected":false},"excerpt":{"rendered":"<p>EPS\/X-EPS Greenchemicals ofrece una gama completa de productos para aplicaciones de EPS y EPS extruido. Especializada en retardantes de llama, Greenchemicals ofrece la mejor soluci\u00f3n en t\u00e9rminos de relaci\u00f3n precio\/rendimiento para cada situaci\u00f3n. Greenchemicals ofrece soporte t\u00e9cnico e invierte en tecnolog\u00edas de reciclaje ecol\u00f3gico de EPS. Retardantes de llama para EPS Retardantes de llama para [&hellip;]<\/p>\n","protected":false},"author":2,"featured_media":0,"parent":14105,"menu_order":0,"comment_status":"closed","ping_status":"closed","template":"","meta":{"_acf_changed":false,"footnotes":""},"class_list":["post-12991","page","type-page","status-publish","hentry"],"acf":[],"yoast_head":"<!-- This site is optimized with the Yoast SEO plugin v26.6 - https:\/\/yoast.com\/wordpress\/plugins\/seo\/ -->\n<title>EPS\/X-EPS - Greenchemicals<\/title>\n<meta name=\"robots\" content=\"index, follow, max-snippet:-1, max-image-preview:large, max-video-preview:-1\" \/>\n<link rel=\"canonical\" href=\"https:\/\/greenchemicals.eu\/es\/gc-applications\/eps-x-eps\/\" \/>\n<meta property=\"og:locale\" content=\"es_ES\" \/>\n<meta property=\"og:type\" content=\"article\" \/>\n<meta property=\"og:title\" content=\"EPS\/X-EPS - Greenchemicals\" \/>\n<meta property=\"og:description\" content=\"EPS\/X-EPS Greenchemicals ofrece una gama completa de productos para aplicaciones de EPS y EPS extruido. Especializada en retardantes de llama, Greenchemicals ofrece la mejor soluci\u00f3n en t\u00e9rminos de relaci\u00f3n precio\/rendimiento para cada situaci\u00f3n. Greenchemicals ofrece soporte t\u00e9cnico e invierte en tecnolog\u00edas de reciclaje ecol\u00f3gico de EPS. Retardantes de llama para EPS Retardantes de llama para [&hellip;]\" \/>\n<meta property=\"og:url\" content=\"https:\/\/greenchemicals.eu\/es\/gc-applications\/eps-x-eps\/\" \/>\n<meta property=\"og:site_name\" content=\"Greenchemicals\" \/>\n<meta property=\"article:modified_time\" content=\"2025-06-29T09:35:41+00:00\" \/>\n<meta name=\"twitter:card\" content=\"summary_large_image\" \/>\n<meta name=\"twitter:label1\" content=\"Tiempo de lectura\" \/>\n\t<meta name=\"twitter:data1\" content=\"1 minuto\" \/>\n<script type=\"application\/ld+json\" class=\"yoast-schema-graph\">{\"@context\":\"https:\/\/schema.org\",\"@graph\":[{\"@type\":\"WebPage\",\"@id\":\"https:\/\/greenchemicals.eu\/es\/gc-applications\/eps-x-eps\/\",\"url\":\"https:\/\/greenchemicals.eu\/es\/gc-applications\/eps-x-eps\/\",\"name\":\"EPS\/X-EPS - Greenchemicals\",\"isPartOf\":{\"@id\":\"https:\/\/greenchemicals.eu\/es\/#website\"},\"datePublished\":\"2024-03-27T10:12:20+00:00\",\"dateModified\":\"2025-06-29T09:35:41+00:00\",\"breadcrumb\":{\"@id\":\"https:\/\/greenchemicals.eu\/es\/gc-applications\/eps-x-eps\/#breadcrumb\"},\"inLanguage\":\"es\",\"potentialAction\":[{\"@type\":\"ReadAction\",\"target\":[\"https:\/\/greenchemicals.eu\/es\/gc-applications\/eps-x-eps\/\"]}]},{\"@type\":\"BreadcrumbList\",\"@id\":\"https:\/\/greenchemicals.eu\/es\/gc-applications\/eps-x-eps\/#breadcrumb\",\"itemListElement\":[{\"@type\":\"ListItem\",\"position\":1,\"name\":\"Home\",\"item\":\"https:\/\/greenchemicals.eu\/es\/\"},{\"@type\":\"ListItem\",\"position\":2,\"name\":\"GC APPLICATIONS\",\"item\":\"https:\/\/greenchemicals.eu\/es\/gc-applications\/\"},{\"@type\":\"ListItem\",\"position\":3,\"name\":\"EPS\/X-EPS\"}]},{\"@type\":\"WebSite\",\"@id\":\"https:\/\/greenchemicals.eu\/es\/#website\",\"url\":\"https:\/\/greenchemicals.eu\/es\/\",\"name\":\"Greenchemicals\",\"description\":\"\",\"publisher\":{\"@id\":\"https:\/\/greenchemicals.eu\/es\/#organization\"},\"potentialAction\":[{\"@type\":\"SearchAction\",\"target\":{\"@type\":\"EntryPoint\",\"urlTemplate\":\"https:\/\/greenchemicals.eu\/es\/?s={search_term_string}\"},\"query-input\":{\"@type\":\"PropertyValueSpecification\",\"valueRequired\":true,\"valueName\":\"search_term_string\"}}],\"inLanguage\":\"es\"},{\"@type\":\"Organization\",\"@id\":\"https:\/\/greenchemicals.eu\/es\/#organization\",\"name\":\"Greenchemicals\",\"url\":\"https:\/\/greenchemicals.eu\/es\/\",\"logo\":{\"@type\":\"ImageObject\",\"inLanguage\":\"es\",\"@id\":\"https:\/\/greenchemicals.eu\/es\/#\/schema\/logo\/image\/\",\"url\":\"https:\/\/greenchemicals.eu\/wp-content\/uploads\/2025\/10\/logo-1.png\",\"contentUrl\":\"https:\/\/greenchemicals.eu\/wp-content\/uploads\/2025\/10\/logo-1.png\",\"width\":1087,\"height\":235,\"caption\":\"Greenchemicals\"},\"image\":{\"@id\":\"https:\/\/greenchemicals.eu\/es\/#\/schema\/logo\/image\/\"}}]}<\/script>\n<!-- \/ Yoast SEO plugin. -->","yoast_head_json":{"title":"EPS\/X-EPS - Greenchemicals","robots":{"index":"index","follow":"follow","max-snippet":"max-snippet:-1","max-image-preview":"max-image-preview:large","max-video-preview":"max-video-preview:-1"},"canonical":"https:\/\/greenchemicals.eu\/es\/gc-applications\/eps-x-eps\/","og_locale":"es_ES","og_type":"article","og_title":"EPS\/X-EPS - Greenchemicals","og_description":"EPS\/X-EPS Greenchemicals ofrece una gama completa de productos para aplicaciones de EPS y EPS extruido. Especializada en retardantes de llama, Greenchemicals ofrece la mejor soluci\u00f3n en t\u00e9rminos de relaci\u00f3n precio\/rendimiento para cada situaci\u00f3n. Greenchemicals ofrece soporte t\u00e9cnico e invierte en tecnolog\u00edas de reciclaje ecol\u00f3gico de EPS. Retardantes de llama para EPS Retardantes de llama para [&hellip;]","og_url":"https:\/\/greenchemicals.eu\/es\/gc-applications\/eps-x-eps\/","og_site_name":"Greenchemicals","article_modified_time":"2025-06-29T09:35:41+00:00","twitter_card":"summary_large_image","twitter_misc":{"Tiempo de lectura":"1 minuto"},"schema":{"@context":"https:\/\/schema.org","@graph":[{"@type":"WebPage","@id":"https:\/\/greenchemicals.eu\/es\/gc-applications\/eps-x-eps\/","url":"https:\/\/greenchemicals.eu\/es\/gc-applications\/eps-x-eps\/","name":"EPS\/X-EPS - Greenchemicals","isPartOf":{"@id":"https:\/\/greenchemicals.eu\/es\/#website"},"datePublished":"2024-03-27T10:12:20+00:00","dateModified":"2025-06-29T09:35:41+00:00","breadcrumb":{"@id":"https:\/\/greenchemicals.eu\/es\/gc-applications\/eps-x-eps\/#breadcrumb"},"inLanguage":"es","potentialAction":[{"@type":"ReadAction","target":["https:\/\/greenchemicals.eu\/es\/gc-applications\/eps-x-eps\/"]}]},{"@type":"BreadcrumbList","@id":"https:\/\/greenchemicals.eu\/es\/gc-applications\/eps-x-eps\/#breadcrumb","itemListElement":[{"@type":"ListItem","position":1,"name":"Home","item":"https:\/\/greenchemicals.eu\/es\/"},{"@type":"ListItem","position":2,"name":"GC APPLICATIONS","item":"https:\/\/greenchemicals.eu\/es\/gc-applications\/"},{"@type":"ListItem","position":3,"name":"EPS\/X-EPS"}]},{"@type":"WebSite","@id":"https:\/\/greenchemicals.eu\/es\/#website","url":"https:\/\/greenchemicals.eu\/es\/","name":"Greenchemicals","description":"","publisher":{"@id":"https:\/\/greenchemicals.eu\/es\/#organization"},"potentialAction":[{"@type":"SearchAction","target":{"@type":"EntryPoint","urlTemplate":"https:\/\/greenchemicals.eu\/es\/?s={search_term_string}"},"query-input":{"@type":"PropertyValueSpecification","valueRequired":true,"valueName":"search_term_string"}}],"inLanguage":"es"},{"@type":"Organization","@id":"https:\/\/greenchemicals.eu\/es\/#organization","name":"Greenchemicals","url":"https:\/\/greenchemicals.eu\/es\/","logo":{"@type":"ImageObject","inLanguage":"es","@id":"https:\/\/greenchemicals.eu\/es\/#\/schema\/logo\/image\/","url":"https:\/\/greenchemicals.eu\/wp-content\/uploads\/2025\/10\/logo-1.png","contentUrl":"https:\/\/greenchemicals.eu\/wp-content\/uploads\/2025\/10\/logo-1.png","width":1087,"height":235,"caption":"Greenchemicals"},"image":{"@id":"https:\/\/greenchemicals.eu\/es\/#\/schema\/logo\/image\/"}}]}},"_links":{"self":[{"href":"https:\/\/greenchemicals.eu\/es\/wp-json\/wp\/v2\/pages\/12991","targetHints":{"allow":["GET"]}}],"collection":[{"href":"https:\/\/greenchemicals.eu\/es\/wp-json\/wp\/v2\/pages"}],"about":[{"href":"https:\/\/greenchemicals.eu\/es\/wp-json\/wp\/v2\/types\/page"}],"author":[{"embeddable":true,"href":"https:\/\/greenchemicals.eu\/es\/wp-json\/wp\/v2\/users\/2"}],"replies":[{"embeddable":true,"href":"https:\/\/greenchemicals.eu\/es\/wp-json\/wp\/v2\/comments?post=12991"}],"version-history":[{"count":6,"href":"https:\/\/greenchemicals.eu\/es\/wp-json\/wp\/v2\/pages\/12991\/revisions"}],"predecessor-version":[{"id":18665,"href":"https:\/\/greenchemicals.eu\/es\/wp-json\/wp\/v2\/pages\/12991\/revisions\/18665"}],"up":[{"embeddable":true,"href":"https:\/\/greenchemicals.eu\/es\/wp-json\/wp\/v2\/pages\/14105"}],"wp:attachment":[{"href":"https:\/\/greenchemicals.eu\/es\/wp-json\/wp\/v2\/media?parent=12991"}],"curies":[{"name":"wp","href":"https:\/\/api.w.org\/{rel}","templated":true}]}}