{"id":14292,"date":"2024-03-01T13:44:58","date_gmt":"2024-03-01T12:44:58","guid":{"rendered":"https:\/\/greenchemicals.eu\/gc-recycling\/"},"modified":"2024-09-24T15:21:32","modified_gmt":"2024-09-24T13:21:32","slug":"gc-recycling","status":"publish","type":"page","link":"https:\/\/greenchemicals.eu\/de\/gc-recycling\/","title":{"rendered":"GC RECYCLING"},"content":{"rendered":"\t\t<div data-elementor-type=\"wp-page\" data-elementor-id=\"14292\" class=\"elementor elementor-14292 elementor-7954\" data-elementor-post-type=\"page\">\n\t\t\t\t<div class=\"has_eae_slider elementor-element elementor-element-a097205 e-flex e-con-boxed e-con e-parent\" data-eae-slider=\"31692\" data-id=\"a097205\" data-element_type=\"container\" data-settings=\"{&quot;background_background&quot;:&quot;classic&quot;}\">\n\t\t\t\t\t<div class=\"e-con-inner\">\n\t\t\t\t<div class=\"elementor-element elementor-element-2fba573 elementor-align-right elementor-mobile-align-center elementor-widget elementor-widget-breadcrumbs\" data-id=\"2fba573\" data-element_type=\"widget\" data-widget_type=\"breadcrumbs.default\">\n\t\t\t\t<div class=\"elementor-widget-container\">\n\t\t\t\t\t<p id=\"breadcrumbs\"><span><span><a href=\"https:\/\/greenchemicals.eu\/de\/\">Home<\/a><\/span><\/span><\/p>\t\t\t\t<\/div>\n\t\t\t\t<\/div>\n\t\t\t\t\t<\/div>\n\t\t\t\t<\/div>\n\t\t<div class=\"has_eae_slider elementor-element elementor-element-195a532 e-flex e-con-boxed e-con e-parent\" data-eae-slider=\"92165\" data-id=\"195a532\" data-element_type=\"container\" data-settings=\"{&quot;background_background&quot;:&quot;classic&quot;}\">\n\t\t\t\t\t<div class=\"e-con-inner\">\n\t\t<div class=\"has_eae_slider elementor-element elementor-element-25cee37 e-con-full e-flex e-con e-child\" data-eae-slider=\"62021\" data-id=\"25cee37\" data-element_type=\"container\">\n\t\t\t\t<div class=\"elementor-element elementor-element-a785839 elementor-widget elementor-widget-heading\" data-id=\"a785839\" data-element_type=\"widget\" data-widget_type=\"heading.default\">\n\t\t\t\t<div class=\"elementor-widget-container\">\n\t\t\t\t\t<h1 class=\"elementor-heading-title elementor-size-default\">Greenchemicals recycling<\/h1>\t\t\t\t<\/div>\n\t\t\t\t<\/div>\n\t\t\t\t<div class=\"elementor-element elementor-element-55c6602 testo_categoria elementor-widget elementor-widget-text-editor\" data-id=\"55c6602\" data-element_type=\"widget\" data-widget_type=\"text-editor.default\">\n\t\t\t\t<div class=\"elementor-widget-container\">\n\t\t\t\t\t\t\t\t\t<p>Greenchemicals hat im Einklang mit seiner gr\u00fcnen Philosophie eine Reihe innovativer L\u00f6sungen zur Unterst\u00fctzung von Recyclingprozessen entwickelt. Die Verwendung von Additiven, mit deren Hilfe unerw\u00fcnschte Substanzen in den zu recycelnden Polymeren beseitigt werden k\u00f6nnen, ist f\u00fcr alle Recycler eine konkrete Hilfe, die reibungslosere Prozesse, die Erhaltung von Polymeren und sogar den Schutz der Maschinen erm\u00f6glicht.<\/p>\n\t\t\t\t\t\t\t\t<\/div>\n\t\t\t\t<\/div>\n\t\t\t\t<\/div>\n\t\t\t\t\t<\/div>\n\t\t\t\t<\/div>\n\t\t<div class=\"has_eae_slider elementor-element elementor-element-af2106a e-flex e-con-boxed e-con e-parent\" data-eae-slider=\"62079\" data-id=\"af2106a\" data-element_type=\"container\">\n\t\t\t\t\t<div class=\"e-con-inner\">\n\t\t\t\t<div class=\"elementor-element elementor-element-00edd88 elementor-widget elementor-widget-image\" data-id=\"00edd88\" data-element_type=\"widget\" data-widget_type=\"image.default\">\n\t\t\t\t<div class=\"elementor-widget-container\">\n\t\t\t\t\t\t\t\t\t\t\t\t\t\t\t<img fetchpriority=\"high\" decoding=\"async\" width=\"365\" height=\"167\" src=\"https:\/\/greenchemicals.eu\/wp-content\/uploads\/2024\/03\/gc-recypling-logo.jpg\" class=\"attachment-large size-large wp-image-14293\" alt=\"\" srcset=\"https:\/\/greenchemicals.eu\/wp-content\/uploads\/2024\/03\/gc-recypling-logo.jpg 365w, https:\/\/greenchemicals.eu\/wp-content\/uploads\/2024\/03\/gc-recypling-logo-300x137.jpg 300w\" sizes=\"(max-width: 365px) 100vw, 365px\" \/>\t\t\t\t\t\t\t\t\t\t\t\t\t\t\t<\/div>\n\t\t\t\t<\/div>\n\t\t\t\t\t<\/div>\n\t\t\t\t<\/div>\n\t\t<div class=\"has_eae_slider elementor-element elementor-element-fd77379 e-flex e-con-boxed e-con e-parent\" data-eae-slider=\"3635\" data-id=\"fd77379\" data-element_type=\"container\">\n\t\t\t\t\t<div class=\"e-con-inner\">\n\t\t<div class=\"has_eae_slider elementor-element elementor-element-d1e98be e-con-full e-flex e-con e-child\" data-eae-slider=\"92708\" data-id=\"d1e98be\" data-element_type=\"container\">\n\t\t\t\t<\/div>\n\t\t<div class=\"has_eae_slider elementor-element elementor-element-e6e8ed1 e-con-full e-flex e-con e-child\" data-eae-slider=\"62926\" data-id=\"e6e8ed1\" data-element_type=\"container\">\n\t\t<a class=\"has_eae_slider elementor-element elementor-element-e5861fc e-flex e-con-boxed e-con e-child\" data-eae-slider=\"28459\" data-id=\"e5861fc\" data-element_type=\"container\" data-settings=\"{&quot;background_background&quot;:&quot;classic&quot;}\" href=\"https:\/\/greenchemicals.eu\/it\/gc-recycling\/additivi-per-il-riciclo\/\">\n\t\t\t\t\t<div class=\"e-con-inner\">\n\t\t\t\t<div class=\"elementor-element elementor-element-6285d00 elementor-widget elementor-widget-image\" data-id=\"6285d00\" data-element_type=\"widget\" data-widget_type=\"image.default\">\n\t\t\t\t<div class=\"elementor-widget-container\">\n\t\t\t\t\t\t\t\t\t\t\t\t\t\t\t<img decoding=\"async\" width=\"426\" height=\"249\" src=\"https:\/\/greenchemicals.eu\/wp-content\/uploads\/2024\/03\/Additives-for-recycling-greenchemical.jpg\" class=\"attachment-full size-full wp-image-14297\" alt=\"\" srcset=\"https:\/\/greenchemicals.eu\/wp-content\/uploads\/2024\/03\/Additives-for-recycling-greenchemical.jpg 426w, https:\/\/greenchemicals.eu\/wp-content\/uploads\/2024\/03\/Additives-for-recycling-greenchemical-300x175.jpg 300w\" sizes=\"(max-width: 426px) 100vw, 426px\" \/>\t\t\t\t\t\t\t\t\t\t\t\t\t\t\t<\/div>\n\t\t\t\t<\/div>\n\t\t\t\t<div class=\"elementor-element elementor-element-ebba8cd elementor-widget elementor-widget-heading\" data-id=\"ebba8cd\" data-element_type=\"widget\" data-widget_type=\"heading.default\">\n\t\t\t\t<div class=\"elementor-widget-container\">\n\t\t\t\t\t<h2 class=\"elementor-heading-title elementor-size-default\">Recycling-Additive<\/h2>\t\t\t\t<\/div>\n\t\t\t\t<\/div>\n\t\t\t\t<div class=\"elementor-element elementor-element-a567a25 elementor-widget elementor-widget-text-editor\" data-id=\"a567a25\" data-element_type=\"widget\" data-widget_type=\"text-editor.default\">\n\t\t\t\t<div class=\"elementor-widget-container\">\n\t\t\t\t\t\t\t\t\t<p>Greenchemicals hat innovative L\u00f6sungen entwickelt, die den Recycling-Prozess erleichtern.\u00a0<\/p>\n\t\t\t\t\t\t\t\t<\/div>\n\t\t\t\t<\/div>\n\t\t\t\t\t<\/div>\n\t\t\t\t<\/a>\n\t\t\t\t<\/div>\n\t\t<div class=\"has_eae_slider elementor-element elementor-element-8a56cb9 e-con-full e-flex e-con e-child\" data-eae-slider=\"2072\" data-id=\"8a56cb9\" data-element_type=\"container\">\n\t\t<a class=\"has_eae_slider elementor-element elementor-element-147db71 e-flex e-con-boxed e-con e-child\" data-eae-slider=\"54620\" data-id=\"147db71\" data-element_type=\"container\" data-settings=\"{&quot;background_background&quot;:&quot;classic&quot;}\" href=\"https:\/\/greenchemicals.eu\/de\/?attachment_id=11109\">\n\t\t\t\t\t<div class=\"e-con-inner\">\n\t\t\t\t<div class=\"elementor-element elementor-element-fdf514f elementor-widget elementor-widget-image\" data-id=\"fdf514f\" data-element_type=\"widget\" data-widget_type=\"image.default\">\n\t\t\t\t<div class=\"elementor-widget-container\">\n\t\t\t\t\t\t\t\t\t\t\t\t\t\t\t<img decoding=\"async\" width=\"426\" height=\"249\" src=\"https:\/\/greenchemicals.eu\/wp-content\/uploads\/2024\/03\/GC-Olpet-greenchemical.jpg\" class=\"attachment-full size-full wp-image-14296\" alt=\"\" srcset=\"https:\/\/greenchemicals.eu\/wp-content\/uploads\/2024\/03\/GC-Olpet-greenchemical.jpg 426w, https:\/\/greenchemicals.eu\/wp-content\/uploads\/2024\/03\/GC-Olpet-greenchemical-300x175.jpg 300w\" sizes=\"(max-width: 426px) 100vw, 426px\" \/>\t\t\t\t\t\t\t\t\t\t\t\t\t\t\t<\/div>\n\t\t\t\t<\/div>\n\t\t\t\t<div class=\"elementor-element elementor-element-de40ec6 elementor-widget elementor-widget-heading\" data-id=\"de40ec6\" data-element_type=\"widget\" data-widget_type=\"heading.default\">\n\t\t\t\t<div class=\"elementor-widget-container\">\n\t\t\t\t\t<h2 class=\"elementor-heading-title elementor-size-default\">GC OLPET<\/h2>\t\t\t\t<\/div>\n\t\t\t\t<\/div>\n\t\t\t\t<div class=\"elementor-element elementor-element-73ec46a elementor-widget elementor-widget-text-editor\" data-id=\"73ec46a\" data-element_type=\"widget\" data-widget_type=\"text-editor.default\">\n\t\t\t\t<div class=\"elementor-widget-container\">\n\t\t\t\t\t\t\t\t\t<p>Ausgehend von PET-Flocken hat Greenchemicals ein chemisch-mechanisches Recyclingverfahren entwickelt&#8230;<\/p>\n\t\t\t\t\t\t\t\t<\/div>\n\t\t\t\t<\/div>\n\t\t\t\t\t<\/div>\n\t\t\t\t<\/a>\n\t\t\t\t<\/div>\n\t\t<div class=\"has_eae_slider elementor-element elementor-element-e23df66 e-con-full e-flex e-con e-child\" data-eae-slider=\"58943\" data-id=\"e23df66\" data-element_type=\"container\">\n\t\t\t\t<\/div>\n\t\t\t\t\t<\/div>\n\t\t\t\t<\/div>\n\t\t\t\t<\/div>\n\t\t","protected":false},"excerpt":{"rendered":"<p>Greenchemicals recycling Greenchemicals hat im Einklang mit seiner gr\u00fcnen Philosophie eine Reihe innovativer L\u00f6sungen zur Unterst\u00fctzung von Recyclingprozessen entwickelt. Die Verwendung von Additiven, mit deren Hilfe unerw\u00fcnschte Substanzen in den zu recycelnden Polymeren beseitigt werden k\u00f6nnen, ist f\u00fcr alle Recycler eine konkrete Hilfe, die reibungslosere Prozesse, die Erhaltung von Polymeren und sogar den Schutz der [&hellip;]<\/p>\n","protected":false},"author":2,"featured_media":0,"parent":0,"menu_order":0,"comment_status":"closed","ping_status":"closed","template":"","meta":{"_acf_changed":false,"footnotes":""},"class_list":["post-14292","page","type-page","status-publish","hentry"],"acf":[],"yoast_head":"<!-- This site is optimized with the Yoast SEO plugin v26.6 - https:\/\/yoast.com\/wordpress\/plugins\/seo\/ -->\n<title>GC RECYCLING - Greenchemicals<\/title>\n<meta name=\"robots\" content=\"index, follow, max-snippet:-1, max-image-preview:large, max-video-preview:-1\" \/>\n<link rel=\"canonical\" href=\"https:\/\/greenchemicals.eu\/de\/gc-recycling\/\" \/>\n<meta property=\"og:locale\" content=\"de_DE\" \/>\n<meta property=\"og:type\" content=\"article\" \/>\n<meta property=\"og:title\" content=\"GC RECYCLING - Greenchemicals\" \/>\n<meta property=\"og:description\" content=\"Greenchemicals recycling Greenchemicals hat im Einklang mit seiner gr\u00fcnen Philosophie eine Reihe innovativer L\u00f6sungen zur Unterst\u00fctzung von Recyclingprozessen entwickelt. Die Verwendung von Additiven, mit deren Hilfe unerw\u00fcnschte Substanzen in den zu recycelnden Polymeren beseitigt werden k\u00f6nnen, ist f\u00fcr alle Recycler eine konkrete Hilfe, die reibungslosere Prozesse, die Erhaltung von Polymeren und sogar den Schutz der [&hellip;]\" \/>\n<meta property=\"og:url\" content=\"https:\/\/greenchemicals.eu\/de\/gc-recycling\/\" \/>\n<meta property=\"og:site_name\" content=\"Greenchemicals\" \/>\n<meta property=\"article:modified_time\" content=\"2024-09-24T13:21:32+00:00\" \/>\n<meta property=\"og:image\" content=\"https:\/\/greenchemicals.eu\/wp-content\/uploads\/2024\/03\/gc-recypling-logo.jpg\" \/>\n<meta name=\"twitter:card\" content=\"summary_large_image\" \/>\n<script type=\"application\/ld+json\" class=\"yoast-schema-graph\">{\"@context\":\"https:\/\/schema.org\",\"@graph\":[{\"@type\":\"WebPage\",\"@id\":\"https:\/\/greenchemicals.eu\/de\/gc-recycling\/\",\"url\":\"https:\/\/greenchemicals.eu\/de\/gc-recycling\/\",\"name\":\"GC RECYCLING - Greenchemicals\",\"isPartOf\":{\"@id\":\"https:\/\/greenchemicals.eu\/de\/#website\"},\"primaryImageOfPage\":{\"@id\":\"https:\/\/greenchemicals.eu\/de\/gc-recycling\/#primaryimage\"},\"image\":{\"@id\":\"https:\/\/greenchemicals.eu\/de\/gc-recycling\/#primaryimage\"},\"thumbnailUrl\":\"https:\/\/greenchemicals.eu\/wp-content\/uploads\/2024\/03\/gc-recypling-logo.jpg\",\"datePublished\":\"2024-03-01T12:44:58+00:00\",\"dateModified\":\"2024-09-24T13:21:32+00:00\",\"breadcrumb\":{\"@id\":\"https:\/\/greenchemicals.eu\/de\/gc-recycling\/#breadcrumb\"},\"inLanguage\":\"de\",\"potentialAction\":[{\"@type\":\"ReadAction\",\"target\":[\"https:\/\/greenchemicals.eu\/de\/gc-recycling\/\"]}]},{\"@type\":\"ImageObject\",\"inLanguage\":\"de\",\"@id\":\"https:\/\/greenchemicals.eu\/de\/gc-recycling\/#primaryimage\",\"url\":\"https:\/\/greenchemicals.eu\/wp-content\/uploads\/2024\/03\/gc-recypling-logo.jpg\",\"contentUrl\":\"https:\/\/greenchemicals.eu\/wp-content\/uploads\/2024\/03\/gc-recypling-logo.jpg\"},{\"@type\":\"BreadcrumbList\",\"@id\":\"https:\/\/greenchemicals.eu\/de\/gc-recycling\/#breadcrumb\",\"itemListElement\":[{\"@type\":\"ListItem\",\"position\":1,\"name\":\"Home\",\"item\":\"https:\/\/greenchemicals.eu\/de\/\"},{\"@type\":\"ListItem\",\"position\":2,\"name\":\"GC RECYCLING\"}]},{\"@type\":\"WebSite\",\"@id\":\"https:\/\/greenchemicals.eu\/de\/#website\",\"url\":\"https:\/\/greenchemicals.eu\/de\/\",\"name\":\"Greenchemicals\",\"description\":\"\",\"publisher\":{\"@id\":\"https:\/\/greenchemicals.eu\/de\/#organization\"},\"potentialAction\":[{\"@type\":\"SearchAction\",\"target\":{\"@type\":\"EntryPoint\",\"urlTemplate\":\"https:\/\/greenchemicals.eu\/de\/?s={search_term_string}\"},\"query-input\":{\"@type\":\"PropertyValueSpecification\",\"valueRequired\":true,\"valueName\":\"search_term_string\"}}],\"inLanguage\":\"de\"},{\"@type\":\"Organization\",\"@id\":\"https:\/\/greenchemicals.eu\/de\/#organization\",\"name\":\"Greenchemicals\",\"url\":\"https:\/\/greenchemicals.eu\/de\/\",\"logo\":{\"@type\":\"ImageObject\",\"inLanguage\":\"de\",\"@id\":\"https:\/\/greenchemicals.eu\/de\/#\/schema\/logo\/image\/\",\"url\":\"https:\/\/greenchemicals.eu\/wp-content\/uploads\/2025\/10\/logo-1.png\",\"contentUrl\":\"https:\/\/greenchemicals.eu\/wp-content\/uploads\/2025\/10\/logo-1.png\",\"width\":1087,\"height\":235,\"caption\":\"Greenchemicals\"},\"image\":{\"@id\":\"https:\/\/greenchemicals.eu\/de\/#\/schema\/logo\/image\/\"}}]}<\/script>\n<!-- \/ Yoast SEO plugin. -->","yoast_head_json":{"title":"GC RECYCLING - Greenchemicals","robots":{"index":"index","follow":"follow","max-snippet":"max-snippet:-1","max-image-preview":"max-image-preview:large","max-video-preview":"max-video-preview:-1"},"canonical":"https:\/\/greenchemicals.eu\/de\/gc-recycling\/","og_locale":"de_DE","og_type":"article","og_title":"GC RECYCLING - Greenchemicals","og_description":"Greenchemicals recycling Greenchemicals hat im Einklang mit seiner gr\u00fcnen Philosophie eine Reihe innovativer L\u00f6sungen zur Unterst\u00fctzung von Recyclingprozessen entwickelt. Die Verwendung von Additiven, mit deren Hilfe unerw\u00fcnschte Substanzen in den zu recycelnden Polymeren beseitigt werden k\u00f6nnen, ist f\u00fcr alle Recycler eine konkrete Hilfe, die reibungslosere Prozesse, die Erhaltung von Polymeren und sogar den Schutz der [&hellip;]","og_url":"https:\/\/greenchemicals.eu\/de\/gc-recycling\/","og_site_name":"Greenchemicals","article_modified_time":"2024-09-24T13:21:32+00:00","og_image":[{"url":"https:\/\/greenchemicals.eu\/wp-content\/uploads\/2024\/03\/gc-recypling-logo.jpg","type":"","width":"","height":""}],"twitter_card":"summary_large_image","schema":{"@context":"https:\/\/schema.org","@graph":[{"@type":"WebPage","@id":"https:\/\/greenchemicals.eu\/de\/gc-recycling\/","url":"https:\/\/greenchemicals.eu\/de\/gc-recycling\/","name":"GC RECYCLING - Greenchemicals","isPartOf":{"@id":"https:\/\/greenchemicals.eu\/de\/#website"},"primaryImageOfPage":{"@id":"https:\/\/greenchemicals.eu\/de\/gc-recycling\/#primaryimage"},"image":{"@id":"https:\/\/greenchemicals.eu\/de\/gc-recycling\/#primaryimage"},"thumbnailUrl":"https:\/\/greenchemicals.eu\/wp-content\/uploads\/2024\/03\/gc-recypling-logo.jpg","datePublished":"2024-03-01T12:44:58+00:00","dateModified":"2024-09-24T13:21:32+00:00","breadcrumb":{"@id":"https:\/\/greenchemicals.eu\/de\/gc-recycling\/#breadcrumb"},"inLanguage":"de","potentialAction":[{"@type":"ReadAction","target":["https:\/\/greenchemicals.eu\/de\/gc-recycling\/"]}]},{"@type":"ImageObject","inLanguage":"de","@id":"https:\/\/greenchemicals.eu\/de\/gc-recycling\/#primaryimage","url":"https:\/\/greenchemicals.eu\/wp-content\/uploads\/2024\/03\/gc-recypling-logo.jpg","contentUrl":"https:\/\/greenchemicals.eu\/wp-content\/uploads\/2024\/03\/gc-recypling-logo.jpg"},{"@type":"BreadcrumbList","@id":"https:\/\/greenchemicals.eu\/de\/gc-recycling\/#breadcrumb","itemListElement":[{"@type":"ListItem","position":1,"name":"Home","item":"https:\/\/greenchemicals.eu\/de\/"},{"@type":"ListItem","position":2,"name":"GC RECYCLING"}]},{"@type":"WebSite","@id":"https:\/\/greenchemicals.eu\/de\/#website","url":"https:\/\/greenchemicals.eu\/de\/","name":"Greenchemicals","description":"","publisher":{"@id":"https:\/\/greenchemicals.eu\/de\/#organization"},"potentialAction":[{"@type":"SearchAction","target":{"@type":"EntryPoint","urlTemplate":"https:\/\/greenchemicals.eu\/de\/?s={search_term_string}"},"query-input":{"@type":"PropertyValueSpecification","valueRequired":true,"valueName":"search_term_string"}}],"inLanguage":"de"},{"@type":"Organization","@id":"https:\/\/greenchemicals.eu\/de\/#organization","name":"Greenchemicals","url":"https:\/\/greenchemicals.eu\/de\/","logo":{"@type":"ImageObject","inLanguage":"de","@id":"https:\/\/greenchemicals.eu\/de\/#\/schema\/logo\/image\/","url":"https:\/\/greenchemicals.eu\/wp-content\/uploads\/2025\/10\/logo-1.png","contentUrl":"https:\/\/greenchemicals.eu\/wp-content\/uploads\/2025\/10\/logo-1.png","width":1087,"height":235,"caption":"Greenchemicals"},"image":{"@id":"https:\/\/greenchemicals.eu\/de\/#\/schema\/logo\/image\/"}}]}},"_links":{"self":[{"href":"https:\/\/greenchemicals.eu\/de\/wp-json\/wp\/v2\/pages\/14292","targetHints":{"allow":["GET"]}}],"collection":[{"href":"https:\/\/greenchemicals.eu\/de\/wp-json\/wp\/v2\/pages"}],"about":[{"href":"https:\/\/greenchemicals.eu\/de\/wp-json\/wp\/v2\/types\/page"}],"author":[{"embeddable":true,"href":"https:\/\/greenchemicals.eu\/de\/wp-json\/wp\/v2\/users\/2"}],"replies":[{"embeddable":true,"href":"https:\/\/greenchemicals.eu\/de\/wp-json\/wp\/v2\/comments?post=14292"}],"version-history":[{"count":3,"href":"https:\/\/greenchemicals.eu\/de\/wp-json\/wp\/v2\/pages\/14292\/revisions"}],"predecessor-version":[{"id":15169,"href":"https:\/\/greenchemicals.eu\/de\/wp-json\/wp\/v2\/pages\/14292\/revisions\/15169"}],"wp:attachment":[{"href":"https:\/\/greenchemicals.eu\/de\/wp-json\/wp\/v2\/media?parent=14292"}],"curies":[{"name":"wp","href":"https:\/\/api.w.org\/{rel}","templated":true}]}}