{"id":14283,"date":"2024-03-19T10:51:40","date_gmt":"2024-03-19T09:51:40","guid":{"rendered":"https:\/\/greenchemicals.eu\/gc-olpet\/"},"modified":"2024-09-24T15:21:24","modified_gmt":"2024-09-24T13:21:24","slug":"gc-olpet","status":"publish","type":"page","link":"https:\/\/greenchemicals.eu\/de\/gc-recycling\/gc-olpet\/","title":{"rendered":"GC Olpet"},"content":{"rendered":"\t\t<div data-elementor-type=\"wp-page\" data-elementor-id=\"14283\" class=\"elementor elementor-14283 elementor-8114\" data-elementor-post-type=\"page\">\n\t\t\t\t<div class=\"has_eae_slider elementor-element elementor-element-a097205 e-flex e-con-boxed e-con e-parent\" data-eae-slider=\"64559\" data-id=\"a097205\" data-element_type=\"container\" data-settings=\"{&quot;background_background&quot;:&quot;classic&quot;}\">\n\t\t\t\t\t<div class=\"e-con-inner\">\n\t\t\t\t<div class=\"elementor-element elementor-element-2fba573 elementor-align-right elementor-mobile-align-center elementor-widget elementor-widget-breadcrumbs\" data-id=\"2fba573\" data-element_type=\"widget\" data-widget_type=\"breadcrumbs.default\">\n\t\t\t\t<div class=\"elementor-widget-container\">\n\t\t\t\t\t<p id=\"breadcrumbs\"><span><span><a href=\"https:\/\/greenchemicals.eu\/de\/\">Home<\/a><\/span><\/span><\/p>\t\t\t\t<\/div>\n\t\t\t\t<\/div>\n\t\t\t\t\t<\/div>\n\t\t\t\t<\/div>\n\t\t<div class=\"has_eae_slider elementor-element elementor-element-195a532 e-flex e-con-boxed e-con e-parent\" data-eae-slider=\"24355\" data-id=\"195a532\" data-element_type=\"container\" data-settings=\"{&quot;background_background&quot;:&quot;classic&quot;}\">\n\t\t\t\t\t<div class=\"e-con-inner\">\n\t\t<div class=\"has_eae_slider elementor-element elementor-element-25cee37 e-con-full e-flex e-con e-child\" data-eae-slider=\"95597\" data-id=\"25cee37\" data-element_type=\"container\">\n\t\t\t\t<div class=\"elementor-element elementor-element-a785839 elementor-widget elementor-widget-heading\" data-id=\"a785839\" data-element_type=\"widget\" data-widget_type=\"heading.default\">\n\t\t\t\t<div class=\"elementor-widget-container\">\n\t\t\t\t\t<h1 class=\"elementor-heading-title elementor-size-default\">GC OLPET<\/h1>\t\t\t\t<\/div>\n\t\t\t\t<\/div>\n\t\t\t\t<div class=\"elementor-element elementor-element-55c6602 testo_categoria elementor-widget elementor-widget-text-editor\" data-id=\"55c6602\" data-element_type=\"widget\" data-widget_type=\"text-editor.default\">\n\t\t\t\t<div class=\"elementor-widget-container\">\n\t\t\t\t\t\t\t\t\t<p>Ausgehend von PET-Flocken hat Greenchemicals ein chemisch-mechanisches Recyclingverfahren entwickelt, das die Herstellung eines vollst\u00e4ndig umweltfreundlichen Polyesterpolyols erm\u00f6glicht, das als Rohstoff in der Polyurethanindustrie verwendet werden kann. Dieses innovative System erm\u00f6glicht eine kontinuierliche Verarbeitung und erhebliche Energieeinsparungen im Vergleich zu dem herk\u00f6mmlichen chemischen System.<\/p>\n<p>\u00a0<\/p>\n\t\t\t\t\t\t\t\t<\/div>\n\t\t\t\t<\/div>\n\t\t\t\t<\/div>\n\t\t\t\t\t<\/div>\n\t\t\t\t<\/div>\n\t\t<div class=\"has_eae_slider elementor-element elementor-element-a569e16 e-flex e-con-boxed e-con e-parent\" data-eae-slider=\"74541\" data-id=\"a569e16\" data-element_type=\"container\">\n\t\t\t\t\t<div class=\"e-con-inner\">\n\t\t<div class=\"has_eae_slider elementor-element elementor-element-7a9c10d e-con-full e-flex e-con e-child\" data-eae-slider=\"59780\" data-id=\"7a9c10d\" data-element_type=\"container\">\n\t\t\t\t<div class=\"elementor-element elementor-element-077d3e2 elementor-widget elementor-widget-image\" data-id=\"077d3e2\" data-element_type=\"widget\" data-widget_type=\"image.default\">\n\t\t\t\t<div class=\"elementor-widget-container\">\n\t\t\t\t\t\t\t\t\t\t\t\t\t\t\t<img fetchpriority=\"high\" decoding=\"async\" width=\"800\" height=\"566\" src=\"https:\/\/greenchemicals.eu\/wp-content\/uploads\/2024\/04\/ciclo-OLPET1-1024x724.jpg\" class=\"attachment-large size-large wp-image-14285\" alt=\"\" srcset=\"https:\/\/greenchemicals.eu\/wp-content\/uploads\/2024\/04\/ciclo-OLPET1-1024x724.jpg 1024w, https:\/\/greenchemicals.eu\/wp-content\/uploads\/2024\/04\/ciclo-OLPET1-300x212.jpg 300w, https:\/\/greenchemicals.eu\/wp-content\/uploads\/2024\/04\/ciclo-OLPET1-768x543.jpg 768w, https:\/\/greenchemicals.eu\/wp-content\/uploads\/2024\/04\/ciclo-OLPET1-1536x1086.jpg 1536w, https:\/\/greenchemicals.eu\/wp-content\/uploads\/2024\/04\/ciclo-OLPET1-600x424.jpg 600w, https:\/\/greenchemicals.eu\/wp-content\/uploads\/2024\/04\/ciclo-OLPET1.jpg 1800w\" sizes=\"(max-width: 800px) 100vw, 800px\" \/>\t\t\t\t\t\t\t\t\t\t\t\t\t\t\t<\/div>\n\t\t\t\t<\/div>\n\t\t\t\t<\/div>\n\t\t<div class=\"has_eae_slider elementor-element elementor-element-2483c06 e-con-full e-flex e-con e-child\" data-eae-slider=\"9749\" data-id=\"2483c06\" data-element_type=\"container\">\n\t\t\t\t<div class=\"elementor-element elementor-element-52fecc8 elementor-widget elementor-widget-heading\" data-id=\"52fecc8\" data-element_type=\"widget\" data-widget_type=\"heading.default\">\n\t\t\t\t<div class=\"elementor-widget-container\">\n\t\t\t\t\t<span class=\"elementor-heading-title elementor-size-default\">L\u00d6SUNGEN F\u00dcR DAS KUNSTSTOFF-RECYCLING<\/span>\t\t\t\t<\/div>\n\t\t\t\t<\/div>\n\t\t\t\t<div class=\"elementor-element elementor-element-71fb217 elementor-widget elementor-widget-heading\" data-id=\"71fb217\" data-element_type=\"widget\" data-widget_type=\"heading.default\">\n\t\t\t\t<div class=\"elementor-widget-container\">\n\t\t\t\t\t<h2 class=\"elementor-heading-title elementor-size-default\">Chemisches\/ mechanisches Recycling<\/h2>\t\t\t\t<\/div>\n\t\t\t\t<\/div>\n\t\t\t\t<div class=\"elementor-element elementor-element-cf2dc75 elementor-widget elementor-widget-text-editor\" data-id=\"cf2dc75\" data-element_type=\"widget\" data-widget_type=\"text-editor.default\">\n\t\t\t\t<div class=\"elementor-widget-container\">\n\t\t\t\t\t\t\t\t\t<p>Greenchemicals hat die erste PET-DEPOLYMERISATIONSANLAGE gebaut. Hierbei werden die chemischen und mechanischen Recyclingtechnologien miteinander kombiniert und die direkt aus der Deponie kommenden verschmutzten Flocken als Ausgangsmaterial verwendet.<\/p>\n<p>Das resultierende Produkt ist ein POLYESTER-OLIGO-POLYOL, das vielfach eingesetzt werden kann (PU, Klebstoffe, Beschichtungen, Lacke) und GC OLPET genannt wird.<\/p>\n\t\t\t\t\t\t\t\t<\/div>\n\t\t\t\t<\/div>\n\t\t\t\t<\/div>\n\t\t\t\t\t<\/div>\n\t\t\t\t<\/div>\n\t\t<div class=\"has_eae_slider elementor-element elementor-element-bd335ca e-flex e-con-boxed e-con e-parent\" data-eae-slider=\"37196\" data-id=\"bd335ca\" data-element_type=\"container\">\n\t\t\t\t\t<div class=\"e-con-inner\">\n\t\t<div class=\"has_eae_slider elementor-element elementor-element-5e25d09 e-con-full e-flex e-con e-child\" data-eae-slider=\"26238\" data-id=\"5e25d09\" data-element_type=\"container\">\n\t\t\t\t<\/div>\n\t\t<div class=\"has_eae_slider elementor-element elementor-element-294f942 e-con-full e-flex e-con e-child\" data-eae-slider=\"94842\" data-id=\"294f942\" data-element_type=\"container\">\n\t\t<a class=\"has_eae_slider elementor-element elementor-element-e5861fc e-flex e-con-boxed e-con e-child\" data-eae-slider=\"52011\" data-id=\"e5861fc\" data-element_type=\"container\" data-settings=\"{&quot;background_background&quot;:&quot;classic&quot;}\" href=\"#elementor-action%3Aaction%3Dpopup%3Aopen%26settings%3DeyJpZCI6NjMwOSwidG9nZ2xlIjpmYWxzZX0%3D\">\n\t\t\t\t\t<div class=\"e-con-inner\">\n\t\t\t\t<div class=\"elementor-element elementor-element-ebba8cd elementor-widget elementor-widget-heading\" data-id=\"ebba8cd\" data-element_type=\"widget\" data-widget_type=\"heading.default\">\n\t\t\t\t<div class=\"elementor-widget-container\">\n\t\t\t\t\t<h2 class=\"elementor-heading-title elementor-size-default\">SEHEN SIE SICH UNSEREN PROZESS AN<\/h2>\t\t\t\t<\/div>\n\t\t\t\t<\/div>\n\t\t\t\t\t<\/div>\n\t\t\t\t<\/a>\n\t\t\t\t<\/div>\n\t\t<div class=\"has_eae_slider elementor-element elementor-element-e6832fd e-con-full e-flex e-con e-child\" data-eae-slider=\"99898\" data-id=\"e6832fd\" data-element_type=\"container\">\n\t\t<a class=\"has_eae_slider elementor-element elementor-element-147db71 e-flex e-con-boxed e-con e-child\" data-eae-slider=\"93952\" data-id=\"147db71\" data-element_type=\"container\" data-settings=\"{&quot;background_background&quot;:&quot;classic&quot;}\" href=\"https:\/\/greenchemicals.eu\/it\/contatti\/\">\n\t\t\t\t\t<div class=\"e-con-inner\">\n\t\t\t\t<div class=\"elementor-element elementor-element-de40ec6 elementor-widget elementor-widget-heading\" data-id=\"de40ec6\" data-element_type=\"widget\" data-widget_type=\"heading.default\">\n\t\t\t\t<div class=\"elementor-widget-container\">\n\t\t\t\t\t<h2 class=\"elementor-heading-title elementor-size-default\">MEHR INFORMATIONEN GEW\u00dcNSCHT?\nWIR SIND F\u00dcR SIE DA<\/h2>\t\t\t\t<\/div>\n\t\t\t\t<\/div>\n\t\t\t\t\t<\/div>\n\t\t\t\t<\/a>\n\t\t\t\t<\/div>\n\t\t<div class=\"has_eae_slider elementor-element elementor-element-a917367 e-con-full e-flex e-con e-child\" data-eae-slider=\"97248\" data-id=\"a917367\" data-element_type=\"container\">\n\t\t\t\t<\/div>\n\t\t\t\t\t<\/div>\n\t\t\t\t<\/div>\n\t\t\t\t<\/div>\n\t\t","protected":false},"excerpt":{"rendered":"<p>GC OLPET Ausgehend von PET-Flocken hat Greenchemicals ein chemisch-mechanisches Recyclingverfahren entwickelt, das die Herstellung eines vollst\u00e4ndig umweltfreundlichen Polyesterpolyols erm\u00f6glicht, das als Rohstoff in der Polyurethanindustrie verwendet werden kann. Dieses innovative System erm\u00f6glicht eine kontinuierliche Verarbeitung und erhebliche Energieeinsparungen im Vergleich zu dem herk\u00f6mmlichen chemischen System. \u00a0 L\u00d6SUNGEN F\u00dcR DAS KUNSTSTOFF-RECYCLING Chemisches\/ mechanisches Recycling Greenchemicals hat [&hellip;]<\/p>\n","protected":false},"author":2,"featured_media":0,"parent":14292,"menu_order":0,"comment_status":"closed","ping_status":"closed","template":"","meta":{"_acf_changed":false,"footnotes":""},"class_list":["post-14283","page","type-page","status-publish","hentry"],"acf":[],"yoast_head":"<!-- This site is optimized with the Yoast SEO plugin v26.6 - https:\/\/yoast.com\/wordpress\/plugins\/seo\/ -->\n<title>GC Olpet - Greenchemicals<\/title>\n<meta name=\"robots\" content=\"index, follow, max-snippet:-1, max-image-preview:large, max-video-preview:-1\" \/>\n<link rel=\"canonical\" href=\"https:\/\/greenchemicals.eu\/de\/gc-recycling\/gc-olpet\/\" \/>\n<meta property=\"og:locale\" content=\"de_DE\" \/>\n<meta property=\"og:type\" content=\"article\" \/>\n<meta property=\"og:title\" content=\"GC Olpet - Greenchemicals\" \/>\n<meta property=\"og:description\" content=\"GC OLPET Ausgehend von PET-Flocken hat Greenchemicals ein chemisch-mechanisches Recyclingverfahren entwickelt, das die Herstellung eines vollst\u00e4ndig umweltfreundlichen Polyesterpolyols erm\u00f6glicht, das als Rohstoff in der Polyurethanindustrie verwendet werden kann. Dieses innovative System erm\u00f6glicht eine kontinuierliche Verarbeitung und erhebliche Energieeinsparungen im Vergleich zu dem herk\u00f6mmlichen chemischen System. \u00a0 L\u00d6SUNGEN F\u00dcR DAS KUNSTSTOFF-RECYCLING Chemisches\/ mechanisches Recycling Greenchemicals hat [&hellip;]\" \/>\n<meta property=\"og:url\" content=\"https:\/\/greenchemicals.eu\/de\/gc-recycling\/gc-olpet\/\" \/>\n<meta property=\"og:site_name\" content=\"Greenchemicals\" \/>\n<meta property=\"article:modified_time\" content=\"2024-09-24T13:21:24+00:00\" \/>\n<meta property=\"og:image\" content=\"https:\/\/greenchemicals.eu\/wp-content\/uploads\/2024\/04\/ciclo-OLPET1-1024x724.jpg\" \/>\n<meta name=\"twitter:card\" content=\"summary_large_image\" \/>\n<meta name=\"twitter:label1\" content=\"Gesch\u00e4tzte Lesezeit\" \/>\n\t<meta name=\"twitter:data1\" content=\"1\u00a0Minute\" \/>\n<script type=\"application\/ld+json\" class=\"yoast-schema-graph\">{\"@context\":\"https:\/\/schema.org\",\"@graph\":[{\"@type\":\"WebPage\",\"@id\":\"https:\/\/greenchemicals.eu\/de\/gc-recycling\/gc-olpet\/\",\"url\":\"https:\/\/greenchemicals.eu\/de\/gc-recycling\/gc-olpet\/\",\"name\":\"GC Olpet - Greenchemicals\",\"isPartOf\":{\"@id\":\"https:\/\/greenchemicals.eu\/de\/#website\"},\"primaryImageOfPage\":{\"@id\":\"https:\/\/greenchemicals.eu\/de\/gc-recycling\/gc-olpet\/#primaryimage\"},\"image\":{\"@id\":\"https:\/\/greenchemicals.eu\/de\/gc-recycling\/gc-olpet\/#primaryimage\"},\"thumbnailUrl\":\"https:\/\/greenchemicals.eu\/wp-content\/uploads\/2024\/04\/ciclo-OLPET1-1024x724.jpg\",\"datePublished\":\"2024-03-19T09:51:40+00:00\",\"dateModified\":\"2024-09-24T13:21:24+00:00\",\"breadcrumb\":{\"@id\":\"https:\/\/greenchemicals.eu\/de\/gc-recycling\/gc-olpet\/#breadcrumb\"},\"inLanguage\":\"de\",\"potentialAction\":[{\"@type\":\"ReadAction\",\"target\":[\"https:\/\/greenchemicals.eu\/de\/gc-recycling\/gc-olpet\/\"]}]},{\"@type\":\"ImageObject\",\"inLanguage\":\"de\",\"@id\":\"https:\/\/greenchemicals.eu\/de\/gc-recycling\/gc-olpet\/#primaryimage\",\"url\":\"https:\/\/greenchemicals.eu\/wp-content\/uploads\/2024\/04\/ciclo-OLPET1-1024x724.jpg\",\"contentUrl\":\"https:\/\/greenchemicals.eu\/wp-content\/uploads\/2024\/04\/ciclo-OLPET1-1024x724.jpg\"},{\"@type\":\"BreadcrumbList\",\"@id\":\"https:\/\/greenchemicals.eu\/de\/gc-recycling\/gc-olpet\/#breadcrumb\",\"itemListElement\":[{\"@type\":\"ListItem\",\"position\":1,\"name\":\"Home\",\"item\":\"https:\/\/greenchemicals.eu\/de\/\"},{\"@type\":\"ListItem\",\"position\":2,\"name\":\"GC RECYCLING\",\"item\":\"https:\/\/greenchemicals.eu\/de\/gc-recycling\/\"},{\"@type\":\"ListItem\",\"position\":3,\"name\":\"GC Olpet\"}]},{\"@type\":\"WebSite\",\"@id\":\"https:\/\/greenchemicals.eu\/de\/#website\",\"url\":\"https:\/\/greenchemicals.eu\/de\/\",\"name\":\"Greenchemicals\",\"description\":\"\",\"publisher\":{\"@id\":\"https:\/\/greenchemicals.eu\/de\/#organization\"},\"potentialAction\":[{\"@type\":\"SearchAction\",\"target\":{\"@type\":\"EntryPoint\",\"urlTemplate\":\"https:\/\/greenchemicals.eu\/de\/?s={search_term_string}\"},\"query-input\":{\"@type\":\"PropertyValueSpecification\",\"valueRequired\":true,\"valueName\":\"search_term_string\"}}],\"inLanguage\":\"de\"},{\"@type\":\"Organization\",\"@id\":\"https:\/\/greenchemicals.eu\/de\/#organization\",\"name\":\"Greenchemicals\",\"url\":\"https:\/\/greenchemicals.eu\/de\/\",\"logo\":{\"@type\":\"ImageObject\",\"inLanguage\":\"de\",\"@id\":\"https:\/\/greenchemicals.eu\/de\/#\/schema\/logo\/image\/\",\"url\":\"https:\/\/greenchemicals.eu\/wp-content\/uploads\/2025\/10\/logo-1.png\",\"contentUrl\":\"https:\/\/greenchemicals.eu\/wp-content\/uploads\/2025\/10\/logo-1.png\",\"width\":1087,\"height\":235,\"caption\":\"Greenchemicals\"},\"image\":{\"@id\":\"https:\/\/greenchemicals.eu\/de\/#\/schema\/logo\/image\/\"}}]}<\/script>\n<!-- \/ Yoast SEO plugin. -->","yoast_head_json":{"title":"GC Olpet - Greenchemicals","robots":{"index":"index","follow":"follow","max-snippet":"max-snippet:-1","max-image-preview":"max-image-preview:large","max-video-preview":"max-video-preview:-1"},"canonical":"https:\/\/greenchemicals.eu\/de\/gc-recycling\/gc-olpet\/","og_locale":"de_DE","og_type":"article","og_title":"GC Olpet - Greenchemicals","og_description":"GC OLPET Ausgehend von PET-Flocken hat Greenchemicals ein chemisch-mechanisches Recyclingverfahren entwickelt, das die Herstellung eines vollst\u00e4ndig umweltfreundlichen Polyesterpolyols erm\u00f6glicht, das als Rohstoff in der Polyurethanindustrie verwendet werden kann. Dieses innovative System erm\u00f6glicht eine kontinuierliche Verarbeitung und erhebliche Energieeinsparungen im Vergleich zu dem herk\u00f6mmlichen chemischen System. \u00a0 L\u00d6SUNGEN F\u00dcR DAS KUNSTSTOFF-RECYCLING Chemisches\/ mechanisches Recycling Greenchemicals hat [&hellip;]","og_url":"https:\/\/greenchemicals.eu\/de\/gc-recycling\/gc-olpet\/","og_site_name":"Greenchemicals","article_modified_time":"2024-09-24T13:21:24+00:00","og_image":[{"url":"https:\/\/greenchemicals.eu\/wp-content\/uploads\/2024\/04\/ciclo-OLPET1-1024x724.jpg","type":"","width":"","height":""}],"twitter_card":"summary_large_image","twitter_misc":{"Gesch\u00e4tzte Lesezeit":"1\u00a0Minute"},"schema":{"@context":"https:\/\/schema.org","@graph":[{"@type":"WebPage","@id":"https:\/\/greenchemicals.eu\/de\/gc-recycling\/gc-olpet\/","url":"https:\/\/greenchemicals.eu\/de\/gc-recycling\/gc-olpet\/","name":"GC Olpet - Greenchemicals","isPartOf":{"@id":"https:\/\/greenchemicals.eu\/de\/#website"},"primaryImageOfPage":{"@id":"https:\/\/greenchemicals.eu\/de\/gc-recycling\/gc-olpet\/#primaryimage"},"image":{"@id":"https:\/\/greenchemicals.eu\/de\/gc-recycling\/gc-olpet\/#primaryimage"},"thumbnailUrl":"https:\/\/greenchemicals.eu\/wp-content\/uploads\/2024\/04\/ciclo-OLPET1-1024x724.jpg","datePublished":"2024-03-19T09:51:40+00:00","dateModified":"2024-09-24T13:21:24+00:00","breadcrumb":{"@id":"https:\/\/greenchemicals.eu\/de\/gc-recycling\/gc-olpet\/#breadcrumb"},"inLanguage":"de","potentialAction":[{"@type":"ReadAction","target":["https:\/\/greenchemicals.eu\/de\/gc-recycling\/gc-olpet\/"]}]},{"@type":"ImageObject","inLanguage":"de","@id":"https:\/\/greenchemicals.eu\/de\/gc-recycling\/gc-olpet\/#primaryimage","url":"https:\/\/greenchemicals.eu\/wp-content\/uploads\/2024\/04\/ciclo-OLPET1-1024x724.jpg","contentUrl":"https:\/\/greenchemicals.eu\/wp-content\/uploads\/2024\/04\/ciclo-OLPET1-1024x724.jpg"},{"@type":"BreadcrumbList","@id":"https:\/\/greenchemicals.eu\/de\/gc-recycling\/gc-olpet\/#breadcrumb","itemListElement":[{"@type":"ListItem","position":1,"name":"Home","item":"https:\/\/greenchemicals.eu\/de\/"},{"@type":"ListItem","position":2,"name":"GC RECYCLING","item":"https:\/\/greenchemicals.eu\/de\/gc-recycling\/"},{"@type":"ListItem","position":3,"name":"GC Olpet"}]},{"@type":"WebSite","@id":"https:\/\/greenchemicals.eu\/de\/#website","url":"https:\/\/greenchemicals.eu\/de\/","name":"Greenchemicals","description":"","publisher":{"@id":"https:\/\/greenchemicals.eu\/de\/#organization"},"potentialAction":[{"@type":"SearchAction","target":{"@type":"EntryPoint","urlTemplate":"https:\/\/greenchemicals.eu\/de\/?s={search_term_string}"},"query-input":{"@type":"PropertyValueSpecification","valueRequired":true,"valueName":"search_term_string"}}],"inLanguage":"de"},{"@type":"Organization","@id":"https:\/\/greenchemicals.eu\/de\/#organization","name":"Greenchemicals","url":"https:\/\/greenchemicals.eu\/de\/","logo":{"@type":"ImageObject","inLanguage":"de","@id":"https:\/\/greenchemicals.eu\/de\/#\/schema\/logo\/image\/","url":"https:\/\/greenchemicals.eu\/wp-content\/uploads\/2025\/10\/logo-1.png","contentUrl":"https:\/\/greenchemicals.eu\/wp-content\/uploads\/2025\/10\/logo-1.png","width":1087,"height":235,"caption":"Greenchemicals"},"image":{"@id":"https:\/\/greenchemicals.eu\/de\/#\/schema\/logo\/image\/"}}]}},"_links":{"self":[{"href":"https:\/\/greenchemicals.eu\/de\/wp-json\/wp\/v2\/pages\/14283","targetHints":{"allow":["GET"]}}],"collection":[{"href":"https:\/\/greenchemicals.eu\/de\/wp-json\/wp\/v2\/pages"}],"about":[{"href":"https:\/\/greenchemicals.eu\/de\/wp-json\/wp\/v2\/types\/page"}],"author":[{"embeddable":true,"href":"https:\/\/greenchemicals.eu\/de\/wp-json\/wp\/v2\/users\/2"}],"replies":[{"embeddable":true,"href":"https:\/\/greenchemicals.eu\/de\/wp-json\/wp\/v2\/comments?post=14283"}],"version-history":[{"count":3,"href":"https:\/\/greenchemicals.eu\/de\/wp-json\/wp\/v2\/pages\/14283\/revisions"}],"predecessor-version":[{"id":15137,"href":"https:\/\/greenchemicals.eu\/de\/wp-json\/wp\/v2\/pages\/14283\/revisions\/15137"}],"up":[{"embeddable":true,"href":"https:\/\/greenchemicals.eu\/de\/wp-json\/wp\/v2\/pages\/14292"}],"wp:attachment":[{"href":"https:\/\/greenchemicals.eu\/de\/wp-json\/wp\/v2\/media?parent=14283"}],"curies":[{"name":"wp","href":"https:\/\/api.w.org\/{rel}","templated":true}]}}