{"id":13137,"date":"2024-03-26T19:37:05","date_gmt":"2024-03-26T18:37:05","guid":{"rendered":"https:\/\/greenchemicals.eu\/agrarfolien-auf-pe-basis\/"},"modified":"2024-09-24T15:15:25","modified_gmt":"2024-09-24T13:15:25","slug":"agrarfolien-auf-pe-basis","status":"publish","type":"page","link":"https:\/\/greenchemicals.eu\/de\/gc-applications\/agrarfolien-auf-pe-basis\/","title":{"rendered":"Agrarfolien auf PE-Basis"},"content":{"rendered":"\t\t<div data-elementor-type=\"wp-page\" data-elementor-id=\"13137\" class=\"elementor elementor-13137 elementor-8180\" data-elementor-post-type=\"page\">\n\t\t\t\t<div class=\"has_eae_slider elementor-element elementor-element-a097205 e-flex e-con-boxed e-con e-parent\" data-eae-slider=\"10926\" data-id=\"a097205\" data-element_type=\"container\" data-settings=\"{&quot;background_background&quot;:&quot;classic&quot;}\">\n\t\t\t\t\t<div class=\"e-con-inner\">\n\t\t\t\t<div class=\"elementor-element elementor-element-2fba573 elementor-align-right elementor-mobile-align-center elementor-widget elementor-widget-breadcrumbs\" data-id=\"2fba573\" data-element_type=\"widget\" data-widget_type=\"breadcrumbs.default\">\n\t\t\t\t<div class=\"elementor-widget-container\">\n\t\t\t\t\t<p id=\"breadcrumbs\"><span><span><a href=\"https:\/\/greenchemicals.eu\/de\/\">Home<\/a><\/span><\/span><\/p>\t\t\t\t<\/div>\n\t\t\t\t<\/div>\n\t\t\t\t\t<\/div>\n\t\t\t\t<\/div>\n\t\t<div class=\"has_eae_slider elementor-element elementor-element-195a532 e-flex e-con-boxed e-con e-parent\" data-eae-slider=\"55978\" data-id=\"195a532\" data-element_type=\"container\" data-settings=\"{&quot;background_background&quot;:&quot;classic&quot;}\">\n\t\t\t\t\t<div class=\"e-con-inner\">\n\t\t<div class=\"has_eae_slider elementor-element elementor-element-25cee37 e-con-full e-flex e-con e-child\" data-eae-slider=\"9089\" data-id=\"25cee37\" data-element_type=\"container\">\n\t\t\t\t<div class=\"elementor-element elementor-element-a785839 elementor-widget elementor-widget-heading\" data-id=\"a785839\" data-element_type=\"widget\" data-widget_type=\"heading.default\">\n\t\t\t\t<div class=\"elementor-widget-container\">\n\t\t\t\t\t<h1 class=\"elementor-heading-title elementor-size-default\">Agrarfolien auf PE-Basis<\/h1>\t\t\t\t<\/div>\n\t\t\t\t<\/div>\n\t\t\t\t<div class=\"elementor-element elementor-element-55c6602 testo_categoria elementor-widget elementor-widget-text-editor\" data-id=\"55c6602\" data-element_type=\"widget\" data-widget_type=\"text-editor.default\">\n\t\t\t\t<div class=\"elementor-widget-container\">\n\t\t\t\t\t\t\t\t\tGreenchemicals bietet ein breites Spektrum an Produkten f\u00fcr Agrarfolien auf PE-Basis an. Wir sind in Europa der Vertriebspartner des marktf\u00fchrenden Herstellers von Nickel-Quenchern, BAODING LUCKY CHEMICALS Co. LTD. Wir bieten technische Unterst\u00fctzung und einen exzellenten Service in der ganzen Welt an. Hier k\u00f6nnen Sie die Liste unserer Produkte finden:\t\t\t\t\t\t\t\t<\/div>\n\t\t\t\t<\/div>\n\t\t\t\t<\/div>\n\t\t\t\t\t<\/div>\n\t\t\t\t<\/div>\n\t\t<div class=\"has_eae_slider elementor-element elementor-element-ef24602 e-flex e-con-boxed e-con e-parent\" data-eae-slider=\"77668\" data-id=\"ef24602\" data-element_type=\"container\">\n\t\t\t\t\t<div class=\"e-con-inner\">\n\t\t<div class=\"has_eae_slider elementor-element elementor-element-7fc89d6 e-con-full e-flex e-con e-child\" data-eae-slider=\"75836\" data-id=\"7fc89d6\" data-element_type=\"container\">\n\t\t\t\t<\/div>\n\t\t<div class=\"has_eae_slider elementor-element elementor-element-e54e111 e-con-full e-flex e-con e-child\" data-eae-slider=\"97675\" data-id=\"e54e111\" data-element_type=\"container\">\n\t\t<a class=\"has_eae_slider elementor-element elementor-element-90ec953 e-flex e-con-boxed e-con e-child\" data-eae-slider=\"9171\" data-id=\"90ec953\" data-element_type=\"container\" data-settings=\"{&quot;background_background&quot;:&quot;classic&quot;}\" href=\"https:\/\/greenchemicals.eu\/it\/gc-applications\/film-agricoli-su-pe\/hals\/\">\n\t\t\t\t\t<div class=\"e-con-inner\">\n\t\t\t\t<div class=\"elementor-element elementor-element-8ebf1fa elementor-widget elementor-widget-heading\" data-id=\"8ebf1fa\" data-element_type=\"widget\" data-widget_type=\"heading.default\">\n\t\t\t\t<div class=\"elementor-widget-container\">\n\t\t\t\t\t<h4 class=\"elementor-heading-title elementor-size-default\">HALS (sterisch gehinderte Amine)<\/h4>\t\t\t\t<\/div>\n\t\t\t\t<\/div>\n\t\t\t\t\t<\/div>\n\t\t\t\t<\/a>\n\t\t\t\t<\/div>\n\t\t<div class=\"has_eae_slider elementor-element elementor-element-6b306f6 e-con-full e-flex e-con e-child\" data-eae-slider=\"70321\" data-id=\"6b306f6\" data-element_type=\"container\">\n\t\t<a class=\"has_eae_slider elementor-element elementor-element-0424002 e-flex e-con-boxed e-con e-child\" data-eae-slider=\"24434\" data-id=\"0424002\" data-element_type=\"container\" data-settings=\"{&quot;background_background&quot;:&quot;classic&quot;}\" href=\"https:\/\/greenchemicals.eu\/it\/gc-applications\/film-agricoli-su-pe\/assorbitori-uv\/\">\n\t\t\t\t\t<div class=\"e-con-inner\">\n\t\t\t\t<div class=\"elementor-element elementor-element-8dbd104 elementor-widget elementor-widget-heading\" data-id=\"8dbd104\" data-element_type=\"widget\" data-widget_type=\"heading.default\">\n\t\t\t\t<div class=\"elementor-widget-container\">\n\t\t\t\t\t<h4 class=\"elementor-heading-title elementor-size-default\">UV-Absorber<\/h4>\t\t\t\t<\/div>\n\t\t\t\t<\/div>\n\t\t\t\t\t<\/div>\n\t\t\t\t<\/a>\n\t\t\t\t<\/div>\n\t\t<div class=\"has_eae_slider elementor-element elementor-element-12d9177 e-con-full e-flex e-con e-child\" data-eae-slider=\"38070\" data-id=\"12d9177\" data-element_type=\"container\">\n\t\t\t\t<\/div>\n\t\t\t\t\t<\/div>\n\t\t\t\t<\/div>\n\t\t\t\t<\/div>\n\t\t","protected":false},"excerpt":{"rendered":"<p>Agrarfolien auf PE-Basis Greenchemicals bietet ein breites Spektrum an Produkten f\u00fcr Agrarfolien auf PE-Basis an. Wir sind in Europa der Vertriebspartner des marktf\u00fchrenden Herstellers von Nickel-Quenchern, BAODING LUCKY CHEMICALS Co. LTD. Wir bieten technische Unterst\u00fctzung und einen exzellenten Service in der ganzen Welt an. Hier k\u00f6nnen Sie die Liste unserer Produkte finden: HALS (sterisch gehinderte [&hellip;]<\/p>\n","protected":false},"author":2,"featured_media":0,"parent":14463,"menu_order":0,"comment_status":"closed","ping_status":"closed","template":"","meta":{"_acf_changed":false,"footnotes":""},"class_list":["post-13137","page","type-page","status-publish","hentry"],"acf":[],"yoast_head":"<!-- This site is optimized with the Yoast SEO plugin v26.6 - https:\/\/yoast.com\/wordpress\/plugins\/seo\/ -->\n<title>Agrarfolien auf PE-Basis - Greenchemicals<\/title>\n<meta name=\"robots\" content=\"index, follow, max-snippet:-1, max-image-preview:large, max-video-preview:-1\" \/>\n<link rel=\"canonical\" href=\"https:\/\/greenchemicals.eu\/de\/gc-applications\/agrarfolien-auf-pe-basis\/\" \/>\n<meta property=\"og:locale\" content=\"de_DE\" \/>\n<meta property=\"og:type\" content=\"article\" \/>\n<meta property=\"og:title\" content=\"Agrarfolien auf PE-Basis - Greenchemicals\" \/>\n<meta property=\"og:description\" content=\"Agrarfolien auf PE-Basis Greenchemicals bietet ein breites Spektrum an Produkten f\u00fcr Agrarfolien auf PE-Basis an. Wir sind in Europa der Vertriebspartner des marktf\u00fchrenden Herstellers von Nickel-Quenchern, BAODING LUCKY CHEMICALS Co. LTD. Wir bieten technische Unterst\u00fctzung und einen exzellenten Service in der ganzen Welt an. Hier k\u00f6nnen Sie die Liste unserer Produkte finden: HALS (sterisch gehinderte [&hellip;]\" \/>\n<meta property=\"og:url\" content=\"https:\/\/greenchemicals.eu\/de\/gc-applications\/agrarfolien-auf-pe-basis\/\" \/>\n<meta property=\"og:site_name\" content=\"Greenchemicals\" \/>\n<meta property=\"article:modified_time\" content=\"2024-09-24T13:15:25+00:00\" \/>\n<meta name=\"twitter:card\" content=\"summary_large_image\" \/>\n<script type=\"application\/ld+json\" class=\"yoast-schema-graph\">{\"@context\":\"https:\/\/schema.org\",\"@graph\":[{\"@type\":\"WebPage\",\"@id\":\"https:\/\/greenchemicals.eu\/de\/gc-applications\/agrarfolien-auf-pe-basis\/\",\"url\":\"https:\/\/greenchemicals.eu\/de\/gc-applications\/agrarfolien-auf-pe-basis\/\",\"name\":\"Agrarfolien auf PE-Basis - Greenchemicals\",\"isPartOf\":{\"@id\":\"https:\/\/greenchemicals.eu\/de\/#website\"},\"datePublished\":\"2024-03-26T18:37:05+00:00\",\"dateModified\":\"2024-09-24T13:15:25+00:00\",\"breadcrumb\":{\"@id\":\"https:\/\/greenchemicals.eu\/de\/gc-applications\/agrarfolien-auf-pe-basis\/#breadcrumb\"},\"inLanguage\":\"de\",\"potentialAction\":[{\"@type\":\"ReadAction\",\"target\":[\"https:\/\/greenchemicals.eu\/de\/gc-applications\/agrarfolien-auf-pe-basis\/\"]}]},{\"@type\":\"BreadcrumbList\",\"@id\":\"https:\/\/greenchemicals.eu\/de\/gc-applications\/agrarfolien-auf-pe-basis\/#breadcrumb\",\"itemListElement\":[{\"@type\":\"ListItem\",\"position\":1,\"name\":\"Home\",\"item\":\"https:\/\/greenchemicals.eu\/de\/\"},{\"@type\":\"ListItem\",\"position\":2,\"name\":\"GC APPLICATIONS\",\"item\":\"https:\/\/greenchemicals.eu\/de\/gc-applications\/\"},{\"@type\":\"ListItem\",\"position\":3,\"name\":\"Agrarfolien auf PE-Basis\"}]},{\"@type\":\"WebSite\",\"@id\":\"https:\/\/greenchemicals.eu\/de\/#website\",\"url\":\"https:\/\/greenchemicals.eu\/de\/\",\"name\":\"Greenchemicals\",\"description\":\"\",\"publisher\":{\"@id\":\"https:\/\/greenchemicals.eu\/de\/#organization\"},\"potentialAction\":[{\"@type\":\"SearchAction\",\"target\":{\"@type\":\"EntryPoint\",\"urlTemplate\":\"https:\/\/greenchemicals.eu\/de\/?s={search_term_string}\"},\"query-input\":{\"@type\":\"PropertyValueSpecification\",\"valueRequired\":true,\"valueName\":\"search_term_string\"}}],\"inLanguage\":\"de\"},{\"@type\":\"Organization\",\"@id\":\"https:\/\/greenchemicals.eu\/de\/#organization\",\"name\":\"Greenchemicals\",\"url\":\"https:\/\/greenchemicals.eu\/de\/\",\"logo\":{\"@type\":\"ImageObject\",\"inLanguage\":\"de\",\"@id\":\"https:\/\/greenchemicals.eu\/de\/#\/schema\/logo\/image\/\",\"url\":\"https:\/\/greenchemicals.eu\/wp-content\/uploads\/2025\/10\/logo-1.png\",\"contentUrl\":\"https:\/\/greenchemicals.eu\/wp-content\/uploads\/2025\/10\/logo-1.png\",\"width\":1087,\"height\":235,\"caption\":\"Greenchemicals\"},\"image\":{\"@id\":\"https:\/\/greenchemicals.eu\/de\/#\/schema\/logo\/image\/\"}}]}<\/script>\n<!-- \/ Yoast SEO plugin. -->","yoast_head_json":{"title":"Agrarfolien auf PE-Basis - Greenchemicals","robots":{"index":"index","follow":"follow","max-snippet":"max-snippet:-1","max-image-preview":"max-image-preview:large","max-video-preview":"max-video-preview:-1"},"canonical":"https:\/\/greenchemicals.eu\/de\/gc-applications\/agrarfolien-auf-pe-basis\/","og_locale":"de_DE","og_type":"article","og_title":"Agrarfolien auf PE-Basis - Greenchemicals","og_description":"Agrarfolien auf PE-Basis Greenchemicals bietet ein breites Spektrum an Produkten f\u00fcr Agrarfolien auf PE-Basis an. Wir sind in Europa der Vertriebspartner des marktf\u00fchrenden Herstellers von Nickel-Quenchern, BAODING LUCKY CHEMICALS Co. LTD. Wir bieten technische Unterst\u00fctzung und einen exzellenten Service in der ganzen Welt an. Hier k\u00f6nnen Sie die Liste unserer Produkte finden: HALS (sterisch gehinderte [&hellip;]","og_url":"https:\/\/greenchemicals.eu\/de\/gc-applications\/agrarfolien-auf-pe-basis\/","og_site_name":"Greenchemicals","article_modified_time":"2024-09-24T13:15:25+00:00","twitter_card":"summary_large_image","schema":{"@context":"https:\/\/schema.org","@graph":[{"@type":"WebPage","@id":"https:\/\/greenchemicals.eu\/de\/gc-applications\/agrarfolien-auf-pe-basis\/","url":"https:\/\/greenchemicals.eu\/de\/gc-applications\/agrarfolien-auf-pe-basis\/","name":"Agrarfolien auf PE-Basis - Greenchemicals","isPartOf":{"@id":"https:\/\/greenchemicals.eu\/de\/#website"},"datePublished":"2024-03-26T18:37:05+00:00","dateModified":"2024-09-24T13:15:25+00:00","breadcrumb":{"@id":"https:\/\/greenchemicals.eu\/de\/gc-applications\/agrarfolien-auf-pe-basis\/#breadcrumb"},"inLanguage":"de","potentialAction":[{"@type":"ReadAction","target":["https:\/\/greenchemicals.eu\/de\/gc-applications\/agrarfolien-auf-pe-basis\/"]}]},{"@type":"BreadcrumbList","@id":"https:\/\/greenchemicals.eu\/de\/gc-applications\/agrarfolien-auf-pe-basis\/#breadcrumb","itemListElement":[{"@type":"ListItem","position":1,"name":"Home","item":"https:\/\/greenchemicals.eu\/de\/"},{"@type":"ListItem","position":2,"name":"GC APPLICATIONS","item":"https:\/\/greenchemicals.eu\/de\/gc-applications\/"},{"@type":"ListItem","position":3,"name":"Agrarfolien auf PE-Basis"}]},{"@type":"WebSite","@id":"https:\/\/greenchemicals.eu\/de\/#website","url":"https:\/\/greenchemicals.eu\/de\/","name":"Greenchemicals","description":"","publisher":{"@id":"https:\/\/greenchemicals.eu\/de\/#organization"},"potentialAction":[{"@type":"SearchAction","target":{"@type":"EntryPoint","urlTemplate":"https:\/\/greenchemicals.eu\/de\/?s={search_term_string}"},"query-input":{"@type":"PropertyValueSpecification","valueRequired":true,"valueName":"search_term_string"}}],"inLanguage":"de"},{"@type":"Organization","@id":"https:\/\/greenchemicals.eu\/de\/#organization","name":"Greenchemicals","url":"https:\/\/greenchemicals.eu\/de\/","logo":{"@type":"ImageObject","inLanguage":"de","@id":"https:\/\/greenchemicals.eu\/de\/#\/schema\/logo\/image\/","url":"https:\/\/greenchemicals.eu\/wp-content\/uploads\/2025\/10\/logo-1.png","contentUrl":"https:\/\/greenchemicals.eu\/wp-content\/uploads\/2025\/10\/logo-1.png","width":1087,"height":235,"caption":"Greenchemicals"},"image":{"@id":"https:\/\/greenchemicals.eu\/de\/#\/schema\/logo\/image\/"}}]}},"_links":{"self":[{"href":"https:\/\/greenchemicals.eu\/de\/wp-json\/wp\/v2\/pages\/13137","targetHints":{"allow":["GET"]}}],"collection":[{"href":"https:\/\/greenchemicals.eu\/de\/wp-json\/wp\/v2\/pages"}],"about":[{"href":"https:\/\/greenchemicals.eu\/de\/wp-json\/wp\/v2\/types\/page"}],"author":[{"embeddable":true,"href":"https:\/\/greenchemicals.eu\/de\/wp-json\/wp\/v2\/users\/2"}],"replies":[{"embeddable":true,"href":"https:\/\/greenchemicals.eu\/de\/wp-json\/wp\/v2\/comments?post=13137"}],"version-history":[{"count":3,"href":"https:\/\/greenchemicals.eu\/de\/wp-json\/wp\/v2\/pages\/13137\/revisions"}],"predecessor-version":[{"id":13717,"href":"https:\/\/greenchemicals.eu\/de\/wp-json\/wp\/v2\/pages\/13137\/revisions\/13717"}],"up":[{"embeddable":true,"href":"https:\/\/greenchemicals.eu\/de\/wp-json\/wp\/v2\/pages\/14463"}],"wp:attachment":[{"href":"https:\/\/greenchemicals.eu\/de\/wp-json\/wp\/v2\/media?parent=13137"}],"curies":[{"name":"wp","href":"https:\/\/api.w.org\/{rel}","templated":true}]}}