{"id":13106,"date":"2024-03-26T20:43:30","date_gmt":"2024-03-26T19:43:30","guid":{"rendered":"https:\/\/greenchemicals.eu\/xps-food\/"},"modified":"2024-09-24T15:15:26","modified_gmt":"2024-09-24T13:15:26","slug":"xps-food","status":"publish","type":"page","link":"https:\/\/greenchemicals.eu\/de\/gc-applications\/xps-food\/","title":{"rendered":"XPS Food"},"content":{"rendered":"\t\t<div data-elementor-type=\"wp-page\" data-elementor-id=\"13106\" class=\"elementor elementor-13106 elementor-8268\" data-elementor-post-type=\"page\">\n\t\t\t\t<div class=\"has_eae_slider elementor-element elementor-element-a097205 e-flex e-con-boxed e-con e-parent\" data-eae-slider=\"97517\" data-id=\"a097205\" data-element_type=\"container\" data-settings=\"{&quot;background_background&quot;:&quot;classic&quot;}\">\n\t\t\t\t\t<div class=\"e-con-inner\">\n\t\t\t\t<div class=\"elementor-element elementor-element-2fba573 elementor-align-right elementor-mobile-align-center elementor-widget elementor-widget-breadcrumbs\" data-id=\"2fba573\" data-element_type=\"widget\" data-widget_type=\"breadcrumbs.default\">\n\t\t\t\t<div class=\"elementor-widget-container\">\n\t\t\t\t\t<p id=\"breadcrumbs\"><span><span><a href=\"https:\/\/greenchemicals.eu\/de\/\">Home<\/a><\/span><\/span><\/p>\t\t\t\t<\/div>\n\t\t\t\t<\/div>\n\t\t\t\t\t<\/div>\n\t\t\t\t<\/div>\n\t\t<div class=\"has_eae_slider elementor-element elementor-element-195a532 e-flex e-con-boxed e-con e-parent\" data-eae-slider=\"37391\" data-id=\"195a532\" data-element_type=\"container\" data-settings=\"{&quot;background_background&quot;:&quot;classic&quot;}\">\n\t\t\t\t\t<div class=\"e-con-inner\">\n\t\t<div class=\"has_eae_slider elementor-element elementor-element-25cee37 e-con-full e-flex e-con e-child\" data-eae-slider=\"35985\" data-id=\"25cee37\" data-element_type=\"container\">\n\t\t\t\t<div class=\"elementor-element elementor-element-a785839 elementor-widget elementor-widget-heading\" data-id=\"a785839\" data-element_type=\"widget\" data-widget_type=\"heading.default\">\n\t\t\t\t<div class=\"elementor-widget-container\">\n\t\t\t\t\t<h1 class=\"elementor-heading-title elementor-size-default\">XPS Food<\/h1>\t\t\t\t<\/div>\n\t\t\t\t<\/div>\n\t\t\t\t<div class=\"elementor-element elementor-element-55c6602 testo_categoria elementor-widget elementor-widget-text-editor\" data-id=\"55c6602\" data-element_type=\"widget\" data-widget_type=\"text-editor.default\">\n\t\t\t\t<div class=\"elementor-widget-container\">\n\t\t\t\t\t\t\t\t\tGreenchemicals liefert Additiv-Masterbatches, die speziell f\u00fcr Lebensmittelschalen aus XPS entwickelt wurden. Wir k\u00f6nnen verschiedene L\u00f6sungen f\u00fcr Antistatika, Keimbildner und Farbstoffe anbieten. Greenchemicals ist zusammen mit der Mail\u00e4nder Universit\u00e4t Politecnico di Milano und den wichtigsten Akteuren auf diesem Markt Partner einer Unternehmensgruppe, die eigens gegr\u00fcndet wurde, um Recyclingprojekte f\u00fcr diese Kunststoffanwendung zu untersuchen. Nachstehend finden Sie unsere Produktpalette f\u00fcr LEBENSMITTELSCHALEN aus XPS.\t\t\t\t\t\t\t\t<\/div>\n\t\t\t\t<\/div>\n\t\t\t\t<\/div>\n\t\t\t\t\t<\/div>\n\t\t\t\t<\/div>\n\t\t<div class=\"has_eae_slider elementor-element elementor-element-131fd0d e-flex e-con-boxed e-con e-parent\" data-eae-slider=\"1167\" data-id=\"131fd0d\" data-element_type=\"container\" data-settings=\"{&quot;background_background&quot;:&quot;classic&quot;}\">\n\t\t\t\t\t<div class=\"e-con-inner\">\n\t\t<div class=\"has_eae_slider elementor-element elementor-element-dc7fb11 e-grid e-con-boxed e-con e-child\" data-eae-slider=\"57448\" data-id=\"dc7fb11\" data-element_type=\"container\">\n\t\t\t\t\t<div class=\"e-con-inner\">\n\t\t<a class=\"has_eae_slider elementor-element elementor-element-90ec953 e-flex e-con-boxed e-con e-child\" data-eae-slider=\"80357\" data-id=\"90ec953\" data-element_type=\"container\" data-settings=\"{&quot;background_background&quot;:&quot;classic&quot;}\" href=\"https:\/\/greenchemicals.eu\/it\/gc-applications\/xps-food\/aiuto-processo\/\">\n\t\t\t\t\t<div class=\"e-con-inner\">\n\t\t\t\t<div class=\"elementor-element elementor-element-8ebf1fa elementor-widget elementor-widget-heading\" data-id=\"8ebf1fa\" data-element_type=\"widget\" data-widget_type=\"heading.default\">\n\t\t\t\t<div class=\"elementor-widget-container\">\n\t\t\t\t\t<h4 class=\"elementor-heading-title elementor-size-default\">Verarbeitungshilfsstoffe<\/h4>\t\t\t\t<\/div>\n\t\t\t\t<\/div>\n\t\t\t\t\t<\/div>\n\t\t\t\t<\/a>\n\t\t<a class=\"has_eae_slider elementor-element elementor-element-0424002 e-flex e-con-boxed e-con e-child\" data-eae-slider=\"95684\" data-id=\"0424002\" data-element_type=\"container\" data-settings=\"{&quot;background_background&quot;:&quot;classic&quot;}\" href=\"https:\/\/greenchemicals.eu\/it\/gc-applications\/xps-food\/masterbatch-talco\/\">\n\t\t\t\t\t<div class=\"e-con-inner\">\n\t\t\t\t<div class=\"elementor-element elementor-element-8dbd104 elementor-widget elementor-widget-heading\" data-id=\"8dbd104\" data-element_type=\"widget\" data-widget_type=\"heading.default\">\n\t\t\t\t<div class=\"elementor-widget-container\">\n\t\t\t\t\t<h4 class=\"elementor-heading-title elementor-size-default\">Talkum-Masterbatch<\/h4>\t\t\t\t<\/div>\n\t\t\t\t<\/div>\n\t\t\t\t\t<\/div>\n\t\t\t\t<\/a>\n\t\t<a class=\"has_eae_slider elementor-element elementor-element-bcffbc4 e-flex e-con-boxed e-con e-child\" data-eae-slider=\"4782\" data-id=\"bcffbc4\" data-element_type=\"container\" data-settings=\"{&quot;background_background&quot;:&quot;classic&quot;}\" href=\"https:\/\/greenchemicals.eu\/it\/gc-applications\/xps-food\/masterbatch-colore\/\">\n\t\t\t\t\t<div class=\"e-con-inner\">\n\t\t\t\t<div class=\"elementor-element elementor-element-34f3607 elementor-widget elementor-widget-heading\" data-id=\"34f3607\" data-element_type=\"widget\" data-widget_type=\"heading.default\">\n\t\t\t\t<div class=\"elementor-widget-container\">\n\t\t\t\t\t<h4 class=\"elementor-heading-title elementor-size-default\">Farben-Masterbatch<\/h4>\t\t\t\t<\/div>\n\t\t\t\t<\/div>\n\t\t\t\t\t<\/div>\n\t\t\t\t<\/a>\n\t\t<a class=\"has_eae_slider elementor-element elementor-element-6232370 e-flex e-con-boxed e-con e-child\" data-eae-slider=\"12643\" data-id=\"6232370\" data-element_type=\"container\" data-settings=\"{&quot;background_background&quot;:&quot;classic&quot;}\" href=\"https:\/\/greenchemicals.eu\/it\/gc-applications\/xps-food\/antiossidanti\/\">\n\t\t\t\t\t<div class=\"e-con-inner\">\n\t\t\t\t<div class=\"elementor-element elementor-element-13277ae elementor-widget elementor-widget-heading\" data-id=\"13277ae\" data-element_type=\"widget\" data-widget_type=\"heading.default\">\n\t\t\t\t<div class=\"elementor-widget-container\">\n\t\t\t\t\t<h4 class=\"elementor-heading-title elementor-size-default\">Antioxidantien<\/h4>\t\t\t\t<\/div>\n\t\t\t\t<\/div>\n\t\t\t\t\t<\/div>\n\t\t\t\t<\/a>\n\t\t\t\t\t<\/div>\n\t\t\t\t<\/div>\n\t\t\t\t\t<\/div>\n\t\t\t\t<\/div>\n\t\t\t\t<\/div>\n\t\t","protected":false},"excerpt":{"rendered":"<p>XPS Food Greenchemicals liefert Additiv-Masterbatches, die speziell f\u00fcr Lebensmittelschalen aus XPS entwickelt wurden. Wir k\u00f6nnen verschiedene L\u00f6sungen f\u00fcr Antistatika, Keimbildner und Farbstoffe anbieten. Greenchemicals ist zusammen mit der Mail\u00e4nder Universit\u00e4t Politecnico di Milano und den wichtigsten Akteuren auf diesem Markt Partner einer Unternehmensgruppe, die eigens gegr\u00fcndet wurde, um Recyclingprojekte f\u00fcr diese Kunststoffanwendung zu untersuchen. Nachstehend [&hellip;]<\/p>\n","protected":false},"author":2,"featured_media":0,"parent":14463,"menu_order":0,"comment_status":"closed","ping_status":"closed","template":"","meta":{"_acf_changed":false,"footnotes":""},"class_list":["post-13106","page","type-page","status-publish","hentry"],"acf":[],"yoast_head":"<!-- This site is optimized with the Yoast SEO plugin v26.6 - https:\/\/yoast.com\/wordpress\/plugins\/seo\/ -->\n<title>XPS Food - Greenchemicals<\/title>\n<meta name=\"robots\" content=\"index, follow, max-snippet:-1, max-image-preview:large, max-video-preview:-1\" \/>\n<link rel=\"canonical\" href=\"https:\/\/greenchemicals.eu\/de\/gc-applications\/xps-food\/\" \/>\n<meta property=\"og:locale\" content=\"de_DE\" \/>\n<meta property=\"og:type\" content=\"article\" \/>\n<meta property=\"og:title\" content=\"XPS Food - Greenchemicals\" \/>\n<meta property=\"og:description\" content=\"XPS Food Greenchemicals liefert Additiv-Masterbatches, die speziell f\u00fcr Lebensmittelschalen aus XPS entwickelt wurden. Wir k\u00f6nnen verschiedene L\u00f6sungen f\u00fcr Antistatika, Keimbildner und Farbstoffe anbieten. Greenchemicals ist zusammen mit der Mail\u00e4nder Universit\u00e4t Politecnico di Milano und den wichtigsten Akteuren auf diesem Markt Partner einer Unternehmensgruppe, die eigens gegr\u00fcndet wurde, um Recyclingprojekte f\u00fcr diese Kunststoffanwendung zu untersuchen. Nachstehend [&hellip;]\" \/>\n<meta property=\"og:url\" content=\"https:\/\/greenchemicals.eu\/de\/gc-applications\/xps-food\/\" \/>\n<meta property=\"og:site_name\" content=\"Greenchemicals\" \/>\n<meta property=\"article:modified_time\" content=\"2024-09-24T13:15:26+00:00\" \/>\n<meta name=\"twitter:card\" content=\"summary_large_image\" \/>\n<script type=\"application\/ld+json\" class=\"yoast-schema-graph\">{\"@context\":\"https:\/\/schema.org\",\"@graph\":[{\"@type\":\"WebPage\",\"@id\":\"https:\/\/greenchemicals.eu\/de\/gc-applications\/xps-food\/\",\"url\":\"https:\/\/greenchemicals.eu\/de\/gc-applications\/xps-food\/\",\"name\":\"XPS Food - Greenchemicals\",\"isPartOf\":{\"@id\":\"https:\/\/greenchemicals.eu\/de\/#website\"},\"datePublished\":\"2024-03-26T19:43:30+00:00\",\"dateModified\":\"2024-09-24T13:15:26+00:00\",\"breadcrumb\":{\"@id\":\"https:\/\/greenchemicals.eu\/de\/gc-applications\/xps-food\/#breadcrumb\"},\"inLanguage\":\"de\",\"potentialAction\":[{\"@type\":\"ReadAction\",\"target\":[\"https:\/\/greenchemicals.eu\/de\/gc-applications\/xps-food\/\"]}]},{\"@type\":\"BreadcrumbList\",\"@id\":\"https:\/\/greenchemicals.eu\/de\/gc-applications\/xps-food\/#breadcrumb\",\"itemListElement\":[{\"@type\":\"ListItem\",\"position\":1,\"name\":\"Home\",\"item\":\"https:\/\/greenchemicals.eu\/de\/\"},{\"@type\":\"ListItem\",\"position\":2,\"name\":\"GC APPLICATIONS\",\"item\":\"https:\/\/greenchemicals.eu\/de\/gc-applications\/\"},{\"@type\":\"ListItem\",\"position\":3,\"name\":\"XPS Food\"}]},{\"@type\":\"WebSite\",\"@id\":\"https:\/\/greenchemicals.eu\/de\/#website\",\"url\":\"https:\/\/greenchemicals.eu\/de\/\",\"name\":\"Greenchemicals\",\"description\":\"\",\"publisher\":{\"@id\":\"https:\/\/greenchemicals.eu\/de\/#organization\"},\"potentialAction\":[{\"@type\":\"SearchAction\",\"target\":{\"@type\":\"EntryPoint\",\"urlTemplate\":\"https:\/\/greenchemicals.eu\/de\/?s={search_term_string}\"},\"query-input\":{\"@type\":\"PropertyValueSpecification\",\"valueRequired\":true,\"valueName\":\"search_term_string\"}}],\"inLanguage\":\"de\"},{\"@type\":\"Organization\",\"@id\":\"https:\/\/greenchemicals.eu\/de\/#organization\",\"name\":\"Greenchemicals\",\"url\":\"https:\/\/greenchemicals.eu\/de\/\",\"logo\":{\"@type\":\"ImageObject\",\"inLanguage\":\"de\",\"@id\":\"https:\/\/greenchemicals.eu\/de\/#\/schema\/logo\/image\/\",\"url\":\"https:\/\/greenchemicals.eu\/wp-content\/uploads\/2025\/10\/logo-1.png\",\"contentUrl\":\"https:\/\/greenchemicals.eu\/wp-content\/uploads\/2025\/10\/logo-1.png\",\"width\":1087,\"height\":235,\"caption\":\"Greenchemicals\"},\"image\":{\"@id\":\"https:\/\/greenchemicals.eu\/de\/#\/schema\/logo\/image\/\"}}]}<\/script>\n<!-- \/ Yoast SEO plugin. -->","yoast_head_json":{"title":"XPS Food - Greenchemicals","robots":{"index":"index","follow":"follow","max-snippet":"max-snippet:-1","max-image-preview":"max-image-preview:large","max-video-preview":"max-video-preview:-1"},"canonical":"https:\/\/greenchemicals.eu\/de\/gc-applications\/xps-food\/","og_locale":"de_DE","og_type":"article","og_title":"XPS Food - Greenchemicals","og_description":"XPS Food Greenchemicals liefert Additiv-Masterbatches, die speziell f\u00fcr Lebensmittelschalen aus XPS entwickelt wurden. Wir k\u00f6nnen verschiedene L\u00f6sungen f\u00fcr Antistatika, Keimbildner und Farbstoffe anbieten. Greenchemicals ist zusammen mit der Mail\u00e4nder Universit\u00e4t Politecnico di Milano und den wichtigsten Akteuren auf diesem Markt Partner einer Unternehmensgruppe, die eigens gegr\u00fcndet wurde, um Recyclingprojekte f\u00fcr diese Kunststoffanwendung zu untersuchen. Nachstehend [&hellip;]","og_url":"https:\/\/greenchemicals.eu\/de\/gc-applications\/xps-food\/","og_site_name":"Greenchemicals","article_modified_time":"2024-09-24T13:15:26+00:00","twitter_card":"summary_large_image","schema":{"@context":"https:\/\/schema.org","@graph":[{"@type":"WebPage","@id":"https:\/\/greenchemicals.eu\/de\/gc-applications\/xps-food\/","url":"https:\/\/greenchemicals.eu\/de\/gc-applications\/xps-food\/","name":"XPS Food - Greenchemicals","isPartOf":{"@id":"https:\/\/greenchemicals.eu\/de\/#website"},"datePublished":"2024-03-26T19:43:30+00:00","dateModified":"2024-09-24T13:15:26+00:00","breadcrumb":{"@id":"https:\/\/greenchemicals.eu\/de\/gc-applications\/xps-food\/#breadcrumb"},"inLanguage":"de","potentialAction":[{"@type":"ReadAction","target":["https:\/\/greenchemicals.eu\/de\/gc-applications\/xps-food\/"]}]},{"@type":"BreadcrumbList","@id":"https:\/\/greenchemicals.eu\/de\/gc-applications\/xps-food\/#breadcrumb","itemListElement":[{"@type":"ListItem","position":1,"name":"Home","item":"https:\/\/greenchemicals.eu\/de\/"},{"@type":"ListItem","position":2,"name":"GC APPLICATIONS","item":"https:\/\/greenchemicals.eu\/de\/gc-applications\/"},{"@type":"ListItem","position":3,"name":"XPS Food"}]},{"@type":"WebSite","@id":"https:\/\/greenchemicals.eu\/de\/#website","url":"https:\/\/greenchemicals.eu\/de\/","name":"Greenchemicals","description":"","publisher":{"@id":"https:\/\/greenchemicals.eu\/de\/#organization"},"potentialAction":[{"@type":"SearchAction","target":{"@type":"EntryPoint","urlTemplate":"https:\/\/greenchemicals.eu\/de\/?s={search_term_string}"},"query-input":{"@type":"PropertyValueSpecification","valueRequired":true,"valueName":"search_term_string"}}],"inLanguage":"de"},{"@type":"Organization","@id":"https:\/\/greenchemicals.eu\/de\/#organization","name":"Greenchemicals","url":"https:\/\/greenchemicals.eu\/de\/","logo":{"@type":"ImageObject","inLanguage":"de","@id":"https:\/\/greenchemicals.eu\/de\/#\/schema\/logo\/image\/","url":"https:\/\/greenchemicals.eu\/wp-content\/uploads\/2025\/10\/logo-1.png","contentUrl":"https:\/\/greenchemicals.eu\/wp-content\/uploads\/2025\/10\/logo-1.png","width":1087,"height":235,"caption":"Greenchemicals"},"image":{"@id":"https:\/\/greenchemicals.eu\/de\/#\/schema\/logo\/image\/"}}]}},"_links":{"self":[{"href":"https:\/\/greenchemicals.eu\/de\/wp-json\/wp\/v2\/pages\/13106","targetHints":{"allow":["GET"]}}],"collection":[{"href":"https:\/\/greenchemicals.eu\/de\/wp-json\/wp\/v2\/pages"}],"about":[{"href":"https:\/\/greenchemicals.eu\/de\/wp-json\/wp\/v2\/types\/page"}],"author":[{"embeddable":true,"href":"https:\/\/greenchemicals.eu\/de\/wp-json\/wp\/v2\/users\/2"}],"replies":[{"embeddable":true,"href":"https:\/\/greenchemicals.eu\/de\/wp-json\/wp\/v2\/comments?post=13106"}],"version-history":[{"count":3,"href":"https:\/\/greenchemicals.eu\/de\/wp-json\/wp\/v2\/pages\/13106\/revisions"}],"predecessor-version":[{"id":13730,"href":"https:\/\/greenchemicals.eu\/de\/wp-json\/wp\/v2\/pages\/13106\/revisions\/13730"}],"up":[{"embeddable":true,"href":"https:\/\/greenchemicals.eu\/de\/wp-json\/wp\/v2\/pages\/14463"}],"wp:attachment":[{"href":"https:\/\/greenchemicals.eu\/de\/wp-json\/wp\/v2\/media?parent=13106"}],"curies":[{"name":"wp","href":"https:\/\/api.w.org\/{rel}","templated":true}]}}