{"id":13065,"date":"2024-03-26T20:52:06","date_gmt":"2024-03-26T19:52:06","guid":{"rendered":"https:\/\/greenchemicals.eu\/farben-masterbatch\/"},"modified":"2024-08-09T11:59:06","modified_gmt":"2024-08-09T09:59:06","slug":"farben-masterbatch","status":"publish","type":"page","link":"https:\/\/greenchemicals.eu\/de\/gc-applications\/xps-food\/farben-masterbatch\/","title":{"rendered":"Farben-Masterbatch"},"content":{"rendered":"\t\t<div data-elementor-type=\"wp-page\" data-elementor-id=\"13065\" class=\"elementor elementor-13065 elementor-8289\" data-elementor-post-type=\"page\">\n\t\t\t\t<div class=\"has_eae_slider elementor-element elementor-element-a097205 e-flex e-con-boxed e-con e-parent\" data-eae-slider=\"50954\" data-id=\"a097205\" data-element_type=\"container\" data-settings=\"{&quot;background_background&quot;:&quot;classic&quot;}\">\n\t\t\t\t\t<div class=\"e-con-inner\">\n\t\t\t\t<div class=\"elementor-element elementor-element-2fba573 elementor-align-right elementor-mobile-align-center elementor-widget elementor-widget-breadcrumbs\" data-id=\"2fba573\" data-element_type=\"widget\" data-widget_type=\"breadcrumbs.default\">\n\t\t\t\t<div class=\"elementor-widget-container\">\n\t\t\t\t\t<p id=\"breadcrumbs\"><span><span><a href=\"https:\/\/greenchemicals.eu\/de\/\">Home<\/a><\/span><\/span><\/p>\t\t\t\t<\/div>\n\t\t\t\t<\/div>\n\t\t\t\t\t<\/div>\n\t\t\t\t<\/div>\n\t\t<div class=\"has_eae_slider elementor-element elementor-element-195a532 e-flex e-con-boxed e-con e-parent\" data-eae-slider=\"94726\" data-id=\"195a532\" data-element_type=\"container\" data-settings=\"{&quot;background_background&quot;:&quot;classic&quot;}\">\n\t\t\t\t\t<div class=\"e-con-inner\">\n\t\t<div class=\"has_eae_slider elementor-element elementor-element-25cee37 e-con-full e-flex e-con e-child\" data-eae-slider=\"62060\" data-id=\"25cee37\" data-element_type=\"container\">\n\t\t\t\t<div class=\"elementor-element elementor-element-a785839 elementor-widget elementor-widget-heading\" data-id=\"a785839\" data-element_type=\"widget\" data-widget_type=\"heading.default\">\n\t\t\t\t<div class=\"elementor-widget-container\">\n\t\t\t\t\t<h1 class=\"elementor-heading-title elementor-size-default\">XPS Food<\/h1>\t\t\t\t<\/div>\n\t\t\t\t<\/div>\n\t\t\t\t<div class=\"elementor-element elementor-element-55c6602 testo_categoria elementor-widget__width-initial elementor-widget elementor-widget-text-editor\" data-id=\"55c6602\" data-element_type=\"widget\" data-widget_type=\"text-editor.default\">\n\t\t\t\t<div class=\"elementor-widget-container\">\n\t\t\t\t\t\t\t\t\t<p>Greenchemicals liefert Additiv-Masterbatches, die speziell f\u00fcr Lebensmittelschalen aus XPS entwickelt wurden. Wir k\u00f6nnen verschiedene L\u00f6sungen f\u00fcr Antistatika, Keimbildner und Farbstoffe anbieten. Greenchemicals ist zusammen mit der Mail\u00e4nder Universit\u00e4t Politecnico di Milano und den wichtigsten Akteuren auf diesem Markt Partner einer Unternehmensgruppe, die eigens gegr\u00fcndet wurde, um Recyclingprojekte f\u00fcr diese Kunststoffanwendung zu untersuchen. Nachstehend finden Sie unsere Produktpalette f\u00fcr LEBENSMITTELSCHALEN aus XPS<\/p>\n\t\t\t\t\t\t\t\t<\/div>\n\t\t\t\t<\/div>\n\t\t\t\t<\/div>\n\t\t\t\t\t<\/div>\n\t\t\t\t<\/div>\n\t\t<div class=\"has_eae_slider elementor-element elementor-element-5eb8572 e-flex e-con-boxed e-con e-parent\" data-eae-slider=\"9399\" data-id=\"5eb8572\" data-element_type=\"container\" data-settings=\"{&quot;background_background&quot;:&quot;classic&quot;}\">\n\t\t\t\t\t<div class=\"e-con-inner\">\n\t\t\t\t<div class=\"elementor-element elementor-element-b595170 elementor-widget elementor-widget-heading\" data-id=\"b595170\" data-element_type=\"widget\" data-widget_type=\"heading.default\">\n\t\t\t\t<div class=\"elementor-widget-container\">\n\t\t\t\t\t<h2 class=\"elementor-heading-title elementor-size-default\">Farben-Masterbatch<\/h2>\t\t\t\t<\/div>\n\t\t\t\t<\/div>\n\t\t\t\t\t<\/div>\n\t\t\t\t<\/div>\n\t\t<div class=\"has_eae_slider elementor-element elementor-element-14e0a1b6 e-flex e-con-boxed e-con e-parent\" data-eae-slider=\"38356\" data-id=\"14e0a1b6\" data-element_type=\"container\">\n\t\t\t\t\t<div class=\"e-con-inner\">\n\t\t\t\t<div class=\"elementor-element elementor-element-9bcf97d elementor-search-form--skin-classic elementor-search-form--button-type-icon elementor-search-form--icon-search elementor-widget elementor-widget-search-form\" data-id=\"9bcf97d\" data-element_type=\"widget\" data-settings=\"{&quot;skin&quot;:&quot;classic&quot;}\" data-widget_type=\"search-form.default\">\n\t\t\t\t<div class=\"elementor-widget-container\">\n\t\t\t\t\t\t\t<search role=\"search\">\n\t\t\t<form class=\"elementor-search-form\" action=\"https:\/\/greenchemicals.eu\/de\/\" method=\"get\">\n\t\t\t\t\t\t\t\t\t\t\t\t<div class=\"elementor-search-form__container\">\n\t\t\t\t\t<label class=\"elementor-screen-only\" for=\"elementor-search-form-9bcf97d\">Suche<\/label>\n\n\t\t\t\t\t\n\t\t\t\t\t<input id=\"elementor-search-form-9bcf97d\" placeholder=\"Suche\" class=\"elementor-search-form__input\" type=\"search\" name=\"s\" value=\"\">\n\t\t\t\t\t<input type='hidden' name='lang' value='de' \/>\n\t\t\t\t\t\t\t\t\t\t\t<button class=\"elementor-search-form__submit\" type=\"submit\" aria-label=\"Suche\">\n\t\t\t\t\t\t\t\t\t\t\t\t\t\t\t<div class=\"e-font-icon-svg-container\"><svg class=\"fa fa-search e-font-icon-svg e-fas-search\" viewBox=\"0 0 512 512\" xmlns=\"http:\/\/www.w3.org\/2000\/svg\"><path d=\"M505 442.7L405.3 343c-4.5-4.5-10.6-7-17-7H372c27.6-35.3 44-79.7 44-128C416 93.1 322.9 0 208 0S0 93.1 0 208s93.1 208 208 208c48.3 0 92.7-16.4 128-44v16.3c0 6.4 2.5 12.5 7 17l99.7 99.7c9.4 9.4 24.6 9.4 33.9 0l28.3-28.3c9.4-9.4 9.4-24.6.1-34zM208 336c-70.7 0-128-57.2-128-128 0-70.7 57.2-128 128-128 70.7 0 128 57.2 128 128 0 70.7-57.2 128-128 128z\"><\/path><\/svg><\/div>\t\t\t\t\t\t\t\t\t\t\t\t\t<\/button>\n\t\t\t\t\t\n\t\t\t\t\t\t\t\t\t<\/div>\n\t\t\t<\/form>\n\t\t<\/search>\n\t\t\t\t\t\t<\/div>\n\t\t\t\t<\/div>\n\t\t\t\t\t<\/div>\n\t\t\t\t<\/div>\n\t\t<div class=\"has_eae_slider elementor-element elementor-element-6f1e521 elementor-hidden-tablet elementor-hidden-mobile e-flex e-con-boxed e-con e-parent\" data-eae-slider=\"49922\" data-id=\"6f1e521\" data-element_type=\"container\">\n\t\t\t\t\t<div class=\"e-con-inner\">\n\t\t<div class=\"has_eae_slider elementor-element elementor-element-9bc79ff e-con-full e-flex e-con e-child\" data-eae-slider=\"33424\" data-id=\"9bc79ff\" data-element_type=\"container\">\n\t\t\t\t<div class=\"elementor-element elementor-element-4f23ac2 elementor-widget elementor-widget-heading\" data-id=\"4f23ac2\" data-element_type=\"widget\" data-widget_type=\"heading.default\">\n\t\t\t\t<div class=\"elementor-widget-container\">\n\t\t\t\t\t<p class=\"elementor-heading-title elementor-size-default\">PRODUKTNAME<\/p>\t\t\t\t<\/div>\n\t\t\t\t<\/div>\n\t\t\t\t<\/div>\n\t\t<div class=\"has_eae_slider elementor-element elementor-element-c079486 e-con-full e-flex e-con e-child\" data-eae-slider=\"62992\" data-id=\"c079486\" data-element_type=\"container\">\n\t\t\t\t<div class=\"elementor-element elementor-element-0681706 elementor-widget elementor-widget-heading\" data-id=\"0681706\" data-element_type=\"widget\" data-widget_type=\"heading.default\">\n\t\t\t\t<div class=\"elementor-widget-container\">\n\t\t\t\t\t<p class=\"elementor-heading-title elementor-size-default\">CHEMISCHE FORMEL<\/p>\t\t\t\t<\/div>\n\t\t\t\t<\/div>\n\t\t\t\t<\/div>\n\t\t<div class=\"has_eae_slider elementor-element elementor-element-518d4e1 e-con-full e-flex e-con e-child\" data-eae-slider=\"49615\" data-id=\"518d4e1\" data-element_type=\"container\">\n\t\t\t\t<div class=\"elementor-element elementor-element-c74abc6 elementor-widget elementor-widget-heading\" data-id=\"c74abc6\" data-element_type=\"widget\" data-widget_type=\"heading.default\">\n\t\t\t\t<div class=\"elementor-widget-container\">\n\t\t\t\t\t<p class=\"elementor-heading-title elementor-size-default\">BESCHREIBUNG<\/p>\t\t\t\t<\/div>\n\t\t\t\t<\/div>\n\t\t\t\t<\/div>\n\t\t<div class=\"has_eae_slider elementor-element elementor-element-fecd6b5 e-con-full e-flex e-con e-child\" data-eae-slider=\"25132\" data-id=\"fecd6b5\" data-element_type=\"container\">\n\t\t\t\t<div class=\"elementor-element elementor-element-b8c5607 elementor-widget elementor-widget-heading\" data-id=\"b8c5607\" data-element_type=\"widget\" data-widget_type=\"heading.default\">\n\t\t\t\t<div class=\"elementor-widget-container\">\n\t\t\t\t\t<p class=\"elementor-heading-title elementor-size-default\">DETAILS<\/p>\t\t\t\t<\/div>\n\t\t\t\t<\/div>\n\t\t\t\t<\/div>\n\t\t\t\t\t<\/div>\n\t\t\t\t<\/div>\n\t\t<div class=\"has_eae_slider elementor-element elementor-element-eb4ebb2 e-flex e-con-boxed e-con e-parent\" data-eae-slider=\"62687\" data-id=\"eb4ebb2\" data-element_type=\"container\" data-settings=\"{&quot;background_background&quot;:&quot;classic&quot;}\">\n\t\t\t\t\t<div class=\"e-con-inner\">\n\t\t\t\t<div class=\"elementor-element elementor-element-912860a elementor-hidden-tablet elementor-hidden-mobile elementor-widget-divider--view-line elementor-widget elementor-widget-divider\" data-id=\"912860a\" data-element_type=\"widget\" data-widget_type=\"divider.default\">\n\t\t\t\t<div class=\"elementor-widget-container\">\n\t\t\t\t\t\t\t<div class=\"elementor-divider\">\n\t\t\t<span class=\"elementor-divider-separator\">\n\t\t\t\t\t\t<\/span>\n\t\t<\/div>\n\t\t\t\t\t\t<\/div>\n\t\t\t\t<\/div>\n\t\t\t\t\t<\/div>\n\t\t\t\t<\/div>\n\t\t<div class=\"has_eae_slider elementor-element elementor-element-b1ae9de riga_alternata woo e-flex e-con-boxed e-con e-parent\" data-eae-slider=\"51350\" data-id=\"b1ae9de\" data-element_type=\"container\">\n\t\t\t\t\t<div class=\"e-con-inner\">\n\t\t\t\t<div class=\"woocommerce elementor-element elementor-element-1a04d48 elementor-grid-1 elementor-grid-tablet-2 elementor-grid-mobile-1 elementor-widget elementor-widget-loop-grid\" data-id=\"1a04d48\" data-element_type=\"widget\" data-settings=\"{&quot;_skin&quot;:&quot;product&quot;,&quot;template_id&quot;:14922,&quot;columns&quot;:1,&quot;pagination_type&quot;:&quot;numbers&quot;,&quot;columns_tablet&quot;:&quot;2&quot;,&quot;columns_mobile&quot;:&quot;1&quot;,&quot;edit_handle_selector&quot;:&quot;[data-elementor-type=\\&quot;loop-item\\&quot;]&quot;,&quot;pagination_load_type&quot;:&quot;page_reload&quot;,&quot;row_gap&quot;:{&quot;unit&quot;:&quot;px&quot;,&quot;size&quot;:&quot;&quot;,&quot;sizes&quot;:[]},&quot;row_gap_tablet&quot;:{&quot;unit&quot;:&quot;px&quot;,&quot;size&quot;:&quot;&quot;,&quot;sizes&quot;:[]},&quot;row_gap_mobile&quot;:{&quot;unit&quot;:&quot;px&quot;,&quot;size&quot;:&quot;&quot;,&quot;sizes&quot;:[]}}\" data-widget_type=\"loop-grid.product\">\n\t\t\t\t<div class=\"elementor-widget-container\">\n\t\t\t\t\t\t\t<div class=\"elementor-loop-container elementor-grid\" role=\"list\">\n\t\t<style id=\"loop-14922\">.elementor-14922 .elementor-element.elementor-element-326bd99{--display:flex;--flex-direction:row;--container-widget-width:initial;--container-widget-height:100%;--container-widget-flex-grow:1;--container-widget-align-self:stretch;--flex-wrap-mobile:wrap;--gap:0px 0px;--row-gap:0px;--column-gap:0px;--margin-top:0px;--margin-bottom:0px;--margin-left:0px;--margin-right:0px;--padding-top:0px;--padding-bottom:0px;--padding-left:0px;--padding-right:0px;}.elementor-14922 .elementor-element.elementor-element-1a13795{--display:flex;--flex-direction:column;--container-widget-width:100%;--container-widget-height:initial;--container-widget-flex-grow:0;--container-widget-align-self:initial;--flex-wrap-mobile:wrap;}.elementor-14922 .elementor-element.elementor-element-31600dd .elementor-heading-title{font-family:\"SF New Republic bold\", Sans-serif;font-size:28px;line-height:34px;color:#163557;}.elementor-14922 .elementor-element.elementor-element-a50f2ef > .elementor-widget-container{margin:-17px 0px 0px 0px;}.elementor-14922 .elementor-element.elementor-element-44f830d{--display:flex;--flex-direction:column;--container-widget-width:100%;--container-widget-height:initial;--container-widget-flex-grow:0;--container-widget-align-self:initial;--flex-wrap-mobile:wrap;--justify-content:flex-start;--padding-top:10px;--padding-bottom:10px;--padding-left:10px;--padding-right:10px;}.elementor-14922 .elementor-element.elementor-element-6a798a6{--display:flex;--flex-direction:column;--container-widget-width:100%;--container-widget-height:initial;--container-widget-flex-grow:0;--container-widget-align-self:initial;--flex-wrap-mobile:wrap;--justify-content:center;}.elementor-14922 .elementor-element.elementor-element-0a2f877{color:#5A5A5A;font-size:15px;line-height:24px;}.elementor-14922 .elementor-element.elementor-element-ccc2d41{--display:flex;--flex-direction:column;--container-widget-width:100%;--container-widget-height:initial;--container-widget-flex-grow:0;--container-widget-align-self:initial;--flex-wrap-mobile:wrap;--justify-content:center;--margin-top:0px;--margin-bottom:0px;--margin-left:0px;--margin-right:0px;}.elementor-14922 .elementor-element.elementor-element-f6c48ad > .elementor-widget-container{margin:0px 0px 0px 0px;}.elementor-14922 .elementor-element.elementor-element-f6c48ad .elementor-heading-title{font-size:22px;font-weight:600;line-height:32px;color:#163557;}.elementor-14922 .elementor-element.elementor-element-b2203b1 > .elementor-widget-container{margin:0px 0px 0px 0px;}.elementor-14922 .elementor-element.elementor-element-b2203b1 .elementor-heading-title{font-size:22px;font-weight:600;line-height:32px;color:#163557;}@media(max-width:767px){.elementor-14922 .elementor-element.elementor-element-31600dd{text-align:center;}.elementor-14922 .elementor-element.elementor-element-a50f2ef{text-align:center;}.elementor-14922 .elementor-element.elementor-element-0a2f877{text-align:center;}.elementor-14922 .elementor-element.elementor-element-f6c48ad{text-align:center;}.elementor-14922 .elementor-element.elementor-element-b2203b1{text-align:center;}}@media(min-width:768px){.elementor-14922 .elementor-element.elementor-element-1a13795{--width:25%;}.elementor-14922 .elementor-element.elementor-element-44f830d{--width:25%;}.elementor-14922 .elementor-element.elementor-element-6a798a6{--width:25%;}.elementor-14922 .elementor-element.elementor-element-ccc2d41{--width:25%;}}<\/style>\t\t<div data-elementor-type=\"loop-item\" data-elementor-id=\"14922\" class=\"elementor elementor-14922 e-loop-item e-loop-item-12463 post-12463 product type-product status-publish product_cat-xps-food-color-masterbatches product_cat-gc-applications product_cat-xps-food first instock shipping-taxable product-type-simple\" data-elementor-post-type=\"elementor_library\" data-custom-edit-handle=\"1\">\n\t\t\t<div class=\"has_eae_slider elementor-element elementor-element-326bd99 e-flex e-con-boxed e-con e-parent\" data-eae-slider=\"23335\" data-id=\"326bd99\" data-element_type=\"container\">\n\t\t\t\t\t<div class=\"e-con-inner\">\n\t\t<div class=\"has_eae_slider elementor-element elementor-element-1a13795 e-con-full e-flex e-con e-child\" data-eae-slider=\"24565\" data-id=\"1a13795\" data-element_type=\"container\">\n\t\t\t\t<div class=\"elementor-element elementor-element-31600dd elementor-widget elementor-widget-woocommerce-product-title elementor-page-title elementor-widget-heading\" data-id=\"31600dd\" data-element_type=\"widget\" data-widget_type=\"woocommerce-product-title.default\">\n\t\t\t\t<div class=\"elementor-widget-container\">\n\t\t\t\t\t<h1 class=\"product_title entry-title elementor-heading-title elementor-size-default\">FARBEN-MASTERBATCHES<\/h1>\t\t\t\t<\/div>\n\t\t\t\t<\/div>\n\t\t\t\t<\/div>\n\t\t<div class=\"has_eae_slider elementor-element elementor-element-44f830d e-con-full e-flex e-con e-child\" data-eae-slider=\"42485\" data-id=\"44f830d\" data-element_type=\"container\">\n\t\t\t\t<\/div>\n\t\t<div class=\"has_eae_slider elementor-element elementor-element-6a798a6 e-con-full e-flex e-con e-child\" data-eae-slider=\"62175\" data-id=\"6a798a6\" data-element_type=\"container\">\n\t\t\t\t<div class=\"elementor-element elementor-element-0a2f877 elementor-widget elementor-widget-woocommerce-product-content\" data-id=\"0a2f877\" data-element_type=\"widget\" data-widget_type=\"woocommerce-product-content.default\">\n\t\t\t\t<div class=\"elementor-widget-container\">\n\t\t\t\t\t<p>Wir k\u00f6nnen eine vollst\u00e4ndige Palette an kundenspezifischen farbigen Masterbatches in GPPS anbieten.<\/p>\n\t\t\t\t<\/div>\n\t\t\t\t<\/div>\n\t\t\t\t<\/div>\n\t\t<div class=\"has_eae_slider elementor-element elementor-element-ccc2d41 e-con-full product_detail e-flex e-con e-child\" data-eae-slider=\"27688\" data-id=\"ccc2d41\" data-element_type=\"container\">\n\t\t\t\t<div class=\"elementor-element elementor-element-f6c48ad apri-popup stax-condition-yes stax-user_role_enabled-yes elementor-widget elementor-widget-heading\" data-id=\"f6c48ad\" data-element_type=\"widget\" data-widget_type=\"heading.default\">\n\t\t\t\t<div class=\"elementor-widget-container\">\n\t\t\t\t\t<p class=\"elementor-heading-title elementor-size-default\"><a href=\"#elementor-action%3Aaction%3Dpopup%3Aopen%26settings%3DeyJpZCI6MTQ5MTQsInRvZ2dsZSI6ZmFsc2V9\" target=\"_blank\"><i class=\"fa-solid fa-download\"><\/i>Download TDS<\/a><\/p>\t\t\t\t<\/div>\n\t\t\t\t<\/div>\n\t\t\t\t<div class=\"elementor-element elementor-element-24a94b7 get_info elementor-widget elementor-widget-html\" data-id=\"24a94b7\" data-element_type=\"widget\" data-widget_type=\"html.default\">\n\t\t\t\t<div class=\"elementor-widget-container\">\n\t\t\t\t\t<a style=\"color:#5A5A5A;\" href=\"https:\/\/greenchemicals.eu\/de\/kontakt\/\"><i class=\"fa-solid fa-plus\"><\/i>Weitere Informationen<\/a>\t\t\t\t<\/div>\n\t\t\t\t<\/div>\n\t\t\t\t<\/div>\n\t\t\t\t\t<\/div>\n\t\t\t\t<\/div>\n\t\t\t\t<\/div>\n\t\t\t\t<\/div>\n\t\t\n\t\t\t\t\t\t<\/div>\n\t\t\t\t<\/div>\n\t\t\t\t\t<\/div>\n\t\t\t\t<\/div>\n\t\t\t\t<\/div>\n\t\t","protected":false},"excerpt":{"rendered":"<p>XPS Food Greenchemicals liefert Additiv-Masterbatches, die speziell f\u00fcr Lebensmittelschalen aus XPS entwickelt wurden. Wir k\u00f6nnen verschiedene L\u00f6sungen f\u00fcr Antistatika, Keimbildner und Farbstoffe anbieten. Greenchemicals ist zusammen mit der Mail\u00e4nder Universit\u00e4t Politecnico di Milano und den wichtigsten Akteuren auf diesem Markt Partner einer Unternehmensgruppe, die eigens gegr\u00fcndet wurde, um Recyclingprojekte f\u00fcr diese Kunststoffanwendung zu untersuchen. Nachstehend [&hellip;]<\/p>\n","protected":false},"author":2,"featured_media":0,"parent":13106,"menu_order":0,"comment_status":"closed","ping_status":"closed","template":"","meta":{"_acf_changed":false,"footnotes":""},"class_list":["post-13065","page","type-page","status-publish","hentry"],"acf":[],"yoast_head":"<!-- This site is optimized with the Yoast SEO plugin v26.6 - https:\/\/yoast.com\/wordpress\/plugins\/seo\/ -->\n<title>Farben-Masterbatch - Greenchemicals<\/title>\n<meta name=\"robots\" content=\"index, follow, max-snippet:-1, max-image-preview:large, max-video-preview:-1\" \/>\n<link rel=\"canonical\" href=\"https:\/\/greenchemicals.eu\/de\/gc-applications\/xps-food\/farben-masterbatch\/\" \/>\n<meta property=\"og:locale\" content=\"de_DE\" \/>\n<meta property=\"og:type\" content=\"article\" \/>\n<meta property=\"og:title\" content=\"Farben-Masterbatch - Greenchemicals\" \/>\n<meta property=\"og:description\" content=\"XPS Food Greenchemicals liefert Additiv-Masterbatches, die speziell f\u00fcr Lebensmittelschalen aus XPS entwickelt wurden. Wir k\u00f6nnen verschiedene L\u00f6sungen f\u00fcr Antistatika, Keimbildner und Farbstoffe anbieten. Greenchemicals ist zusammen mit der Mail\u00e4nder Universit\u00e4t Politecnico di Milano und den wichtigsten Akteuren auf diesem Markt Partner einer Unternehmensgruppe, die eigens gegr\u00fcndet wurde, um Recyclingprojekte f\u00fcr diese Kunststoffanwendung zu untersuchen. Nachstehend [&hellip;]\" \/>\n<meta property=\"og:url\" content=\"https:\/\/greenchemicals.eu\/de\/gc-applications\/xps-food\/farben-masterbatch\/\" \/>\n<meta property=\"og:site_name\" content=\"Greenchemicals\" \/>\n<meta property=\"article:modified_time\" content=\"2024-08-09T09:59:06+00:00\" \/>\n<meta name=\"twitter:card\" content=\"summary_large_image\" \/>\n<script type=\"application\/ld+json\" class=\"yoast-schema-graph\">{\"@context\":\"https:\/\/schema.org\",\"@graph\":[{\"@type\":\"WebPage\",\"@id\":\"https:\/\/greenchemicals.eu\/de\/gc-applications\/xps-food\/farben-masterbatch\/\",\"url\":\"https:\/\/greenchemicals.eu\/de\/gc-applications\/xps-food\/farben-masterbatch\/\",\"name\":\"Farben-Masterbatch - Greenchemicals\",\"isPartOf\":{\"@id\":\"https:\/\/greenchemicals.eu\/de\/#website\"},\"datePublished\":\"2024-03-26T19:52:06+00:00\",\"dateModified\":\"2024-08-09T09:59:06+00:00\",\"breadcrumb\":{\"@id\":\"https:\/\/greenchemicals.eu\/de\/gc-applications\/xps-food\/farben-masterbatch\/#breadcrumb\"},\"inLanguage\":\"de\",\"potentialAction\":[{\"@type\":\"ReadAction\",\"target\":[\"https:\/\/greenchemicals.eu\/de\/gc-applications\/xps-food\/farben-masterbatch\/\"]}]},{\"@type\":\"BreadcrumbList\",\"@id\":\"https:\/\/greenchemicals.eu\/de\/gc-applications\/xps-food\/farben-masterbatch\/#breadcrumb\",\"itemListElement\":[{\"@type\":\"ListItem\",\"position\":1,\"name\":\"Home\",\"item\":\"https:\/\/greenchemicals.eu\/de\/\"},{\"@type\":\"ListItem\",\"position\":2,\"name\":\"GC APPLICATIONS\",\"item\":\"https:\/\/greenchemicals.eu\/de\/gc-applications\/\"},{\"@type\":\"ListItem\",\"position\":3,\"name\":\"XPS Food\",\"item\":\"https:\/\/greenchemicals.eu\/de\/gc-applications\/xps-food\/\"},{\"@type\":\"ListItem\",\"position\":4,\"name\":\"Farben-Masterbatch\"}]},{\"@type\":\"WebSite\",\"@id\":\"https:\/\/greenchemicals.eu\/de\/#website\",\"url\":\"https:\/\/greenchemicals.eu\/de\/\",\"name\":\"Greenchemicals\",\"description\":\"\",\"publisher\":{\"@id\":\"https:\/\/greenchemicals.eu\/de\/#organization\"},\"potentialAction\":[{\"@type\":\"SearchAction\",\"target\":{\"@type\":\"EntryPoint\",\"urlTemplate\":\"https:\/\/greenchemicals.eu\/de\/?s={search_term_string}\"},\"query-input\":{\"@type\":\"PropertyValueSpecification\",\"valueRequired\":true,\"valueName\":\"search_term_string\"}}],\"inLanguage\":\"de\"},{\"@type\":\"Organization\",\"@id\":\"https:\/\/greenchemicals.eu\/de\/#organization\",\"name\":\"Greenchemicals\",\"url\":\"https:\/\/greenchemicals.eu\/de\/\",\"logo\":{\"@type\":\"ImageObject\",\"inLanguage\":\"de\",\"@id\":\"https:\/\/greenchemicals.eu\/de\/#\/schema\/logo\/image\/\",\"url\":\"https:\/\/greenchemicals.eu\/wp-content\/uploads\/2025\/10\/logo-1.png\",\"contentUrl\":\"https:\/\/greenchemicals.eu\/wp-content\/uploads\/2025\/10\/logo-1.png\",\"width\":1087,\"height\":235,\"caption\":\"Greenchemicals\"},\"image\":{\"@id\":\"https:\/\/greenchemicals.eu\/de\/#\/schema\/logo\/image\/\"}}]}<\/script>\n<!-- \/ Yoast SEO plugin. -->","yoast_head_json":{"title":"Farben-Masterbatch - Greenchemicals","robots":{"index":"index","follow":"follow","max-snippet":"max-snippet:-1","max-image-preview":"max-image-preview:large","max-video-preview":"max-video-preview:-1"},"canonical":"https:\/\/greenchemicals.eu\/de\/gc-applications\/xps-food\/farben-masterbatch\/","og_locale":"de_DE","og_type":"article","og_title":"Farben-Masterbatch - Greenchemicals","og_description":"XPS Food Greenchemicals liefert Additiv-Masterbatches, die speziell f\u00fcr Lebensmittelschalen aus XPS entwickelt wurden. Wir k\u00f6nnen verschiedene L\u00f6sungen f\u00fcr Antistatika, Keimbildner und Farbstoffe anbieten. Greenchemicals ist zusammen mit der Mail\u00e4nder Universit\u00e4t Politecnico di Milano und den wichtigsten Akteuren auf diesem Markt Partner einer Unternehmensgruppe, die eigens gegr\u00fcndet wurde, um Recyclingprojekte f\u00fcr diese Kunststoffanwendung zu untersuchen. Nachstehend [&hellip;]","og_url":"https:\/\/greenchemicals.eu\/de\/gc-applications\/xps-food\/farben-masterbatch\/","og_site_name":"Greenchemicals","article_modified_time":"2024-08-09T09:59:06+00:00","twitter_card":"summary_large_image","schema":{"@context":"https:\/\/schema.org","@graph":[{"@type":"WebPage","@id":"https:\/\/greenchemicals.eu\/de\/gc-applications\/xps-food\/farben-masterbatch\/","url":"https:\/\/greenchemicals.eu\/de\/gc-applications\/xps-food\/farben-masterbatch\/","name":"Farben-Masterbatch - Greenchemicals","isPartOf":{"@id":"https:\/\/greenchemicals.eu\/de\/#website"},"datePublished":"2024-03-26T19:52:06+00:00","dateModified":"2024-08-09T09:59:06+00:00","breadcrumb":{"@id":"https:\/\/greenchemicals.eu\/de\/gc-applications\/xps-food\/farben-masterbatch\/#breadcrumb"},"inLanguage":"de","potentialAction":[{"@type":"ReadAction","target":["https:\/\/greenchemicals.eu\/de\/gc-applications\/xps-food\/farben-masterbatch\/"]}]},{"@type":"BreadcrumbList","@id":"https:\/\/greenchemicals.eu\/de\/gc-applications\/xps-food\/farben-masterbatch\/#breadcrumb","itemListElement":[{"@type":"ListItem","position":1,"name":"Home","item":"https:\/\/greenchemicals.eu\/de\/"},{"@type":"ListItem","position":2,"name":"GC APPLICATIONS","item":"https:\/\/greenchemicals.eu\/de\/gc-applications\/"},{"@type":"ListItem","position":3,"name":"XPS Food","item":"https:\/\/greenchemicals.eu\/de\/gc-applications\/xps-food\/"},{"@type":"ListItem","position":4,"name":"Farben-Masterbatch"}]},{"@type":"WebSite","@id":"https:\/\/greenchemicals.eu\/de\/#website","url":"https:\/\/greenchemicals.eu\/de\/","name":"Greenchemicals","description":"","publisher":{"@id":"https:\/\/greenchemicals.eu\/de\/#organization"},"potentialAction":[{"@type":"SearchAction","target":{"@type":"EntryPoint","urlTemplate":"https:\/\/greenchemicals.eu\/de\/?s={search_term_string}"},"query-input":{"@type":"PropertyValueSpecification","valueRequired":true,"valueName":"search_term_string"}}],"inLanguage":"de"},{"@type":"Organization","@id":"https:\/\/greenchemicals.eu\/de\/#organization","name":"Greenchemicals","url":"https:\/\/greenchemicals.eu\/de\/","logo":{"@type":"ImageObject","inLanguage":"de","@id":"https:\/\/greenchemicals.eu\/de\/#\/schema\/logo\/image\/","url":"https:\/\/greenchemicals.eu\/wp-content\/uploads\/2025\/10\/logo-1.png","contentUrl":"https:\/\/greenchemicals.eu\/wp-content\/uploads\/2025\/10\/logo-1.png","width":1087,"height":235,"caption":"Greenchemicals"},"image":{"@id":"https:\/\/greenchemicals.eu\/de\/#\/schema\/logo\/image\/"}}]}},"_links":{"self":[{"href":"https:\/\/greenchemicals.eu\/de\/wp-json\/wp\/v2\/pages\/13065","targetHints":{"allow":["GET"]}}],"collection":[{"href":"https:\/\/greenchemicals.eu\/de\/wp-json\/wp\/v2\/pages"}],"about":[{"href":"https:\/\/greenchemicals.eu\/de\/wp-json\/wp\/v2\/types\/page"}],"author":[{"embeddable":true,"href":"https:\/\/greenchemicals.eu\/de\/wp-json\/wp\/v2\/users\/2"}],"replies":[{"embeddable":true,"href":"https:\/\/greenchemicals.eu\/de\/wp-json\/wp\/v2\/comments?post=13065"}],"version-history":[{"count":3,"href":"https:\/\/greenchemicals.eu\/de\/wp-json\/wp\/v2\/pages\/13065\/revisions"}],"predecessor-version":[{"id":13786,"href":"https:\/\/greenchemicals.eu\/de\/wp-json\/wp\/v2\/pages\/13065\/revisions\/13786"}],"up":[{"embeddable":true,"href":"https:\/\/greenchemicals.eu\/de\/wp-json\/wp\/v2\/pages\/13106"}],"wp:attachment":[{"href":"https:\/\/greenchemicals.eu\/de\/wp-json\/wp\/v2\/media?parent=13065"}],"curies":[{"name":"wp","href":"https:\/\/api.w.org\/{rel}","templated":true}]}}